{"id":58623,"date":"2017-06-07T18:55:11","date_gmt":"2017-06-07T18:55:11","guid":{"rendered":"https:\/\/mk-solutions.com\/?page_id=58623\/"},"modified":"2017-06-15T20:44:46","modified_gmt":"2017-06-15T20:44:46","slug":"handbuecher","status":"publish","type":"page","link":"https:\/\/www.mksolutions.com\/de\/mitgliederbereich\/handbuecher\/","title":{"rendered":"Handb\u00fccher"},"content":{"rendered":"<p>[vc_row row_height_percent=&#8221;0&#8243; override_padding=&#8221;yes&#8221; h_padding=&#8221;2&#8243; top_padding=&#8221;3&#8243; bottom_padding=&#8221;2&#8243; overlay_alpha=&#8221;50&#8243; gutter_size=&#8221;3&#8243; shift_y=&#8221;0&#8243;][vc_column column_width_percent=&#8221;100&#8243; align_horizontal=&#8221;align_center&#8221; overlay_alpha=&#8221;50&#8243; gutter_size=&#8221;3&#8243; medium_width=&#8221;0&#8243; mobile_width=&#8221;0&#8243; shift_x=&#8221;0&#8243; shift_y=&#8221;0&#8243; z_index=&#8221;0&#8243; width=&#8221;1\/1&#8243;][vc_custom_heading subheading=&#8221;Laden Sie sich Handb\u00fccher zu unseren Produkten herunter.&#8221;]Handb\u00fccher Downloads[\/vc_custom_heading][\/vc_column][\/vc_row][vc_row row_height_percent=&#8221;0&#8243; override_padding=&#8221;yes&#8221; h_padding=&#8221;2&#8243; top_padding=&#8221;2&#8243; bottom_padding=&#8221;4&#8243; overlay_alpha=&#8221;50&#8243; equal_height=&#8221;yes&#8221; gutter_size=&#8221;3&#8243; shift_y=&#8221;0&#8243;][vc_column column_width_percent=&#8221;100&#8243; align_horizontal=&#8221;align_center&#8221; overlay_alpha=&#8221;50&#8243; gutter_size=&#8221;3&#8243; medium_width=&#8221;0&#8243; mobile_width=&#8221;0&#8243; shift_x=&#8221;0&#8243; shift_y=&#8221;0&#8243; z_index=&#8221;0&#8243; width=&#8221;1\/2&#8243;][vc_icon icon=&#8221;fa fa-refresh2&#8243; icon_color=&#8221;accent&#8221; size=&#8221;fa-4x&#8221; title=&#8221;Neustart Anleitung&#8221;]Anleitung zum Neustarten der plc oder des gesamten Systems.[\/vc_icon][vc_button button_color=&#8221;accent&#8221; radius=&#8221;btn-circle&#8221; icon=&#8221;fa fa-download&#8221; link=&#8221;url:https%3A%2F%2Fmk-solutions.com%2Fwp-content%2Fuploads%2F2017%2F05%2FDoku_shut_down_system__DE-2.pdf||target:%20_blank|&#8221; rel=&#8221;download&#8221;]Download[\/vc_button][\/vc_column][vc_column column_width_percent=&#8221;100&#8243; align_horizontal=&#8221;align_center&#8221; overlay_alpha=&#8221;50&#8243; gutter_size=&#8221;3&#8243; medium_width=&#8221;0&#8243; mobile_width=&#8221;0&#8243; shift_x=&#8221;0&#8243; shift_y=&#8221;0&#8243; z_index=&#8221;0&#8243; width=&#8221;1\/2&#8243;][vc_icon icon=&#8221;fa fa-caution&#8221; icon_color=&#8221;accent&#8221; size=&#8221;fa-4x&#8221; title=&#8221;Troubleshooting Anleitung&#8221;]Eine umfangreiche Anleitung, die Ihnen eine schnelle L\u00f6sung f\u00fcr h\u00e4ufige Probleme erkl\u00e4rt.[\/vc_icon][vc_button button_color=&#8221;accent&#8221; radius=&#8221;btn-circle&#8221; icon=&#8221;fa fa-download&#8221; link=&#8221;url:https%3A%2F%2Fmk-solutions.com%2Fwp-content%2Fuploads%2F2017%2F05%2FTroubleshooting_FAQ_DE.pdf||target:%20_blank|&#8221; rel=&#8221;download&#8221;]Download[\/vc_button][\/vc_column][\/vc_row]<\/p>\n","protected":false},"excerpt":{"rendered":"<p>[vc_row row_height_percent=&#8221;0&#8243; override_padding=&#8221;yes&#8221; h_padding=&#8221;2&#8243; top_padding=&#8221;3&#8243; bottom_padding=&#8221;2&#8243; overlay_alpha=&#8221;50&#8243; gutter_size=&#8221;3&#8243; shift_y=&#8221;0&#8243;][vc_column column_width_percent=&#8221;100&#8243; align_horizontal=&#8221;align_center&#8221; overlay_alpha=&#8221;50&#8243; gutter_size=&#8221;3&#8243; medium_width=&#8221;0&#8243; mobile_width=&#8221;0&#8243; shift_x=&#8221;0&#8243; shift_y=&#8221;0&#8243; z_index=&#8221;0&#8243; width=&#8221;1\/1&#8243;][vc_custom_heading subheading=&#8221;Laden [&hellip;]<\/p>\n","protected":false},"author":1,"featured_media":0,"parent":58469,"menu_order":0,"comment_status":"closed","ping_status":"closed","template":"","meta":{"_bbp_topic_count":0,"_bbp_reply_count":0,"_bbp_total_topic_count":0,"_bbp_total_reply_count":0,"_bbp_voice_count":0,"_bbp_anonymous_reply_count":0,"_bbp_topic_count_hidden":0,"_bbp_reply_count_hidden":0,"_bbp_forum_subforum_count":0},"yoast_head":"<!-- This site is optimized with the Yoast SEO plugin v19.10 - https:\/\/yoast.com\/wordpress\/plugins\/seo\/ -->\n<title>Handb\u00fccher - mk Solutions<\/title>\n<meta name=\"description\" content=\"Handb\u00fccher\" \/>\n<meta name=\"robots\" content=\"index, follow, max-snippet:-1, max-image-preview:large, max-video-preview:-1\" \/>\n<link rel=\"canonical\" href=\"https:\/\/www.mksolutions.com\/de\/mitgliederbereich\/handbuecher\/\" \/>\n<meta property=\"og:locale\" content=\"de_DE\" \/>\n<meta property=\"og:type\" content=\"article\" \/>\n<meta property=\"og:title\" content=\"Handb\u00fccher - mk Solutions\" \/>\n<meta property=\"og:description\" content=\"Handb\u00fccher\" \/>\n<meta property=\"og:url\" content=\"https:\/\/www.mksolutions.com\/de\/mitgliederbereich\/handbuecher\/\" \/>\n<meta property=\"og:site_name\" content=\"mk Solutions\" \/>\n<meta property=\"article:modified_time\" content=\"2017-06-15T20:44:46+00:00\" \/>\n<meta name=\"twitter:card\" content=\"summary_large_image\" \/>\n<meta name=\"twitter:label1\" content=\"Gesch\u00e4tzte Lesezeit\" \/>\n\t<meta name=\"twitter:data1\" content=\"1\u00a0Minute\" \/>\n<script type=\"application\/ld+json\" class=\"yoast-schema-graph\">{\"@context\":\"https:\/\/schema.org\",\"@graph\":[{\"@type\":\"WebPage\",\"@id\":\"https:\/\/www.mksolutions.com\/de\/mitgliederbereich\/handbuecher\/\",\"url\":\"https:\/\/www.mksolutions.com\/de\/mitgliederbereich\/handbuecher\/\",\"name\":\"Handb\u00fccher - mk Solutions\",\"isPartOf\":{\"@id\":\"https:\/\/www.mksolutions.com\/en\/#website\"},\"datePublished\":\"2017-06-07T18:55:11+00:00\",\"dateModified\":\"2017-06-15T20:44:46+00:00\",\"description\":\"Handb\u00fccher\",\"breadcrumb\":{\"@id\":\"https:\/\/www.mksolutions.com\/de\/mitgliederbereich\/handbuecher\/#breadcrumb\"},\"inLanguage\":\"de\",\"potentialAction\":[{\"@type\":\"ReadAction\",\"target\":[\"https:\/\/www.mksolutions.com\/de\/mitgliederbereich\/handbuecher\/\"]}]},{\"@type\":\"BreadcrumbList\",\"@id\":\"https:\/\/www.mksolutions.com\/de\/mitgliederbereich\/handbuecher\/#breadcrumb\",\"itemListElement\":[{\"@type\":\"ListItem\",\"position\":1,\"name\":\"Home\",\"item\":\"https:\/\/www.mksolutions.com\/en\/\"},{\"@type\":\"ListItem\",\"position\":2,\"name\":\"Member area\",\"item\":\"https:\/\/www.mksolutions.com\/en\/member-area\/\"},{\"@type\":\"ListItem\",\"position\":3,\"name\":\"Handb\u00fccher\"}]},{\"@type\":\"WebSite\",\"@id\":\"https:\/\/www.mksolutions.com\/en\/#website\",\"url\":\"https:\/\/www.mksolutions.com\/en\/\",\"name\":\"mk Solutions\",\"description\":\"die Welt der Automation in Bibliotheken\",\"publisher\":{\"@id\":\"https:\/\/www.mksolutions.com\/en\/#organization\"},\"potentialAction\":[{\"@type\":\"SearchAction\",\"target\":{\"@type\":\"EntryPoint\",\"urlTemplate\":\"https:\/\/www.mksolutions.com\/en\/?s={search_term_string}\"},\"query-input\":\"required name=search_term_string\"}],\"inLanguage\":\"de\"},{\"@type\":\"Organization\",\"@id\":\"https:\/\/www.mksolutions.com\/en\/#organization\",\"name\":\"mk solution\",\"url\":\"https:\/\/www.mksolutions.com\/en\/\",\"logo\":{\"@type\":\"ImageObject\",\"inLanguage\":\"de\",\"@id\":\"https:\/\/www.mksolutions.com\/en\/#\/schema\/logo\/image\/\",\"url\":\"https:\/\/www.mksolutions.com\/wp-content\/uploads\/2017\/05\/cropped-mk_solutions_website_icon.png\",\"contentUrl\":\"https:\/\/www.mksolutions.com\/wp-content\/uploads\/2017\/05\/cropped-mk_solutions_website_icon.png\",\"width\":512,\"height\":512,\"caption\":\"mk solution\"},\"image\":{\"@id\":\"https:\/\/www.mksolutions.com\/en\/#\/schema\/logo\/image\/\"}}]}<\/script>\n<!-- \/ Yoast SEO plugin. -->","yoast_head_json":{"title":"Handb\u00fccher - mk Solutions","description":"Handb\u00fccher","robots":{"index":"index","follow":"follow","max-snippet":"max-snippet:-1","max-image-preview":"max-image-preview:large","max-video-preview":"max-video-preview:-1"},"canonical":"https:\/\/www.mksolutions.com\/de\/mitgliederbereich\/handbuecher\/","og_locale":"de_DE","og_type":"article","og_title":"Handb\u00fccher - mk Solutions","og_description":"Handb\u00fccher","og_url":"https:\/\/www.mksolutions.com\/de\/mitgliederbereich\/handbuecher\/","og_site_name":"mk Solutions","article_modified_time":"2017-06-15T20:44:46+00:00","twitter_card":"summary_large_image","twitter_misc":{"Gesch\u00e4tzte Lesezeit":"1\u00a0Minute"},"schema":{"@context":"https:\/\/schema.org","@graph":[{"@type":"WebPage","@id":"https:\/\/www.mksolutions.com\/de\/mitgliederbereich\/handbuecher\/","url":"https:\/\/www.mksolutions.com\/de\/mitgliederbereich\/handbuecher\/","name":"Handb\u00fccher - mk Solutions","isPartOf":{"@id":"https:\/\/www.mksolutions.com\/en\/#website"},"datePublished":"2017-06-07T18:55:11+00:00","dateModified":"2017-06-15T20:44:46+00:00","description":"Handb\u00fccher","breadcrumb":{"@id":"https:\/\/www.mksolutions.com\/de\/mitgliederbereich\/handbuecher\/#breadcrumb"},"inLanguage":"de","potentialAction":[{"@type":"ReadAction","target":["https:\/\/www.mksolutions.com\/de\/mitgliederbereich\/handbuecher\/"]}]},{"@type":"BreadcrumbList","@id":"https:\/\/www.mksolutions.com\/de\/mitgliederbereich\/handbuecher\/#breadcrumb","itemListElement":[{"@type":"ListItem","position":1,"name":"Home","item":"https:\/\/www.mksolutions.com\/en\/"},{"@type":"ListItem","position":2,"name":"Member area","item":"https:\/\/www.mksolutions.com\/en\/member-area\/"},{"@type":"ListItem","position":3,"name":"Handb\u00fccher"}]},{"@type":"WebSite","@id":"https:\/\/www.mksolutions.com\/en\/#website","url":"https:\/\/www.mksolutions.com\/en\/","name":"mk Solutions","description":"die Welt der Automation in Bibliotheken","publisher":{"@id":"https:\/\/www.mksolutions.com\/en\/#organization"},"potentialAction":[{"@type":"SearchAction","target":{"@type":"EntryPoint","urlTemplate":"https:\/\/www.mksolutions.com\/en\/?s={search_term_string}"},"query-input":"required name=search_term_string"}],"inLanguage":"de"},{"@type":"Organization","@id":"https:\/\/www.mksolutions.com\/en\/#organization","name":"mk solution","url":"https:\/\/www.mksolutions.com\/en\/","logo":{"@type":"ImageObject","inLanguage":"de","@id":"https:\/\/www.mksolutions.com\/en\/#\/schema\/logo\/image\/","url":"https:\/\/www.mksolutions.com\/wp-content\/uploads\/2017\/05\/cropped-mk_solutions_website_icon.png","contentUrl":"https:\/\/www.mksolutions.com\/wp-content\/uploads\/2017\/05\/cropped-mk_solutions_website_icon.png","width":512,"height":512,"caption":"mk solution"},"image":{"@id":"https:\/\/www.mksolutions.com\/en\/#\/schema\/logo\/image\/"}}]}},"_links":{"self":[{"href":"https:\/\/www.mksolutions.com\/de\/wp-json\/wp\/v2\/pages\/58623"}],"collection":[{"href":"https:\/\/www.mksolutions.com\/de\/wp-json\/wp\/v2\/pages"}],"about":[{"href":"https:\/\/www.mksolutions.com\/de\/wp-json\/wp\/v2\/types\/page"}],"author":[{"embeddable":true,"href":"https:\/\/www.mksolutions.com\/de\/wp-json\/wp\/v2\/users\/1"}],"replies":[{"embeddable":true,"href":"https:\/\/www.mksolutions.com\/de\/wp-json\/wp\/v2\/comments?post=58623"}],"version-history":[{"count":6,"href":"https:\/\/www.mksolutions.com\/de\/wp-json\/wp\/v2\/pages\/58623\/revisions"}],"predecessor-version":[{"id":58642,"href":"https:\/\/www.mksolutions.com\/de\/wp-json\/wp\/v2\/pages\/58623\/revisions\/58642"}],"up":[{"embeddable":true,"href":"https:\/\/www.mksolutions.com\/de\/wp-json\/wp\/v2\/pages\/58469"}],"wp:attachment":[{"href":"https:\/\/www.mksolutions.com\/de\/wp-json\/wp\/v2\/media?parent=58623"}],"curies":[{"name":"wp","href":"https:\/\/api.w.org\/{rel}","templated":true}]}}