{"id":58415,"date":"2017-06-06T17:09:29","date_gmt":"2017-06-06T17:09:29","guid":{"rendered":"https:\/\/mk-solutions.com\/?page_id=58415\/"},"modified":"2024-10-18T10:45:47","modified_gmt":"2024-10-18T08:45:47","slug":"em-barcode-technologie","status":"publish","type":"page","link":"https:\/\/www.mksolutions.com\/de\/em-barcode-technologie\/","title":{"rendered":"EM \/ Barcode Technologie"},"content":{"rendered":"<p>[vc_row row_height_percent=&#8221;0&#8243; override_padding=&#8221;yes&#8221; h_padding=&#8221;2&#8243; top_padding=&#8221;3&#8243; bottom_padding=&#8221;0&#8243; back_color=&#8221;color-lxmt&#8221; overlay_alpha=&#8221;50&#8243; gutter_size=&#8221;3&#8243; shift_y=&#8221;0&#8243;][vc_column width=&#8221;1\/1&#8243;][\/vc_column][\/vc_row][vc_row row_height_percent=&#8221;0&#8243; override_padding=&#8221;yes&#8221; h_padding=&#8221;2&#8243; top_padding=&#8221;0&#8243; bottom_padding=&#8221;0&#8243; back_color=&#8221;color-lxmt&#8221; overlay_alpha=&#8221;50&#8243; gutter_size=&#8221;3&#8243; shift_y=&#8221;0&#8243;][vc_column width=&#8221;1\/1&#8243;][vc_raw_html]JTNDZGl2JTIwY2xhc3MlM0QlMjJtb2JpbGUtbWVudS10b2dnbGUlMjIlM0VUZWNobm9sb2dpZSUyMHclQzMlQTRobGVuJTNDaSUyMGNsYXNzJTNEJTIyZmElMjBmYS1hbmdsZS1kb3duJTIyJTIwYXJpYS1oaWRkZW4lM0QlMjJ0cnVlJTIyJTNFJTNDJTJGaSUzRSUzQyUyRmRpdiUzRQ==[\/vc_raw_html][\/vc_column][\/vc_row][vc_row row_height_percent=&#8221;0&#8243; override_padding=&#8221;yes&#8221; h_padding=&#8221;2&#8243; top_padding=&#8221;0&#8243; bottom_padding=&#8221;0&#8243; back_color=&#8221;color-lxmt&#8221; overlay_alpha=&#8221;50&#8243; gutter_size=&#8221;3&#8243; shift_y=&#8221;0&#8243; el_class=&#8221;product-subnav&#8221;][vc_column width=&#8221;1\/1&#8243;][vc_column_text el_class=&#8221;subnav_product&#8221;]<\/p>\n<ul>\n<li><a href=\"\/technologie-rfid\/\">RFID<\/a><\/li>\n<li><a class=\"active\" href=\"\/em-barcode-technologie\/\">Barcode \/ EM<\/a><\/li>\n<li><a href=\"\/hybrid-technologie\/\">Hybrid<\/a><\/li>\n<\/ul>\n<p>[\/vc_column_text][\/vc_column][\/vc_row][vc_row row_height_percent=&#8221;0&#8243; override_padding=&#8221;yes&#8221; h_padding=&#8221;2&#8243; top_padding=&#8221;3&#8243; bottom_padding=&#8221;4&#8243; back_color=&#8221;color-lxmt&#8221; overlay_alpha=&#8221;100&#8243; gutter_size=&#8221;100&#8243; shift_y=&#8221;0&#8243; style=&#8221;dark&#8221;][vc_column column_width_use_pixel=&#8221;yes&#8221; align_horizontal=&#8221;align_center&#8221; overlay_alpha=&#8221;100&#8243; gutter_size=&#8221;3&#8243; medium_width=&#8221;0&#8243; shift_x=&#8221;0&#8243; shift_y=&#8221;0&#8243; zoom_width=&#8221;0&#8243; zoom_height=&#8221;0&#8243; width=&#8221;1\/1&#8243; column_width_pixel=&#8221;800&#8243;][vc_custom_heading text_size=&#8221;&#8221; text_weight=&#8221;500&#8243; text_transform=&#8221;uppercase&#8221; separator=&#8221;yes&#8221; sub_lead=&#8221;yes&#8221; sub_reduced=&#8221;yes&#8221; subheading=&#8221;Die bekannte und bew\u00e4hrte Technologie. Die elektromagnetische Buchsicherung wurde in den 70er Jahren von den ersten Bibliotheken eingef\u00fchrt.&#8221;]EM \/ Barcode[\/vc_custom_heading][\/vc_column][\/vc_row][vc_row row_height_percent=&#8221;0&#8243; override_padding=&#8221;yes&#8221; h_padding=&#8221;2&#8243; top_padding=&#8221;3&#8243; bottom_padding=&#8221;3&#8243; back_color=&#8221;color-xsdn&#8221; overlay_alpha=&#8221;50&#8243; equal_height=&#8221;yes&#8221; gutter_size=&#8221;3&#8243; shift_y=&#8221;0&#8243;][vc_column column_width_percent=&#8221;100&#8243; position_vertical=&#8221;middle&#8221; override_padding=&#8221;yes&#8221; column_padding=&#8221;2&#8243; overlay_alpha=&#8221;50&#8243; gutter_size=&#8221;3&#8243; medium_width=&#8221;0&#8243; mobile_width=&#8221;0&#8243; shift_x=&#8221;0&#8243; shift_y=&#8221;0&#8243; z_index=&#8221;0&#8243; width=&#8221;1\/2&#8243;][vc_single_image media=&#8221;58431&#8243; media_width_percent=&#8221;100&#8243;][\/vc_column][vc_column column_width_percent=&#8221;100&#8243; position_vertical=&#8221;middle&#8221; override_padding=&#8221;yes&#8221; column_padding=&#8221;2&#8243; overlay_alpha=&#8221;50&#8243; gutter_size=&#8221;3&#8243; medium_width=&#8221;0&#8243; mobile_width=&#8221;0&#8243; shift_x=&#8221;0&#8243; shift_y=&#8221;0&#8243; z_index=&#8221;0&#8243; width=&#8221;1\/2&#8243;][vc_column_text]<\/p>\n<h3>Die Technologie<\/h3>\n<p>Sie hat sich bis heute als eine sehr zuverl\u00e4ssige Methode zur Sicherung von Medien bew\u00e4hrt. Mit der Einf\u00fchrung des Barcode war der Grundstein f\u00fcr die Selbstverbuchung in Bibliotheken gelegt. mk arbeitet bei dieser Technologie weltweit mit namhaften Partnern f\u00fcr Komponenten zusammen und bietet Ihnen die komplette Produktpalette in den verschiedensten Ausf\u00fchrungen, von der einfachen Selbstverbuchung bis hin zur komplexen und vollautomatischen Medienr\u00fcckgabe und -sortierung.[\/vc_column_text][\/vc_column][\/vc_row][vc_row row_height_percent=&#8221;0&#8243; override_padding=&#8221;yes&#8221; h_padding=&#8221;2&#8243; top_padding=&#8221;4&#8243; bottom_padding=&#8221;4&#8243; back_color=&#8221;color-lxmt&#8221; overlay_alpha=&#8221;90&#8243; gutter_size=&#8221;100&#8243; shift_y=&#8221;0&#8243; style=&#8221;inherited&#8221;][vc_column column_width_percent=&#8221;100&#8243; position_horizontal=&#8221;left&#8221; align_horizontal=&#8221;align_center&#8221; overlay_alpha=&#8221;100&#8243; gutter_size=&#8221;4&#8243; medium_width=&#8221;0&#8243; shift_x=&#8221;0&#8243; shift_y=&#8221;0&#8243; zoom_width=&#8221;0&#8243; zoom_height=&#8221;0&#8243; width=&#8221;1\/1&#8243;][vc_custom_heading heading_semantic=&#8221;h3&#8243; text_size=&#8221;&#8221; text_weight=&#8221;500&#8243; text_transform=&#8221;uppercase&#8221; text_color=&#8221;color-wayh&#8221; separator=&#8221;yes&#8221; sub_lead=&#8221;yes&#8221; sub_reduced=&#8221;yes&#8221;]EM \/ Barcode\u00a0Features[\/vc_custom_heading][vc_row_inner row_inner_height_percent=&#8221;0&#8243; overlay_alpha=&#8221;100&#8243; gutter_size=&#8221;3&#8243; shift_y=&#8221;0&#8243;][vc_column_inner column_width_percent=&#8221;100&#8243; style=&#8221;light&#8221; gutter_size=&#8221;3&#8243; overlay_alpha=&#8221;100&#8243; medium_width=&#8221;3&#8243; mobile_width=&#8221;0&#8243; shift_x=&#8221;0&#8243; shift_y=&#8221;0&#8243; z_index=&#8221;0&#8243; zoom_width=&#8221;0&#8243; zoom_height=&#8221;0&#8243; width=&#8221;1\/3&#8243;][vc_icon position=&#8221;left&#8221; icon=&#8221;fa fa-piechart&#8221; icon_color=&#8221;accent&#8221; size=&#8221;fa-2x&#8221; text_size=&#8221;h5&#8243; css_animation=&#8221;bottom-t-top&#8221; animation_delay=&#8221;200&#8243; align=&#8221;left&#8221; title=&#8221;Zuverl\u00e4ssig&#8221;]Bew\u00e4hrte und\u00a0zuverl\u00e4ssige Methode zur Sicherung von Medien.[\/vc_icon][\/vc_column_inner][vc_column_inner column_width_percent=&#8221;100&#8243; style=&#8221;light&#8221; gutter_size=&#8221;3&#8243; overlay_alpha=&#8221;100&#8243; medium_width=&#8221;3&#8243; mobile_width=&#8221;0&#8243; shift_x=&#8221;0&#8243; shift_y=&#8221;0&#8243; z_index=&#8221;0&#8243; zoom_width=&#8221;0&#8243; zoom_height=&#8221;0&#8243; width=&#8221;1\/3&#8243;][vc_icon position=&#8221;left&#8221; icon=&#8221;fa fa-laptop2&#8243; icon_color=&#8221;accent&#8221; size=&#8221;fa-2x&#8221; text_size=&#8221;h5&#8243; css_animation=&#8221;bottom-t-top&#8221; animation_delay=&#8221;400&#8243; align=&#8221;left&#8221; title=&#8221;Selbstverbuchung&#8221;]EM bildet die grundlegenden Technologie zur\u00a0Selbstverbuchung.[\/vc_icon][\/vc_column_inner][vc_column_inner column_width_percent=&#8221;100&#8243; style=&#8221;light&#8221; gutter_size=&#8221;3&#8243; overlay_alpha=&#8221;100&#8243; medium_width=&#8221;3&#8243; mobile_width=&#8221;0&#8243; shift_x=&#8221;0&#8243; shift_y=&#8221;0&#8243; z_index=&#8221;0&#8243; zoom_width=&#8221;0&#8243; zoom_height=&#8221;0&#8243; width=&#8221;1\/3&#8243;][vc_icon position=&#8221;left&#8221; icon=&#8221;fa fa-gears2&#8243; icon_color=&#8221;accent&#8221; size=&#8221;fa-2x&#8221; text_size=&#8221;h5&#8243; css_animation=&#8221;bottom-t-top&#8221; animation_delay=&#8221;600&#8243; align=&#8221;left&#8221; title=&#8221;Medienr\u00fcckgabe&#8221;]Vollautomatische Medienr\u00fcckgabe und -sortierung mittels EM m\u00f6glich.[\/vc_icon][\/vc_column_inner][\/vc_row_inner][\/vc_column][\/vc_row][vc_row row_height_percent=&#8221;0&#8243; override_padding=&#8221;yes&#8221; h_padding=&#8221;2&#8243; top_padding=&#8221;3&#8243; bottom_padding=&#8221;3&#8243; overlay_alpha=&#8221;50&#8243; gutter_size=&#8221;3&#8243; shift_y=&#8221;0&#8243;][vc_column column_width_percent=&#8221;100&#8243; align_horizontal=&#8221;align_center&#8221; overlay_alpha=&#8221;50&#8243; gutter_size=&#8221;3&#8243; medium_width=&#8221;0&#8243; mobile_width=&#8221;0&#8243; shift_x=&#8221;0&#8243; shift_y=&#8221;0&#8243; z_index=&#8221;0&#8243; width=&#8221;1\/1&#8243;][vc_custom_heading text_size=&#8221;&#8221; text_weight=&#8221;500&#8243; text_transform=&#8221;uppercase&#8221; separator=&#8221;yes&#8221; sub_lead=&#8221;yes&#8221; sub_reduced=&#8221;yes&#8221;]Links[\/vc_custom_heading][vc_empty_space empty_h=&#8221;2&#8243;][vc_row_inner row_inner_height_percent=&#8221;0&#8243; overlay_alpha=&#8221;50&#8243; gutter_size=&#8221;3&#8243; shift_y=&#8221;0&#8243; css=&#8221;.vc_custom_1497534322611{margin-top: 20px !important;}&#8221;][vc_column_inner column_width_percent=&#8221;100&#8243; gutter_size=&#8221;3&#8243; overlay_alpha=&#8221;50&#8243; desktop_visibility=&#8221;yes&#8221; medium_visibility=&#8221;yes&#8221; medium_width=&#8221;0&#8243; mobile_visibility=&#8221;yes&#8221; mobile_width=&#8221;0&#8243; shift_x=&#8221;0&#8243; shift_y=&#8221;0&#8243; z_index=&#8221;0&#8243; width=&#8221;1\/12&#8243;][\/vc_column_inner][vc_column_inner width=&#8221;2\/12&#8243;][vc_button button_color=&#8221;accent&#8221; radius=&#8221;btn-circle&#8221; wide=&#8221;yes&#8221; link=&#8221;url:https%3A%2F%2Fmk-solutions.com%2Frfid-tags%2F|||&#8221;]RFID Tags[\/vc_button][\/vc_column_inner][vc_column_inner width=&#8221;2\/12&#8243;][vc_button button_color=&#8221;accent&#8221; radius=&#8221;btn-circle&#8221; wide=&#8221;yes&#8221; link=&#8221;url:https%3A%2F%2Fmk-solutions.com%2Fselbstverbucher-sc1%2F|||&#8221;]Selfchecks[\/vc_button][\/vc_column_inner][vc_column_inner width=&#8221;2\/12&#8243;][vc_button button_color=&#8221;accent&#8221; radius=&#8221;btn-circle&#8221; wide=&#8221;yes&#8221; link=&#8221;url:https%3A%2F%2Fmk-solutions.com%2Frfid-gates%2F|||&#8221;]RFID Gates[\/vc_button][\/vc_column_inner][vc_column_inner width=&#8221;2\/12&#8243;][vc_button button_color=&#8221;accent&#8221; radius=&#8221;btn-circle&#8221; wide=&#8221;yes&#8221; link=&#8221;url:https%3A%2F%2Fmk-solutions.com%2Frueckgabe-sortierung%2F|||&#8221;]R\u00fcckgabesysteme[\/vc_button][\/vc_column_inner][vc_column_inner width=&#8221;2\/12&#8243;][vc_button button_color=&#8221;accent&#8221; radius=&#8221;btn-circle&#8221; wide=&#8221;yes&#8221; link=&#8221;url:https%3A%2F%2Fmk-solutions.com%2Flibdispenser%2F|||&#8221;]LibDispenser[\/vc_button][\/vc_column_inner][vc_column_inner column_width_percent=&#8221;100&#8243; gutter_size=&#8221;3&#8243; overlay_alpha=&#8221;50&#8243; desktop_visibility=&#8221;yes&#8221; medium_visibility=&#8221;yes&#8221; medium_width=&#8221;0&#8243; mobile_visibility=&#8221;yes&#8221; mobile_width=&#8221;0&#8243; shift_x=&#8221;0&#8243; shift_y=&#8221;0&#8243; z_index=&#8221;0&#8243; width=&#8221;1\/12&#8243;][\/vc_column_inner][\/vc_row_inner][\/vc_column][\/vc_row]<\/p>","protected":false},"excerpt":{"rendered":"<p>[vc_row row_height_percent=&#8221;0&#8243; override_padding=&#8221;yes&#8221; h_padding=&#8221;2&#8243; top_padding=&#8221;3&#8243; bottom_padding=&#8221;0&#8243; back_color=&#8221;color-lxmt&#8221; overlay_alpha=&#8221;50&#8243; gutter_size=&#8221;3&#8243; shift_y=&#8221;0&#8243;][vc_column width=&#8221;1\/1&#8243;][\/vc_column][\/vc_row][vc_row row_height_percent=&#8221;0&#8243; override_padding=&#8221;yes&#8221; h_padding=&#8221;2&#8243; top_padding=&#8221;0&#8243; bottom_padding=&#8221;0&#8243; back_color=&#8221;color-lxmt&#8221; overlay_alpha=&#8221;50&#8243; gutter_size=&#8221;3&#8243; shift_y=&#8221;0&#8243;][vc_column [&hellip;]<\/p>\n","protected":false},"author":1,"featured_media":58432,"parent":0,"menu_order":0,"comment_status":"closed","ping_status":"closed","template":"","meta":{"_bbp_topic_count":0,"_bbp_reply_count":0,"_bbp_total_topic_count":0,"_bbp_total_reply_count":0,"_bbp_voice_count":0,"_bbp_anonymous_reply_count":0,"_bbp_topic_count_hidden":0,"_bbp_reply_count_hidden":0,"_bbp_forum_subforum_count":0},"yoast_head":"<!-- This site is optimized with the Yoast SEO plugin v19.10 - https:\/\/yoast.com\/wordpress\/plugins\/seo\/ -->\n<title>EM \/ Barcode Technologie - mk Solutions<\/title>\n<meta name=\"description\" content=\"EM \/ Barcode Technologie\" \/>\n<meta name=\"robots\" content=\"index, follow, max-snippet:-1, max-image-preview:large, max-video-preview:-1\" \/>\n<link rel=\"canonical\" href=\"https:\/\/www.mksolutions.com\/en\/em-barcode-technology\/\" \/>\n<meta property=\"og:locale\" content=\"de_DE\" \/>\n<meta property=\"og:type\" content=\"article\" \/>\n<meta property=\"og:title\" content=\"EM \/ Barcode Technologie - mk Solutions\" \/>\n<meta property=\"og:description\" content=\"EM \/ Barcode Technologie\" \/>\n<meta property=\"og:url\" content=\"https:\/\/www.mksolutions.com\/en\/em-barcode-technology\/\" \/>\n<meta property=\"og:site_name\" content=\"mk Solutions\" \/>\n<meta property=\"article:modified_time\" content=\"2024-10-18T08:45:47+00:00\" \/>\n<meta name=\"twitter:card\" content=\"summary_large_image\" \/>\n<meta name=\"twitter:label1\" content=\"Gesch\u00e4tzte Lesezeit\" \/>\n\t<meta name=\"twitter:data1\" content=\"14\u00a0Minuten\" \/>\n<script type=\"application\/ld+json\" class=\"yoast-schema-graph\">{\"@context\":\"https:\/\/schema.org\",\"@graph\":[{\"@type\":\"WebPage\",\"@id\":\"https:\/\/www.mksolutions.com\/en\/em-barcode-technology\/\",\"url\":\"https:\/\/www.mksolutions.com\/en\/em-barcode-technology\/\",\"name\":\"EM \/ Barcode Technologie - mk Solutions\",\"isPartOf\":{\"@id\":\"https:\/\/www.mksolutions.com\/en\/#website\"},\"datePublished\":\"2017-06-06T17:09:29+00:00\",\"dateModified\":\"2024-10-18T08:45:47+00:00\",\"description\":\"EM \/ Barcode Technologie\",\"breadcrumb\":{\"@id\":\"https:\/\/www.mksolutions.com\/en\/em-barcode-technology\/#breadcrumb\"},\"inLanguage\":\"de\",\"potentialAction\":[{\"@type\":\"ReadAction\",\"target\":[\"https:\/\/www.mksolutions.com\/en\/em-barcode-technology\/\"]}]},{\"@type\":\"BreadcrumbList\",\"@id\":\"https:\/\/www.mksolutions.com\/en\/em-barcode-technology\/#breadcrumb\",\"itemListElement\":[{\"@type\":\"ListItem\",\"position\":1,\"name\":\"Home\",\"item\":\"https:\/\/www.mksolutions.com\/en\/\"},{\"@type\":\"ListItem\",\"position\":2,\"name\":\"EM \/ Barcode Technology\"}]},{\"@type\":\"WebSite\",\"@id\":\"https:\/\/www.mksolutions.com\/en\/#website\",\"url\":\"https:\/\/www.mksolutions.com\/en\/\",\"name\":\"mk Solutions\",\"description\":\"die Welt der Automation in Bibliotheken\",\"publisher\":{\"@id\":\"https:\/\/www.mksolutions.com\/en\/#organization\"},\"potentialAction\":[{\"@type\":\"SearchAction\",\"target\":{\"@type\":\"EntryPoint\",\"urlTemplate\":\"https:\/\/www.mksolutions.com\/en\/?s={search_term_string}\"},\"query-input\":\"required name=search_term_string\"}],\"inLanguage\":\"de\"},{\"@type\":\"Organization\",\"@id\":\"https:\/\/www.mksolutions.com\/en\/#organization\",\"name\":\"mk solution\",\"url\":\"https:\/\/www.mksolutions.com\/en\/\",\"logo\":{\"@type\":\"ImageObject\",\"inLanguage\":\"de\",\"@id\":\"https:\/\/www.mksolutions.com\/en\/#\/schema\/logo\/image\/\",\"url\":\"https:\/\/www.mksolutions.com\/wp-content\/uploads\/2017\/05\/cropped-mk_solutions_website_icon.png\",\"contentUrl\":\"https:\/\/www.mksolutions.com\/wp-content\/uploads\/2017\/05\/cropped-mk_solutions_website_icon.png\",\"width\":512,\"height\":512,\"caption\":\"mk solution\"},\"image\":{\"@id\":\"https:\/\/www.mksolutions.com\/en\/#\/schema\/logo\/image\/\"}}]}<\/script>\n<!-- \/ Yoast SEO plugin. -->","yoast_head_json":{"title":"EM \/ Barcode Technologie - mk Solutions","description":"EM \/ Barcode Technologie","robots":{"index":"index","follow":"follow","max-snippet":"max-snippet:-1","max-image-preview":"max-image-preview:large","max-video-preview":"max-video-preview:-1"},"canonical":"https:\/\/www.mksolutions.com\/en\/em-barcode-technology\/","og_locale":"de_DE","og_type":"article","og_title":"EM \/ Barcode Technologie - mk Solutions","og_description":"EM \/ Barcode Technologie","og_url":"https:\/\/www.mksolutions.com\/en\/em-barcode-technology\/","og_site_name":"mk Solutions","article_modified_time":"2024-10-18T08:45:47+00:00","twitter_card":"summary_large_image","twitter_misc":{"Gesch\u00e4tzte Lesezeit":"14\u00a0Minuten"},"schema":{"@context":"https:\/\/schema.org","@graph":[{"@type":"WebPage","@id":"https:\/\/www.mksolutions.com\/en\/em-barcode-technology\/","url":"https:\/\/www.mksolutions.com\/en\/em-barcode-technology\/","name":"EM \/ Barcode Technologie - mk Solutions","isPartOf":{"@id":"https:\/\/www.mksolutions.com\/en\/#website"},"datePublished":"2017-06-06T17:09:29+00:00","dateModified":"2024-10-18T08:45:47+00:00","description":"EM \/ Barcode Technologie","breadcrumb":{"@id":"https:\/\/www.mksolutions.com\/en\/em-barcode-technology\/#breadcrumb"},"inLanguage":"de","potentialAction":[{"@type":"ReadAction","target":["https:\/\/www.mksolutions.com\/en\/em-barcode-technology\/"]}]},{"@type":"BreadcrumbList","@id":"https:\/\/www.mksolutions.com\/en\/em-barcode-technology\/#breadcrumb","itemListElement":[{"@type":"ListItem","position":1,"name":"Home","item":"https:\/\/www.mksolutions.com\/en\/"},{"@type":"ListItem","position":2,"name":"EM \/ Barcode Technology"}]},{"@type":"WebSite","@id":"https:\/\/www.mksolutions.com\/en\/#website","url":"https:\/\/www.mksolutions.com\/en\/","name":"mk Solutions","description":"die Welt der Automation in Bibliotheken","publisher":{"@id":"https:\/\/www.mksolutions.com\/en\/#organization"},"potentialAction":[{"@type":"SearchAction","target":{"@type":"EntryPoint","urlTemplate":"https:\/\/www.mksolutions.com\/en\/?s={search_term_string}"},"query-input":"required name=search_term_string"}],"inLanguage":"de"},{"@type":"Organization","@id":"https:\/\/www.mksolutions.com\/en\/#organization","name":"mk solution","url":"https:\/\/www.mksolutions.com\/en\/","logo":{"@type":"ImageObject","inLanguage":"de","@id":"https:\/\/www.mksolutions.com\/en\/#\/schema\/logo\/image\/","url":"https:\/\/www.mksolutions.com\/wp-content\/uploads\/2017\/05\/cropped-mk_solutions_website_icon.png","contentUrl":"https:\/\/www.mksolutions.com\/wp-content\/uploads\/2017\/05\/cropped-mk_solutions_website_icon.png","width":512,"height":512,"caption":"mk solution"},"image":{"@id":"https:\/\/www.mksolutions.com\/en\/#\/schema\/logo\/image\/"}}]}},"_links":{"self":[{"href":"https:\/\/www.mksolutions.com\/de\/wp-json\/wp\/v2\/pages\/58415"}],"collection":[{"href":"https:\/\/www.mksolutions.com\/de\/wp-json\/wp\/v2\/pages"}],"about":[{"href":"https:\/\/www.mksolutions.com\/de\/wp-json\/wp\/v2\/types\/page"}],"author":[{"embeddable":true,"href":"https:\/\/www.mksolutions.com\/de\/wp-json\/wp\/v2\/users\/1"}],"replies":[{"embeddable":true,"href":"https:\/\/www.mksolutions.com\/de\/wp-json\/wp\/v2\/comments?post=58415"}],"version-history":[{"count":30,"href":"https:\/\/www.mksolutions.com\/de\/wp-json\/wp\/v2\/pages\/58415\/revisions"}],"predecessor-version":[{"id":63573,"href":"https:\/\/www.mksolutions.com\/de\/wp-json\/wp\/v2\/pages\/58415\/revisions\/63573"}],"wp:featuredmedia":[{"embeddable":true,"href":"https:\/\/www.mksolutions.com\/de\/wp-json\/wp\/v2\/media\/58432"}],"wp:attachment":[{"href":"https:\/\/www.mksolutions.com\/de\/wp-json\/wp\/v2\/media?parent=58415"}],"curies":[{"name":"wp","href":"https:\/\/api.w.org\/{rel}","templated":true}]}}