{"id":58216,"date":"2017-06-05T15:07:28","date_gmt":"2017-06-05T15:07:28","guid":{"rendered":"https:\/\/mk-solutions.com\/?page_id=58216"},"modified":"2024-10-18T11:03:32","modified_gmt":"2024-10-18T09:03:32","slug":"management-tool-2","status":"publish","type":"page","link":"https:\/\/www.mksolutions.com\/de\/management-tool\/","title":{"rendered":"Management Tool"},"content":{"rendered":"<p>[vc_row row_height_percent=&#8221;0&#8243; override_padding=&#8221;yes&#8221; h_padding=&#8221;2&#8243; top_padding=&#8221;4&#8243; bottom_padding=&#8221;4&#8243; back_color=&#8221;color-lxmt&#8221; overlay_alpha=&#8221;50&#8243; gutter_size=&#8221;3&#8243; shift_y=&#8221;0&#8243; row_name=&#8221;Management Tool&#8221;][vc_column column_width_percent=&#8221;100&#8243; position_vertical=&#8221;middle&#8221; override_padding=&#8221;yes&#8221; column_padding=&#8221;2&#8243; overlay_alpha=&#8221;50&#8243; gutter_size=&#8221;3&#8243; medium_width=&#8221;4&#8243; shift_x=&#8221;0&#8243; shift_y=&#8221;0&#8243; zoom_width=&#8221;0&#8243; zoom_height=&#8221;0&#8243; width=&#8221;1\/2&#8243;][vc_single_image media=&#8221;62166&#8243; media_width_use_pixel=&#8221;yes&#8221; alignment=&#8221;center&#8221; image=&#8221;2286&#8243; border_color=&#8221;grey&#8221; img_link_target=&#8221;_self&#8221; img_size=&#8221;full&#8221; media_width_pixel=&#8221;350&#8243;][\/vc_column][vc_column column_width_percent=&#8221;100&#8243; position_vertical=&#8221;middle&#8221; overlay_alpha=&#8221;50&#8243; gutter_size=&#8221;3&#8243; medium_width=&#8221;4&#8243; shift_x=&#8221;0&#8243; shift_y=&#8221;0&#8243; zoom_width=&#8221;0&#8243; zoom_height=&#8221;0&#8243; width=&#8221;1\/2&#8243;][vc_icon position=&#8221;left&#8221; icon=&#8221;fa fa-notebook&#8221; size=&#8221;fa-3x&#8221; text_weight=&#8221;300&#8243; align=&#8221;left&#8221; title=&#8221;Zentrale Verwaltung&#8221;]Alle Einstellungen und Konfigurationen zentral und von jedem Bibliotheks- PC aus steuern[\/vc_icon][vc_separator][vc_icon position=&#8221;left&#8221; icon=&#8221;fa fa-search2&#8243; size=&#8221;fa-3x&#8221; text_weight=&#8221;300&#8243; align=&#8221;left&#8221; title=&#8221;\u00dcbersicht&#8221;]Management-Werkzeug zur \u00dcbersicht s\u00e4mtlicher Bibliotheksinstallationen und \u2013anlagen[\/vc_icon][vc_separator][vc_icon position=&#8221;left&#8221; icon=&#8221;fa fa-bargraph&#8221; size=&#8221;fa-3x&#8221; text_weight=&#8221;300&#8243; align=&#8221;left&#8221; title=&#8221;Auswertung&#8221;]Der mk LibManager stellt Statistiken von allen verwendeten Systemen und Produkten zur Verf\u00fcgung[\/vc_icon][\/vc_column][\/vc_row][vc_row row_height_percent=&#8221;0&#8243; override_padding=&#8221;yes&#8221; h_padding=&#8221;2&#8243; top_padding=&#8221;3&#8243; bottom_padding=&#8221;2&#8243; overlay_alpha=&#8221;50&#8243; equal_height=&#8221;yes&#8221; gutter_size=&#8221;3&#8243; shift_y=&#8221;0&#8243; row_name=&#8221;Produktdetails&#8221;][vc_column width=&#8221;1\/2&#8243;][vc_custom_heading text_weight=&#8221;300&#8243;]Produktdetails.[\/vc_custom_heading][vc_column_text]Alle mk Produkte inkludieren den web-basierten mk LibManager und bieten Bibliothekspersonal eine zentrale Verwaltungs- und \u00dcberwachungsm\u00f6glichkeit.[\/vc_column_text][\/vc_column][vc_column column_width_percent=&#8221;100&#8243; position_vertical=&#8221;bottom&#8221; align_horizontal=&#8221;align_right&#8221; overlay_alpha=&#8221;50&#8243; gutter_size=&#8221;3&#8243; medium_width=&#8221;0&#8243; mobile_width=&#8221;0&#8243; shift_x=&#8221;0&#8243; shift_y=&#8221;0&#8243; z_index=&#8221;0&#8243; width=&#8221;1\/2&#8243; el_class=&#8221;btn-mob-left&#8221;][vc_button button_color=&#8221;accent&#8221; radius=&#8221;btn-circle&#8221; link=&#8221;url:%2Fkontakt|||&#8221;]Produkt anfragen[\/vc_button][\/vc_column][\/vc_row][vc_row][vc_column width=&#8221;1\/1&#8243;][vc_separator][\/vc_column][\/vc_row][vc_row row_height_percent=&#8221;0&#8243; override_padding=&#8221;yes&#8221; h_padding=&#8221;2&#8243; top_padding=&#8221;0&#8243; bottom_padding=&#8221;0&#8243; overlay_alpha=&#8221;50&#8243; gutter_size=&#8221;3&#8243; shift_y=&#8221;0&#8243;][vc_column column_width_percent=&#8221;100&#8243; override_padding=&#8221;yes&#8221; column_padding=&#8221;0&#8243; overlay_alpha=&#8221;50&#8243; gutter_size=&#8221;3&#8243; medium_width=&#8221;4&#8243; mobile_width=&#8221;0&#8243; shift_x=&#8221;0&#8243; shift_y=&#8221;0&#8243; z_index=&#8221;0&#8243; zoom_width=&#8221;0&#8243; zoom_height=&#8221;0&#8243; width=&#8221;1\/4&#8243;][vc_custom_heading heading_semantic=&#8221;h3&#8243; text_size=&#8221;h3&#8243; text_weight=&#8221;300&#8243;]Vorteile[\/vc_custom_heading][\/vc_column][vc_column column_width_percent=&#8221;100&#8243; position_vertical=&#8221;middle&#8221; overlay_alpha=&#8221;50&#8243; gutter_size=&#8221;3&#8243; medium_width=&#8221;4&#8243; shift_x=&#8221;0&#8243; shift_y=&#8221;0&#8243; zoom_width=&#8221;0&#8243; zoom_height=&#8221;0&#8243; width=&#8221;3\/4&#8243;][vc_column_text]<\/p>\n<ul>\n<li>Management-Werkzeug zur Verwaltung und \u00dcbersicht s\u00e4mtlicher Bibliotheksinstallationen und \u2013anlagen mehrerer Filialen gleichzeitig.<\/li>\n<li>Konfigurations- und System\u00e4nderungen f\u00fcr Ihr gesamtes installiertes Equipment: Selbstverbuchung, Arbeitsplatz, Innen- und Au\u00dfenr\u00fcckgaben, Sortiersystem, Mini-Sorter, Sicherheits-Gates und Bezahlstationen.<\/li>\n<li>System\u00e4nderungen oder Neukonfigurationen k\u00f6nnen wahlweise auf eine oder auf mehrere \/ alle Station(en) angewandt werden.<\/li>\n<li>Komplette \u00dcbersicht, leistungsstarke \u00dcberwachung und statistische Auswertung Ihrer Automationsprodukte.<\/li>\n<li>Einfacher Zugang \u00fcber Internetbrowser mit Login-Funktion unterteilt nach Benutzergruppen (Administrator, Bibliotheksleitung, Personal).<\/li>\n<\/ul>\n<p>[\/vc_column_text][\/vc_column][\/vc_row][vc_row][vc_column width=&#8221;1\/1&#8243;][vc_separator][\/vc_column][\/vc_row][vc_row row_height_percent=&#8221;0&#8243; override_padding=&#8221;yes&#8221; h_padding=&#8221;2&#8243; top_padding=&#8221;0&#8243; bottom_padding=&#8221;0&#8243; overlay_alpha=&#8221;50&#8243; gutter_size=&#8221;3&#8243; shift_y=&#8221;0&#8243;][vc_column column_width_percent=&#8221;100&#8243; override_padding=&#8221;yes&#8221; column_padding=&#8221;0&#8243; overlay_alpha=&#8221;50&#8243; gutter_size=&#8221;3&#8243; medium_width=&#8221;4&#8243; mobile_width=&#8221;0&#8243; shift_x=&#8221;0&#8243; shift_y=&#8221;0&#8243; z_index=&#8221;0&#8243; zoom_width=&#8221;0&#8243; zoom_height=&#8221;0&#8243; width=&#8221;1\/4&#8243;][vc_custom_heading heading_semantic=&#8221;h3&#8243; text_size=&#8221;h3&#8243; text_weight=&#8221;300&#8243;]Details[\/vc_custom_heading][\/vc_column][vc_column column_width_percent=&#8221;100&#8243; position_vertical=&#8221;middle&#8221; overlay_alpha=&#8221;50&#8243; gutter_size=&#8221;3&#8243; medium_width=&#8221;4&#8243; shift_x=&#8221;0&#8243; shift_y=&#8221;0&#8243; zoom_width=&#8221;0&#8243; zoom_height=&#8221;0&#8243; width=&#8221;3\/4&#8243;][vc_column_text]<strong>Technische Details<\/strong><\/p>\n<ul>\n<li>L\u00e4uft auf jedem Personalarbeitsplatz<\/li>\n<li>Benutzt Standard-Internetbrowser<\/li>\n<li>Diverse Konfigurationen: Druck, Meldungen, Sortierung, Layout-Einstellungen, Statistiken, Hilfe-Funktionen und Supporttickets.<\/li>\n<li>Statistiken \u00fcber Medienzirkulation und Reservierungen sowie Fehlerauswertung (z.B. fehlgeschlagene Medienr\u00fccknahme).<\/li>\n<li>Druck- und Exportfunktionen (z.B. nach MS Excel).<\/li>\n<li>Vereinfacht den Import von Upgrades und Patches. Kompatibel mit allen mk Produkten<\/li>\n<\/ul>\n<p>[\/vc_column_text][\/vc_column][\/vc_row][vc_row][vc_column width=&#8221;1\/1&#8243;][vc_separator][\/vc_column][\/vc_row][vc_row row_height_percent=&#8221;0&#8243; override_padding=&#8221;yes&#8221; h_padding=&#8221;2&#8243; top_padding=&#8221;0&#8243; bottom_padding=&#8221;3&#8243; overlay_alpha=&#8221;50&#8243; gutter_size=&#8221;3&#8243; shift_y=&#8221;0&#8243;][vc_column column_width_percent=&#8221;100&#8243; override_padding=&#8221;yes&#8221; column_padding=&#8221;0&#8243; overlay_alpha=&#8221;50&#8243; gutter_size=&#8221;3&#8243; medium_width=&#8221;4&#8243; mobile_width=&#8221;0&#8243; shift_x=&#8221;0&#8243; shift_y=&#8221;0&#8243; z_index=&#8221;0&#8243; zoom_width=&#8221;0&#8243; zoom_height=&#8221;0&#8243; width=&#8221;1\/4&#8243;][vc_custom_heading heading_semantic=&#8221;h3&#8243; text_size=&#8221;h3&#8243; text_weight=&#8221;300&#8243;]Produktbilder[\/vc_custom_heading][\/vc_column][vc_column column_width_percent=&#8221;100&#8243; position_vertical=&#8221;middle&#8221; overlay_alpha=&#8221;50&#8243; gutter_size=&#8221;3&#8243; medium_width=&#8221;4&#8243; shift_x=&#8221;0&#8243; shift_y=&#8221;0&#8243; zoom_width=&#8221;0&#8243; zoom_height=&#8221;0&#8243; width=&#8221;3\/4&#8243;][vc_gallery el_id=&#8221;gallery-174405&#8243; type=&#8221;carousel&#8221; medias=&#8221;62168,62167&#8243; carousel_lg=&#8221;2&#8243; carousel_md=&#8221;2&#8243; carousel_sm=&#8221;1&#8243; thumb_size=&#8221;one-one&#8221; gutter_size=&#8221;2&#8243; carousel_interval=&#8221;5000&#8243; carousel_navspeed=&#8221;400&#8243; carousel_nav=&#8221;yes&#8221; carousel_dots=&#8221;yes&#8221; carousel_dots_mobile=&#8221;yes&#8221; stage_padding=&#8221;0&#8243; single_overlay_opacity=&#8221;50&#8243; single_h_align=&#8221;center&#8221; single_padding=&#8221;2&#8243; single_icon=&#8221;fa fa-search3&#8243;][\/vc_column][\/vc_row][vc_row row_height_percent=&#8221;0&#8243; override_padding=&#8221;yes&#8221; h_padding=&#8221;2&#8243; top_padding=&#8221;3&#8243; bottom_padding=&#8221;1&#8243; back_color=&#8221;color-lxmt&#8221; overlay_alpha=&#8221;100&#8243; gutter_size=&#8221;100&#8243; shift_y=&#8221;0&#8243; style=&#8221;dark&#8221; row_name=&#8221;Downloads &amp; Links&#8221;][vc_column column_width_use_pixel=&#8221;yes&#8221; align_horizontal=&#8221;align_center&#8221; overlay_alpha=&#8221;100&#8243; gutter_size=&#8221;3&#8243; medium_width=&#8221;0&#8243; shift_x=&#8221;0&#8243; shift_y=&#8221;0&#8243; zoom_width=&#8221;0&#8243; zoom_height=&#8221;0&#8243; width=&#8221;1\/1&#8243; column_width_pixel=&#8221;800&#8243;][vc_custom_heading text_size=&#8221;&#8221; text_weight=&#8221;300&#8243; text_transform=&#8221;uppercase&#8221; separator=&#8221;yes&#8221; sub_lead=&#8221;yes&#8221; sub_reduced=&#8221;yes&#8221;]Downloads &amp; Links.[\/vc_custom_heading][\/vc_column][\/vc_row][vc_row row_height_percent=&#8221;0&#8243; override_padding=&#8221;yes&#8221; h_padding=&#8221;2&#8243; top_padding=&#8221;2&#8243; bottom_padding=&#8221;3&#8243; back_color=&#8221;color-lxmt&#8221; overlay_alpha=&#8221;50&#8243; gutter_size=&#8221;3&#8243; shift_y=&#8221;0&#8243;][vc_column width=&#8221;1\/3&#8243;][vc_button button_color=&#8221;accent&#8221; radius=&#8221;btn-circle&#8221; wide=&#8221;yes&#8221; outline=&#8221;yes&#8221; icon=&#8221;fa fa-download3&#8243; link=&#8221;url:%2Fwp-content%2Fuploads%2F2017%2F05%2FmkS-PS-LibManager_DE_new.pdf||target:%20_blank|&#8221;]Product Sheet DE[\/vc_button][\/vc_column][vc_column width=&#8221;1\/3&#8243;][vc_button button_color=&#8221;accent&#8221; radius=&#8221;btn-circle&#8221; wide=&#8221;yes&#8221; outline=&#8221;yes&#8221; icon=&#8221;fa fa-download3&#8243; link=&#8221;url:%2Fwp-content%2Fuploads%2F2017%2F05%2FmkS-PS-LibManager_US.pdf||target:%20_blank|&#8221;]Product Sheet US[\/vc_button][\/vc_column][vc_column width=&#8221;1\/3&#8243;][vc_button button_color=&#8221;accent&#8221; radius=&#8221;btn-circle&#8221; wide=&#8221;yes&#8221; outline=&#8221;yes&#8221; border_width=&#8221;0&#8243; icon=&#8221;fa fa-download3&#8243; link=&#8221;url:https%3A%2F%2Fmk-solutions.com%2Fwp-content%2Fuploads%2F2017%2F05%2FPS-MKS-LM-EN.pdf||target:%20_blank|&#8221;]Product Sheet EN[\/vc_button][\/vc_column][\/vc_row]<\/p>","protected":false},"excerpt":{"rendered":"<p>[vc_row row_height_percent=&#8221;0&#8243; override_padding=&#8221;yes&#8221; h_padding=&#8221;2&#8243; top_padding=&#8221;4&#8243; bottom_padding=&#8221;4&#8243; back_color=&#8221;color-lxmt&#8221; overlay_alpha=&#8221;50&#8243; gutter_size=&#8221;3&#8243; shift_y=&#8221;0&#8243; row_name=&#8221;Management Tool&#8221;][vc_column column_width_percent=&#8221;100&#8243; position_vertical=&#8221;middle&#8221; override_padding=&#8221;yes&#8221; column_padding=&#8221;2&#8243; overlay_alpha=&#8221;50&#8243; gutter_size=&#8221;3&#8243; medium_width=&#8221;4&#8243; shift_x=&#8221;0&#8243; [&hellip;]<\/p>\n","protected":false},"author":1,"featured_media":62166,"parent":0,"menu_order":0,"comment_status":"closed","ping_status":"closed","template":"","meta":{"_bbp_topic_count":0,"_bbp_reply_count":0,"_bbp_total_topic_count":0,"_bbp_total_reply_count":0,"_bbp_voice_count":0,"_bbp_anonymous_reply_count":0,"_bbp_topic_count_hidden":0,"_bbp_reply_count_hidden":0,"_bbp_forum_subforum_count":0},"yoast_head":"<!-- This site is optimized with the Yoast SEO plugin v19.10 - https:\/\/yoast.com\/wordpress\/plugins\/seo\/ -->\n<title>Management Tool - mk Solutions<\/title>\n<meta name=\"description\" content=\"Management Tool\" \/>\n<meta name=\"robots\" content=\"index, follow, max-snippet:-1, max-image-preview:large, max-video-preview:-1\" \/>\n<link rel=\"canonical\" href=\"https:\/\/www.mksolutions.com\/en\/management-tool\/\" \/>\n<meta property=\"og:locale\" content=\"de_DE\" \/>\n<meta property=\"og:type\" content=\"article\" \/>\n<meta property=\"og:title\" content=\"Management Tool - mk Solutions\" \/>\n<meta property=\"og:description\" content=\"Management Tool\" \/>\n<meta property=\"og:url\" content=\"https:\/\/www.mksolutions.com\/en\/management-tool\/\" \/>\n<meta property=\"og:site_name\" content=\"mk Solutions\" \/>\n<meta property=\"article:modified_time\" content=\"2024-10-18T09:03:32+00:00\" \/>\n<meta name=\"twitter:card\" content=\"summary_large_image\" \/>\n<meta name=\"twitter:label1\" content=\"Gesch\u00e4tzte Lesezeit\" \/>\n\t<meta name=\"twitter:data1\" content=\"11\u00a0Minuten\" \/>\n<script type=\"application\/ld+json\" class=\"yoast-schema-graph\">{\"@context\":\"https:\/\/schema.org\",\"@graph\":[{\"@type\":\"WebPage\",\"@id\":\"https:\/\/www.mksolutions.com\/en\/management-tool\/\",\"url\":\"https:\/\/www.mksolutions.com\/en\/management-tool\/\",\"name\":\"Management Tool - mk Solutions\",\"isPartOf\":{\"@id\":\"https:\/\/www.mksolutions.com\/en\/#website\"},\"datePublished\":\"2017-06-05T15:07:28+00:00\",\"dateModified\":\"2024-10-18T09:03:32+00:00\",\"description\":\"Management Tool\",\"breadcrumb\":{\"@id\":\"https:\/\/www.mksolutions.com\/en\/management-tool\/#breadcrumb\"},\"inLanguage\":\"de\",\"potentialAction\":[{\"@type\":\"ReadAction\",\"target\":[\"https:\/\/www.mksolutions.com\/en\/management-tool\/\"]}]},{\"@type\":\"BreadcrumbList\",\"@id\":\"https:\/\/www.mksolutions.com\/en\/management-tool\/#breadcrumb\",\"itemListElement\":[{\"@type\":\"ListItem\",\"position\":1,\"name\":\"Home\",\"item\":\"https:\/\/www.mksolutions.com\/en\/\"},{\"@type\":\"ListItem\",\"position\":2,\"name\":\"Management Tool\"}]},{\"@type\":\"WebSite\",\"@id\":\"https:\/\/www.mksolutions.com\/en\/#website\",\"url\":\"https:\/\/www.mksolutions.com\/en\/\",\"name\":\"mk Solutions\",\"description\":\"die Welt der Automation in Bibliotheken\",\"publisher\":{\"@id\":\"https:\/\/www.mksolutions.com\/en\/#organization\"},\"potentialAction\":[{\"@type\":\"SearchAction\",\"target\":{\"@type\":\"EntryPoint\",\"urlTemplate\":\"https:\/\/www.mksolutions.com\/en\/?s={search_term_string}\"},\"query-input\":\"required name=search_term_string\"}],\"inLanguage\":\"de\"},{\"@type\":\"Organization\",\"@id\":\"https:\/\/www.mksolutions.com\/en\/#organization\",\"name\":\"mk solution\",\"url\":\"https:\/\/www.mksolutions.com\/en\/\",\"logo\":{\"@type\":\"ImageObject\",\"inLanguage\":\"de\",\"@id\":\"https:\/\/www.mksolutions.com\/en\/#\/schema\/logo\/image\/\",\"url\":\"https:\/\/www.mksolutions.com\/wp-content\/uploads\/2017\/05\/cropped-mk_solutions_website_icon.png\",\"contentUrl\":\"https:\/\/www.mksolutions.com\/wp-content\/uploads\/2017\/05\/cropped-mk_solutions_website_icon.png\",\"width\":512,\"height\":512,\"caption\":\"mk solution\"},\"image\":{\"@id\":\"https:\/\/www.mksolutions.com\/en\/#\/schema\/logo\/image\/\"}}]}<\/script>\n<!-- \/ Yoast SEO plugin. -->","yoast_head_json":{"title":"Management Tool - mk Solutions","description":"Management Tool","robots":{"index":"index","follow":"follow","max-snippet":"max-snippet:-1","max-image-preview":"max-image-preview:large","max-video-preview":"max-video-preview:-1"},"canonical":"https:\/\/www.mksolutions.com\/en\/management-tool\/","og_locale":"de_DE","og_type":"article","og_title":"Management Tool - mk Solutions","og_description":"Management Tool","og_url":"https:\/\/www.mksolutions.com\/en\/management-tool\/","og_site_name":"mk Solutions","article_modified_time":"2024-10-18T09:03:32+00:00","twitter_card":"summary_large_image","twitter_misc":{"Gesch\u00e4tzte Lesezeit":"11\u00a0Minuten"},"schema":{"@context":"https:\/\/schema.org","@graph":[{"@type":"WebPage","@id":"https:\/\/www.mksolutions.com\/en\/management-tool\/","url":"https:\/\/www.mksolutions.com\/en\/management-tool\/","name":"Management Tool - mk Solutions","isPartOf":{"@id":"https:\/\/www.mksolutions.com\/en\/#website"},"datePublished":"2017-06-05T15:07:28+00:00","dateModified":"2024-10-18T09:03:32+00:00","description":"Management Tool","breadcrumb":{"@id":"https:\/\/www.mksolutions.com\/en\/management-tool\/#breadcrumb"},"inLanguage":"de","potentialAction":[{"@type":"ReadAction","target":["https:\/\/www.mksolutions.com\/en\/management-tool\/"]}]},{"@type":"BreadcrumbList","@id":"https:\/\/www.mksolutions.com\/en\/management-tool\/#breadcrumb","itemListElement":[{"@type":"ListItem","position":1,"name":"Home","item":"https:\/\/www.mksolutions.com\/en\/"},{"@type":"ListItem","position":2,"name":"Management Tool"}]},{"@type":"WebSite","@id":"https:\/\/www.mksolutions.com\/en\/#website","url":"https:\/\/www.mksolutions.com\/en\/","name":"mk Solutions","description":"die Welt der Automation in Bibliotheken","publisher":{"@id":"https:\/\/www.mksolutions.com\/en\/#organization"},"potentialAction":[{"@type":"SearchAction","target":{"@type":"EntryPoint","urlTemplate":"https:\/\/www.mksolutions.com\/en\/?s={search_term_string}"},"query-input":"required name=search_term_string"}],"inLanguage":"de"},{"@type":"Organization","@id":"https:\/\/www.mksolutions.com\/en\/#organization","name":"mk solution","url":"https:\/\/www.mksolutions.com\/en\/","logo":{"@type":"ImageObject","inLanguage":"de","@id":"https:\/\/www.mksolutions.com\/en\/#\/schema\/logo\/image\/","url":"https:\/\/www.mksolutions.com\/wp-content\/uploads\/2017\/05\/cropped-mk_solutions_website_icon.png","contentUrl":"https:\/\/www.mksolutions.com\/wp-content\/uploads\/2017\/05\/cropped-mk_solutions_website_icon.png","width":512,"height":512,"caption":"mk solution"},"image":{"@id":"https:\/\/www.mksolutions.com\/en\/#\/schema\/logo\/image\/"}}]}},"_links":{"self":[{"href":"https:\/\/www.mksolutions.com\/de\/wp-json\/wp\/v2\/pages\/58216"}],"collection":[{"href":"https:\/\/www.mksolutions.com\/de\/wp-json\/wp\/v2\/pages"}],"about":[{"href":"https:\/\/www.mksolutions.com\/de\/wp-json\/wp\/v2\/types\/page"}],"author":[{"embeddable":true,"href":"https:\/\/www.mksolutions.com\/de\/wp-json\/wp\/v2\/users\/1"}],"replies":[{"embeddable":true,"href":"https:\/\/www.mksolutions.com\/de\/wp-json\/wp\/v2\/comments?post=58216"}],"version-history":[{"count":16,"href":"https:\/\/www.mksolutions.com\/de\/wp-json\/wp\/v2\/pages\/58216\/revisions"}],"predecessor-version":[{"id":62630,"href":"https:\/\/www.mksolutions.com\/de\/wp-json\/wp\/v2\/pages\/58216\/revisions\/62630"}],"wp:featuredmedia":[{"embeddable":true,"href":"https:\/\/www.mksolutions.com\/de\/wp-json\/wp\/v2\/media\/62166"}],"wp:attachment":[{"href":"https:\/\/www.mksolutions.com\/de\/wp-json\/wp\/v2\/media?parent=58216"}],"curies":[{"name":"wp","href":"https:\/\/api.w.org\/{rel}","templated":true}]}}