{"id":57828,"date":"2017-06-01T21:25:53","date_gmt":"2017-06-01T21:25:53","guid":{"rendered":"https:\/\/mk-solutions.com\/?page_id=57828\/"},"modified":"2023-01-11T10:04:32","modified_gmt":"2023-01-11T09:04:32","slug":"rfid-gates-2","status":"publish","type":"page","link":"https:\/\/www.mksolutions.com\/de\/rfid-gates\/","title":{"rendered":"RFID Gates"},"content":{"rendered":"<p>[vc_row row_height_percent=&#8221;0&#8243; override_padding=&#8221;yes&#8221; h_padding=&#8221;2&#8243; top_padding=&#8221;0&#8243; bottom_padding=&#8221;0&#8243; back_color=&#8221;color-lxmt&#8221; overlay_alpha=&#8221;50&#8243; gutter_size=&#8221;3&#8243; shift_y=&#8221;0&#8243;][vc_column width=&#8221;1\/1&#8243;][vc_raw_html]JTNDZGl2JTIwY2xhc3MlM0QlMjJtb2JpbGUtbWVudS10b2dnbGUlMjIlM0VXJUMzJUE0aGxlbiUyMFNpZSUyMElociUyMFByb2R1a3QlM0NpJTIwY2xhc3MlM0QlMjJmYSUyMGZhLWFuZ2xlLWRvd24lMjIlMjBhcmlhLWhpZGRlbiUzRCUyMnRydWUlMjIlM0UlM0MlMkZpJTNFJTNDJTJGZGl2JTNF[\/vc_raw_html][\/vc_column][\/vc_row][vc_row row_height_percent=&#8221;0&#8243; override_padding=&#8221;yes&#8221; h_padding=&#8221;2&#8243; top_padding=&#8221;0&#8243; bottom_padding=&#8221;0&#8243; back_color=&#8221;color-lxmt&#8221; overlay_alpha=&#8221;50&#8243; gutter_size=&#8221;3&#8243; shift_y=&#8221;0&#8243; el_class=&#8221;product-subnav&#8221;][vc_column width=&#8221;1\/1&#8243;][vc_column_text el_class=&#8221;subnav_product&#8221;]<\/p>\n<ul>\n<li><a class=\"active\" href=\"https:\/\/www.mksolutions.com\/rfid-gates\/\">RFID Gates<\/a><\/li>\n<li><a href=\"https:\/\/www.mksolutions.com\/em-gates\/\">EM Gates<\/a><\/li>\n<li><a href=\"https:\/\/www.mksolutions.com\/hybrid-gates\/\">Hybrid Gates<\/a><\/li>\n<\/ul>\n<p>[\/vc_column_text][\/vc_column][\/vc_row][vc_row row_height_percent=&#8221;0&#8243; override_padding=&#8221;yes&#8221; h_padding=&#8221;2&#8243; top_padding=&#8221;3&#8243; bottom_padding=&#8221;0&#8243; back_color=&#8221;color-lxmt&#8221; overlay_alpha=&#8221;100&#8243; gutter_size=&#8221;100&#8243; shift_y=&#8221;0&#8243; style=&#8221;dark&#8221;][vc_column column_width_use_pixel=&#8221;yes&#8221; align_horizontal=&#8221;align_center&#8221; gutter_size=&#8221;3&#8243; overlay_alpha=&#8221;100&#8243; shift_x=&#8221;0&#8243; shift_y=&#8221;0&#8243; medium_width=&#8221;0&#8243; zoom_width=&#8221;0&#8243; zoom_height=&#8221;0&#8243; width=&#8221;1\/1&#8243; column_width_pixel=&#8221;800&#8243;][vc_custom_heading text_size=&#8221;&#8221; text_weight=&#8221;500&#8243; text_transform=&#8221;uppercase&#8221; separator=&#8221;yes&#8221; sub_lead=&#8221;yes&#8221; sub_reduced=&#8221;yes&#8221;]RFID GATES[\/vc_custom_heading][\/vc_column][\/vc_row][vc_row row_height_percent=&#8221;0&#8243; override_padding=&#8221;yes&#8221; h_padding=&#8221;2&#8243; top_padding=&#8221;4&#8243; bottom_padding=&#8221;4&#8243; back_color=&#8221;color-lxmt&#8221; overlay_alpha=&#8221;50&#8243; gutter_size=&#8221;3&#8243; shift_y=&#8221;0&#8243;][vc_column column_width_percent=&#8221;100&#8243; position_vertical=&#8221;middle&#8221; gutter_size=&#8221;3&#8243; override_padding=&#8221;yes&#8221; column_padding=&#8221;2&#8243; overlay_alpha=&#8221;50&#8243; shift_x=&#8221;0&#8243; shift_y=&#8221;0&#8243; medium_width=&#8221;4&#8243; zoom_width=&#8221;0&#8243; zoom_height=&#8221;0&#8243; width=&#8221;1\/2&#8243;][vc_single_image media=&#8221;57866&#8243; media_width_use_pixel=&#8221;yes&#8221; alignment=&#8221;center&#8221; image=&#8221;2286&#8243; border_color=&#8221;grey&#8221; img_link_target=&#8221;_self&#8221; img_size=&#8221;full&#8221; media_width_pixel=&#8221;350&#8243;][\/vc_column][vc_column column_width_percent=&#8221;100&#8243; position_vertical=&#8221;middle&#8221; gutter_size=&#8221;3&#8243; overlay_alpha=&#8221;50&#8243; shift_x=&#8221;0&#8243; shift_y=&#8221;0&#8243; medium_width=&#8221;4&#8243; zoom_width=&#8221;0&#8243; zoom_height=&#8221;0&#8243; width=&#8221;1\/2&#8243;][vc_icon position=&#8221;left&#8221; icon=&#8221;fa fa-megaphone&#8221; size=&#8221;fa-3x&#8221; text_weight=&#8221;300&#8243; align=&#8221;left&#8221; title=&#8221;Signalausl\u00f6sung&#8221;]Signalausl\u00f6sung nur bei ausgehende Kunden, die ein Medium mit aktivem RFID Etikett haben[\/vc_icon][vc_separator][vc_icon position=&#8221;left&#8221; icon=&#8221;fa fa-streetsign&#8221; size=&#8221;fa-3x&#8221; text_weight=&#8221;300&#8243; align=&#8221;left&#8221; title=&#8221;Barrierefrei&#8221;]Maximale Durchgangsbreite zwischen den Gates. Keine Behinderung von Rollst\u00fchlen und Kinderwagen[\/vc_icon][vc_separator][vc_icon position=&#8221;left&#8221; icon=&#8221;fa fa-bargraph&#8221; size=&#8221;fa-3x&#8221; text_weight=&#8221;300&#8243; align=&#8221;left&#8221; title=&#8221;Gate Tracker&#8221;]Gate Tracker mit integriertem Kundenz\u00e4hler und Medienindentifikation[\/vc_icon][\/vc_column][\/vc_row][vc_row row_height_percent=&#8221;0&#8243; override_padding=&#8221;yes&#8221; h_padding=&#8221;2&#8243; top_padding=&#8221;3&#8243; bottom_padding=&#8221;2&#8243; overlay_alpha=&#8221;50&#8243; equal_height=&#8221;yes&#8221; gutter_size=&#8221;3&#8243; shift_y=&#8221;0&#8243; row_name=&#8221;Produktdetails&#8221;][vc_column width=&#8221;1\/2&#8243;][vc_custom_heading text_weight=&#8221;300&#8243;]Produktdetails.[\/vc_custom_heading][vc_column_text]Die unauff\u00e4lligen RFID Gates sorgen f\u00fcr h\u00f6chste Sicherheit und sch\u00fctzen Ihre Medien vor Diebstahl.[\/vc_column_text][\/vc_column][vc_column column_width_percent=&#8221;100&#8243; position_vertical=&#8221;bottom&#8221; align_horizontal=&#8221;align_right&#8221; gutter_size=&#8221;3&#8243; overlay_alpha=&#8221;50&#8243; shift_x=&#8221;0&#8243; shift_y=&#8221;0&#8243; z_index=&#8221;0&#8243; medium_width=&#8221;0&#8243; mobile_width=&#8221;0&#8243; width=&#8221;1\/2&#8243; el_class=&#8221;btn-mob-left&#8221;][vc_button button_color=&#8221;accent&#8221; radius=&#8221;btn-circle&#8221; border_width=&#8221;0&#8243; link=&#8221;url:%2Fde%2Fdownloads%2F%23securitygates&#8221;]Brosch\u00fcren &#038; Produktdatenbl\u00e4tter[\/vc_button][vc_button button_color=&#8221;accent&#8221; radius=&#8221;btn-circle&#8221; border_width=&#8221;0&#8243; link=&#8221;url:%2Fde%2Fkontakt%23contact&#8221;]Produkt anfragen[\/vc_button][\/vc_column][\/vc_row][vc_row][vc_column width=&#8221;1\/1&#8243;][vc_separator][\/vc_column][\/vc_row][vc_row row_height_percent=&#8221;0&#8243; override_padding=&#8221;yes&#8221; h_padding=&#8221;2&#8243; top_padding=&#8221;0&#8243; bottom_padding=&#8221;0&#8243; overlay_alpha=&#8221;50&#8243; gutter_size=&#8221;3&#8243; shift_y=&#8221;0&#8243;][vc_column column_width_percent=&#8221;100&#8243; gutter_size=&#8221;3&#8243; override_padding=&#8221;yes&#8221; column_padding=&#8221;0&#8243; overlay_alpha=&#8221;50&#8243; shift_x=&#8221;0&#8243; shift_y=&#8221;0&#8243; z_index=&#8221;0&#8243; medium_width=&#8221;4&#8243; mobile_width=&#8221;0&#8243; zoom_width=&#8221;0&#8243; zoom_height=&#8221;0&#8243; width=&#8221;1\/4&#8243;][vc_custom_heading heading_semantic=&#8221;h3&#8243; text_size=&#8221;h3&#8243; text_weight=&#8221;300&#8243;]Vorteile[\/vc_custom_heading][\/vc_column][vc_column column_width_percent=&#8221;100&#8243; position_vertical=&#8221;middle&#8221; gutter_size=&#8221;3&#8243; overlay_alpha=&#8221;50&#8243; shift_x=&#8221;0&#8243; shift_y=&#8221;0&#8243; medium_width=&#8221;4&#8243; zoom_width=&#8221;0&#8243; zoom_height=&#8221;0&#8243; width=&#8221;3\/4&#8243;][vc_column_text]<\/p>\n<ul>\n<li>Signalausl\u00f6sung nur bei ausgehende Kunden, die ein Medium mit aktivem<br \/>\nRFID Etikett haben<\/li>\n<li>Kein Fehlalarm von bibliotheksfremden Artikeln<\/li>\n<li>Perfekte 3D Erfassung<\/li>\n<li>Maximale Durchgangsbreite zwischen den Gates. Keine Behinderung von<br \/>\nRollst\u00fchlen und Kinderwagen<\/li>\n<li>Sicherung \u00fcber den EAS Bit des Chip Herstellers oder \u00fcber ISO 15693\/18000<br \/>\nim AFI Sektor<\/li>\n<li>Nur Sicherungsfunktion \u00fcber EAS oder AFI: l\u00f6st bei Erkennen von nicht<br \/>\nverbuchten Medien einen optischen und akustischen Alarm aus<\/li>\n<li>Integrierte rote Alarmlampe und Akustiksignal<\/li>\n<\/ul>\n<p>[\/vc_column_text][\/vc_column][\/vc_row][vc_row][vc_column width=&#8221;1\/1&#8243;][vc_separator][\/vc_column][\/vc_row][vc_row row_height_percent=&#8221;0&#8243; override_padding=&#8221;yes&#8221; h_padding=&#8221;2&#8243; top_padding=&#8221;0&#8243; bottom_padding=&#8221;0&#8243; overlay_alpha=&#8221;50&#8243; gutter_size=&#8221;3&#8243; shift_y=&#8221;0&#8243;][vc_column column_width_percent=&#8221;100&#8243; gutter_size=&#8221;3&#8243; override_padding=&#8221;yes&#8221; column_padding=&#8221;0&#8243; overlay_alpha=&#8221;50&#8243; shift_x=&#8221;0&#8243; shift_y=&#8221;0&#8243; z_index=&#8221;0&#8243; medium_width=&#8221;4&#8243; mobile_width=&#8221;0&#8243; zoom_width=&#8221;0&#8243; zoom_height=&#8221;0&#8243; width=&#8221;1\/4&#8243;][vc_custom_heading heading_semantic=&#8221;h3&#8243; text_size=&#8221;h3&#8243; text_weight=&#8221;300&#8243;]Details[\/vc_custom_heading][\/vc_column][vc_column column_width_percent=&#8221;100&#8243; position_vertical=&#8221;middle&#8221; gutter_size=&#8221;3&#8243; overlay_alpha=&#8221;50&#8243; shift_x=&#8221;0&#8243; shift_y=&#8221;0&#8243; medium_width=&#8221;4&#8243; zoom_width=&#8221;0&#8243; zoom_height=&#8221;0&#8243; width=&#8221;3\/4&#8243;][vc_column_text]<strong>Technische Details<\/strong><\/p>\n<ul>\n<li>Abmessungen Crystal-Gates:<br \/>\nH 1710 x L 70 x W 690 mm<\/li>\n<li>Gewicht ca. 28 kg<\/li>\n<li>Stromversorgung: 230V, 16 Amp.<\/li>\n<li>Maximale Durchgangsbreite ist 1200 mm<\/li>\n<li>CE \/ UL zertifiziert<\/li>\n<\/ul>\n<p>[\/vc_column_text][\/vc_column][\/vc_row][vc_row][vc_column width=&#8221;1\/1&#8243;][vc_separator][\/vc_column][\/vc_row][vc_row row_height_percent=&#8221;0&#8243; override_padding=&#8221;yes&#8221; h_padding=&#8221;2&#8243; top_padding=&#8221;0&#8243; bottom_padding=&#8221;0&#8243; overlay_alpha=&#8221;50&#8243; gutter_size=&#8221;3&#8243; shift_y=&#8221;0&#8243;][vc_column column_width_percent=&#8221;100&#8243; gutter_size=&#8221;3&#8243; override_padding=&#8221;yes&#8221; column_padding=&#8221;0&#8243; overlay_alpha=&#8221;50&#8243; shift_x=&#8221;0&#8243; shift_y=&#8221;0&#8243; z_index=&#8221;0&#8243; medium_width=&#8221;4&#8243; mobile_width=&#8221;0&#8243; zoom_width=&#8221;0&#8243; zoom_height=&#8221;0&#8243; width=&#8221;1\/4&#8243;][vc_custom_heading heading_semantic=&#8221;h3&#8243; text_size=&#8221;h3&#8243; text_weight=&#8221;300&#8243;]Optionen[\/vc_custom_heading][\/vc_column][vc_column column_width_percent=&#8221;100&#8243; position_vertical=&#8221;middle&#8221; gutter_size=&#8221;3&#8243; overlay_alpha=&#8221;50&#8243; shift_x=&#8221;0&#8243; shift_y=&#8221;0&#8243; medium_width=&#8221;4&#8243; zoom_width=&#8221;0&#8243; zoom_height=&#8221;0&#8243; width=&#8221;3\/4&#8243;][vc_column_text]<strong>GateTracker mit 2 Modulen<\/strong><\/p>\n<ul>\n<li>Integrierter Kundenz\u00e4hler<\/li>\n<li>Medienidentifikation am Personalarbeitsplatz<\/li>\n<\/ul>\n<p><strong>Base Plate Installation Kit<\/strong><\/p>\n<ul>\n<li>Einfache Installation<\/li>\n<li>Keine Geb\u00e4udemodifikationen notwendig<\/li>\n<\/ul>\n<p>[\/vc_column_text][\/vc_column][\/vc_row][vc_row][vc_column width=&#8221;1\/1&#8243;][vc_separator][\/vc_column][\/vc_row][vc_row row_height_percent=&#8221;0&#8243; override_padding=&#8221;yes&#8221; h_padding=&#8221;2&#8243; top_padding=&#8221;0&#8243; bottom_padding=&#8221;3&#8243; overlay_alpha=&#8221;50&#8243; gutter_size=&#8221;3&#8243; shift_y=&#8221;0&#8243;][vc_column column_width_percent=&#8221;100&#8243; gutter_size=&#8221;3&#8243; override_padding=&#8221;yes&#8221; column_padding=&#8221;0&#8243; overlay_alpha=&#8221;50&#8243; shift_x=&#8221;0&#8243; shift_y=&#8221;0&#8243; z_index=&#8221;0&#8243; medium_width=&#8221;4&#8243; mobile_width=&#8221;0&#8243; zoom_width=&#8221;0&#8243; zoom_height=&#8221;0&#8243; width=&#8221;1\/4&#8243;][vc_custom_heading heading_semantic=&#8221;h3&#8243; text_size=&#8221;h3&#8243; text_weight=&#8221;300&#8243;]Produktbilder[\/vc_custom_heading][\/vc_column][vc_column column_width_percent=&#8221;100&#8243; position_vertical=&#8221;middle&#8221; gutter_size=&#8221;3&#8243; overlay_alpha=&#8221;50&#8243; shift_x=&#8221;0&#8243; shift_y=&#8221;0&#8243; medium_width=&#8221;4&#8243; zoom_width=&#8221;0&#8243; zoom_height=&#8221;0&#8243; width=&#8221;3\/4&#8243;][vc_gallery el_id=&#8221;gallery-174405&#8243; type=&#8221;carousel&#8221; medias=&#8221;57869,57871,57873&#8243; carousel_lg=&#8221;2&#8243; carousel_md=&#8221;2&#8243; carousel_sm=&#8221;1&#8243; thumb_size=&#8221;one-one&#8221; gutter_size=&#8221;2&#8243; carousel_interval=&#8221;5000&#8243; carousel_navspeed=&#8221;400&#8243; carousel_nav=&#8221;yes&#8221; carousel_dots=&#8221;yes&#8221; carousel_dots_mobile=&#8221;yes&#8221; stage_padding=&#8221;0&#8243; single_overlay_opacity=&#8221;50&#8243; single_h_align=&#8221;center&#8221; single_padding=&#8221;2&#8243; single_icon=&#8221;fa fa-search3&#8243;][\/vc_column][\/vc_row]<\/p>\n<p><\/p>","protected":false},"excerpt":{"rendered":"<p>Die unauff\u00e4lligen RFID Gates sorgen f\u00fcr h\u00f6chste Sicherheit und sch\u00fctzen Ihre Medien vor Diebstahl.<\/p>\n","protected":false},"author":1,"featured_media":62213,"parent":0,"menu_order":0,"comment_status":"closed","ping_status":"closed","template":"","meta":{"_bbp_topic_count":0,"_bbp_reply_count":0,"_bbp_total_topic_count":0,"_bbp_total_reply_count":0,"_bbp_voice_count":0,"_bbp_anonymous_reply_count":0,"_bbp_topic_count_hidden":0,"_bbp_reply_count_hidden":0,"_bbp_forum_subforum_count":0},"yoast_head":"<!-- This site is optimized with the Yoast SEO plugin v19.10 - https:\/\/yoast.com\/wordpress\/plugins\/seo\/ -->\n<title>RFID Gates - mk Solutions<\/title>\n<meta name=\"description\" content=\"RFID Gates\" \/>\n<meta name=\"robots\" content=\"index, follow, max-snippet:-1, max-image-preview:large, max-video-preview:-1\" \/>\n<link rel=\"canonical\" href=\"https:\/\/www.mksolutions.com\/de\/rfid-gates\/\" \/>\n<meta property=\"og:locale\" content=\"de_DE\" \/>\n<meta property=\"og:type\" content=\"article\" \/>\n<meta property=\"og:title\" content=\"RFID Gates - mk Solutions\" \/>\n<meta property=\"og:description\" content=\"RFID Gates\" \/>\n<meta property=\"og:url\" content=\"https:\/\/www.mksolutions.com\/de\/rfid-gates\/\" \/>\n<meta property=\"og:site_name\" content=\"mk Solutions\" \/>\n<meta property=\"article:modified_time\" content=\"2023-01-11T09:04:32+00:00\" \/>\n<meta property=\"og:image\" content=\"https:\/\/www.mksolutions.com\/wp-content\/uploads\/2020\/04\/security.jpg\" \/>\n\t<meta property=\"og:image:width\" content=\"1400\" \/>\n\t<meta property=\"og:image:height\" content=\"1400\" \/>\n\t<meta property=\"og:image:type\" content=\"image\/jpeg\" \/>\n<meta name=\"twitter:card\" content=\"summary_large_image\" \/>\n<meta name=\"twitter:label1\" content=\"Gesch\u00e4tzte Lesezeit\" \/>\n\t<meta name=\"twitter:data1\" content=\"3\u00a0Minuten\" \/>\n<script type=\"application\/ld+json\" class=\"yoast-schema-graph\">{\"@context\":\"https:\/\/schema.org\",\"@graph\":[{\"@type\":\"WebPage\",\"@id\":\"https:\/\/www.mksolutions.com\/de\/rfid-gates\/\",\"url\":\"https:\/\/www.mksolutions.com\/de\/rfid-gates\/\",\"name\":\"RFID Gates - mk Solutions\",\"isPartOf\":{\"@id\":\"https:\/\/www.mksolutions.com\/en\/#website\"},\"datePublished\":\"2017-06-01T21:25:53+00:00\",\"dateModified\":\"2023-01-11T09:04:32+00:00\",\"description\":\"RFID Gates\",\"breadcrumb\":{\"@id\":\"https:\/\/www.mksolutions.com\/de\/rfid-gates\/#breadcrumb\"},\"inLanguage\":\"de\",\"potentialAction\":[{\"@type\":\"ReadAction\",\"target\":[\"https:\/\/www.mksolutions.com\/de\/rfid-gates\/\"]}]},{\"@type\":\"BreadcrumbList\",\"@id\":\"https:\/\/www.mksolutions.com\/de\/rfid-gates\/#breadcrumb\",\"itemListElement\":[{\"@type\":\"ListItem\",\"position\":1,\"name\":\"Home\",\"item\":\"https:\/\/www.mksolutions.com\/en\/\"},{\"@type\":\"ListItem\",\"position\":2,\"name\":\"RFID Gates\"}]},{\"@type\":\"WebSite\",\"@id\":\"https:\/\/www.mksolutions.com\/en\/#website\",\"url\":\"https:\/\/www.mksolutions.com\/en\/\",\"name\":\"mk Solutions\",\"description\":\"die Welt der Automation in Bibliotheken\",\"publisher\":{\"@id\":\"https:\/\/www.mksolutions.com\/en\/#organization\"},\"potentialAction\":[{\"@type\":\"SearchAction\",\"target\":{\"@type\":\"EntryPoint\",\"urlTemplate\":\"https:\/\/www.mksolutions.com\/en\/?s={search_term_string}\"},\"query-input\":\"required name=search_term_string\"}],\"inLanguage\":\"de\"},{\"@type\":\"Organization\",\"@id\":\"https:\/\/www.mksolutions.com\/en\/#organization\",\"name\":\"mk solution\",\"url\":\"https:\/\/www.mksolutions.com\/en\/\",\"logo\":{\"@type\":\"ImageObject\",\"inLanguage\":\"de\",\"@id\":\"https:\/\/www.mksolutions.com\/en\/#\/schema\/logo\/image\/\",\"url\":\"https:\/\/www.mksolutions.com\/wp-content\/uploads\/2017\/05\/cropped-mk_solutions_website_icon.png\",\"contentUrl\":\"https:\/\/www.mksolutions.com\/wp-content\/uploads\/2017\/05\/cropped-mk_solutions_website_icon.png\",\"width\":512,\"height\":512,\"caption\":\"mk solution\"},\"image\":{\"@id\":\"https:\/\/www.mksolutions.com\/en\/#\/schema\/logo\/image\/\"}}]}<\/script>\n<!-- \/ Yoast SEO plugin. -->","yoast_head_json":{"title":"RFID Gates - mk Solutions","description":"RFID Gates","robots":{"index":"index","follow":"follow","max-snippet":"max-snippet:-1","max-image-preview":"max-image-preview:large","max-video-preview":"max-video-preview:-1"},"canonical":"https:\/\/www.mksolutions.com\/de\/rfid-gates\/","og_locale":"de_DE","og_type":"article","og_title":"RFID Gates - mk Solutions","og_description":"RFID Gates","og_url":"https:\/\/www.mksolutions.com\/de\/rfid-gates\/","og_site_name":"mk Solutions","article_modified_time":"2023-01-11T09:04:32+00:00","og_image":[{"width":1400,"height":1400,"url":"https:\/\/www.mksolutions.com\/wp-content\/uploads\/2020\/04\/security.jpg","type":"image\/jpeg"}],"twitter_card":"summary_large_image","twitter_misc":{"Gesch\u00e4tzte Lesezeit":"3\u00a0Minuten"},"schema":{"@context":"https:\/\/schema.org","@graph":[{"@type":"WebPage","@id":"https:\/\/www.mksolutions.com\/de\/rfid-gates\/","url":"https:\/\/www.mksolutions.com\/de\/rfid-gates\/","name":"RFID Gates - mk Solutions","isPartOf":{"@id":"https:\/\/www.mksolutions.com\/en\/#website"},"datePublished":"2017-06-01T21:25:53+00:00","dateModified":"2023-01-11T09:04:32+00:00","description":"RFID Gates","breadcrumb":{"@id":"https:\/\/www.mksolutions.com\/de\/rfid-gates\/#breadcrumb"},"inLanguage":"de","potentialAction":[{"@type":"ReadAction","target":["https:\/\/www.mksolutions.com\/de\/rfid-gates\/"]}]},{"@type":"BreadcrumbList","@id":"https:\/\/www.mksolutions.com\/de\/rfid-gates\/#breadcrumb","itemListElement":[{"@type":"ListItem","position":1,"name":"Home","item":"https:\/\/www.mksolutions.com\/en\/"},{"@type":"ListItem","position":2,"name":"RFID Gates"}]},{"@type":"WebSite","@id":"https:\/\/www.mksolutions.com\/en\/#website","url":"https:\/\/www.mksolutions.com\/en\/","name":"mk Solutions","description":"die Welt der Automation in Bibliotheken","publisher":{"@id":"https:\/\/www.mksolutions.com\/en\/#organization"},"potentialAction":[{"@type":"SearchAction","target":{"@type":"EntryPoint","urlTemplate":"https:\/\/www.mksolutions.com\/en\/?s={search_term_string}"},"query-input":"required name=search_term_string"}],"inLanguage":"de"},{"@type":"Organization","@id":"https:\/\/www.mksolutions.com\/en\/#organization","name":"mk solution","url":"https:\/\/www.mksolutions.com\/en\/","logo":{"@type":"ImageObject","inLanguage":"de","@id":"https:\/\/www.mksolutions.com\/en\/#\/schema\/logo\/image\/","url":"https:\/\/www.mksolutions.com\/wp-content\/uploads\/2017\/05\/cropped-mk_solutions_website_icon.png","contentUrl":"https:\/\/www.mksolutions.com\/wp-content\/uploads\/2017\/05\/cropped-mk_solutions_website_icon.png","width":512,"height":512,"caption":"mk solution"},"image":{"@id":"https:\/\/www.mksolutions.com\/en\/#\/schema\/logo\/image\/"}}]}},"_links":{"self":[{"href":"https:\/\/www.mksolutions.com\/de\/wp-json\/wp\/v2\/pages\/57828"}],"collection":[{"href":"https:\/\/www.mksolutions.com\/de\/wp-json\/wp\/v2\/pages"}],"about":[{"href":"https:\/\/www.mksolutions.com\/de\/wp-json\/wp\/v2\/types\/page"}],"author":[{"embeddable":true,"href":"https:\/\/www.mksolutions.com\/de\/wp-json\/wp\/v2\/users\/1"}],"replies":[{"embeddable":true,"href":"https:\/\/www.mksolutions.com\/de\/wp-json\/wp\/v2\/comments?post=57828"}],"version-history":[{"count":26,"href":"https:\/\/www.mksolutions.com\/de\/wp-json\/wp\/v2\/pages\/57828\/revisions"}],"predecessor-version":[{"id":57842,"href":"https:\/\/www.mksolutions.com\/de\/wp-json\/wp\/v2\/pages\/57828\/revisions\/57842"}],"wp:featuredmedia":[{"embeddable":true,"href":"https:\/\/www.mksolutions.com\/de\/wp-json\/wp\/v2\/media\/62213"}],"wp:attachment":[{"href":"https:\/\/www.mksolutions.com\/de\/wp-json\/wp\/v2\/media?parent=57828"}],"curies":[{"name":"wp","href":"https:\/\/api.w.org\/{rel}","templated":true}]}}