{"id":62483,"date":"2020-10-16T10:02:41","date_gmt":"2020-10-16T08:02:41","guid":{"rendered":"https:\/\/www.mksolutions.com\/de\/?post_type=product&#038;p=62483"},"modified":"2025-06-01T01:18:28","modified_gmt":"2025-05-31T23:18:28","slug":"sneeze-guard-8-80-90","status":"publish","type":"product","link":"https:\/\/www.mksolutions.com\/da\/shop\/sneeze-guard-8-80-90\/","title":{"rendered":"SNEEZE-GUARD-8-80-90"},"content":{"rendered":"<p class=\"qtranxs-available-languages-message qtranxs-available-languages-message-da\">Denne side er desv\u00e6rre kun tilg\u00e6ngelig p\u00e5 <a href=\"https:\/\/www.mksolutions.com\/de\/wp-json\/wp\/v2\/product\/62483\" class=\"qtranxs-available-language-link qtranxs-available-language-link-de\" title=\"Deutsch\">Deutsch<\/a> og <a href=\"https:\/\/www.mksolutions.com\/en\/wp-json\/wp\/v2\/product\/62483\" class=\"qtranxs-available-language-link qtranxs-available-language-link-en\" title=\"English\">English<\/a>. For the sake of viewer convenience, the content is shown below in this site default language. You may click one of the links to switch the site language to another available language.<\/p><p><\/p>\n<ul>\n<li>mk Sneeze Guard<\/li>\n<li>Tempered Safety Glass: 0.315&#8243; (8 mm)<\/li>\n<li>Width 32&#8243; (800 mm) x Height 35&#8243; (900 mm) plus Stand<\/li>\n<li>Opening: Width 16&#8243; (400 mm) x Height 8&#8243; (200 mm)<\/li>\n<li>Stand: Length 16&#8243; (400 mm) x Height 8&#8243; (200 mm)<\/li>\n<li>not assembled, assembling instructions included<\/li>\n<\/ul>\n<p><\/p>","protected":false},"excerpt":{"rendered":"<p>Denne side er desv\u00e6rre kun tilg\u00e6ngelig p\u00e5 Deutsch og English. For the sake of viewer convenience, the content is shown [&hellip;]<\/p>\n","protected":false},"featured_media":62371,"comment_status":"open","ping_status":"closed","template":"","meta":{"_bbp_topic_count":0,"_bbp_reply_count":0,"_bbp_total_topic_count":0,"_bbp_total_reply_count":0,"_bbp_voice_count":0,"_bbp_anonymous_reply_count":0,"_bbp_topic_count_hidden":0,"_bbp_reply_count_hidden":0,"_bbp_forum_subforum_count":0},"product_cat":[491],"product_tag":[],"yoast_head":"<!-- This site is optimized with the Yoast SEO plugin v19.10 - https:\/\/yoast.com\/wordpress\/plugins\/seo\/ -->\n<title>SNEEZE-GUARD-8-80-90 - mk Solutions<\/title>\n<meta name=\"robots\" content=\"index, follow, max-snippet:-1, max-image-preview:large, max-video-preview:-1\" \/>\n<link rel=\"canonical\" href=\"https:\/\/www.mksolutions.com\/en\/shop\/sneeze-guard-8-80-90\/\" \/>\n<meta property=\"og:locale\" content=\"en_US\" \/>\n<meta property=\"og:type\" content=\"article\" \/>\n<meta property=\"og:title\" content=\"SNEEZE-GUARD-8-80-90 - mk Solutions\" \/>\n<meta property=\"og:description\" content=\"Denne side er desv\u00e6rre kun tilg\u00e6ngelig p\u00e5 Deutsch og English. For the sake of viewer convenience, the content is shown [&hellip;]\" \/>\n<meta property=\"og:url\" content=\"https:\/\/www.mksolutions.com\/en\/shop\/sneeze-guard-8-80-90\/\" \/>\n<meta property=\"og:site_name\" content=\"mk Solutions\" \/>\n<meta property=\"article:modified_time\" content=\"2025-05-31T23:18:28+00:00\" \/>\n<meta property=\"og:image\" content=\"https:\/\/www.mksolutions.com\/wp-content\/uploads\/2020\/10\/mkSneezeGuard_Lib10.jpg\" \/>\n\t<meta property=\"og:image:width\" content=\"1000\" \/>\n\t<meta property=\"og:image:height\" content=\"1000\" \/>\n\t<meta property=\"og:image:type\" content=\"image\/jpeg\" \/>\n<meta name=\"twitter:card\" content=\"summary_large_image\" \/>\n<script type=\"application\/ld+json\" class=\"yoast-schema-graph\">{\"@context\":\"https:\/\/schema.org\",\"@graph\":[{\"@type\":\"WebPage\",\"@id\":\"https:\/\/www.mksolutions.com\/en\/shop\/sneeze-guard-8-80-90\/\",\"url\":\"https:\/\/www.mksolutions.com\/en\/shop\/sneeze-guard-8-80-90\/\",\"name\":\"SNEEZE-GUARD-8-80-90 - mk Solutions\",\"isPartOf\":{\"@id\":\"https:\/\/www.mksolutions.com\/en\/#website\"},\"datePublished\":\"2020-10-16T08:02:41+00:00\",\"dateModified\":\"2025-05-31T23:18:28+00:00\",\"breadcrumb\":{\"@id\":\"https:\/\/www.mksolutions.com\/en\/shop\/sneeze-guard-8-80-90\/#breadcrumb\"},\"inLanguage\":\"dk-DK\",\"potentialAction\":[{\"@type\":\"ReadAction\",\"target\":[\"https:\/\/www.mksolutions.com\/en\/shop\/sneeze-guard-8-80-90\/\"]}]},{\"@type\":\"BreadcrumbList\",\"@id\":\"https:\/\/www.mksolutions.com\/en\/shop\/sneeze-guard-8-80-90\/#breadcrumb\",\"itemListElement\":[{\"@type\":\"ListItem\",\"position\":1,\"name\":\"Home\",\"item\":\"https:\/\/www.mksolutions.com\/en\/\"},{\"@type\":\"ListItem\",\"position\":2,\"name\":\"Shop\",\"item\":\"https:\/\/www.mksolutions.com\/en\/sneezeguard\/\"},{\"@type\":\"ListItem\",\"position\":3,\"name\":\"SNEEZE-GUARD-8-80-90\"}]},{\"@type\":\"WebSite\",\"@id\":\"https:\/\/www.mksolutions.com\/en\/#website\",\"url\":\"https:\/\/www.mksolutions.com\/en\/\",\"name\":\"mk Solutions\",\"description\":\"TagVision\",\"publisher\":{\"@id\":\"https:\/\/www.mksolutions.com\/en\/#organization\"},\"potentialAction\":[{\"@type\":\"SearchAction\",\"target\":{\"@type\":\"EntryPoint\",\"urlTemplate\":\"https:\/\/www.mksolutions.com\/en\/?s={search_term_string}\"},\"query-input\":\"required name=search_term_string\"}],\"inLanguage\":\"dk-DK\"},{\"@type\":\"Organization\",\"@id\":\"https:\/\/www.mksolutions.com\/en\/#organization\",\"name\":\"mk solution\",\"url\":\"https:\/\/www.mksolutions.com\/en\/\",\"logo\":{\"@type\":\"ImageObject\",\"inLanguage\":\"dk-DK\",\"@id\":\"https:\/\/www.mksolutions.com\/en\/#\/schema\/logo\/image\/\",\"url\":\"https:\/\/www.mksolutions.com\/wp-content\/uploads\/2017\/05\/cropped-mk_solutions_website_icon.png\",\"contentUrl\":\"https:\/\/www.mksolutions.com\/wp-content\/uploads\/2017\/05\/cropped-mk_solutions_website_icon.png\",\"width\":512,\"height\":512,\"caption\":\"mk solution\"},\"image\":{\"@id\":\"https:\/\/www.mksolutions.com\/en\/#\/schema\/logo\/image\/\"}}]}<\/script>\n<!-- \/ Yoast SEO plugin. -->","yoast_head_json":{"title":"SNEEZE-GUARD-8-80-90 - mk Solutions","robots":{"index":"index","follow":"follow","max-snippet":"max-snippet:-1","max-image-preview":"max-image-preview:large","max-video-preview":"max-video-preview:-1"},"canonical":"https:\/\/www.mksolutions.com\/en\/shop\/sneeze-guard-8-80-90\/","og_locale":"en_US","og_type":"article","og_title":"SNEEZE-GUARD-8-80-90 - mk Solutions","og_description":"Denne side er desv\u00e6rre kun tilg\u00e6ngelig p\u00e5 Deutsch og English. For the sake of viewer convenience, the content is shown [&hellip;]","og_url":"https:\/\/www.mksolutions.com\/en\/shop\/sneeze-guard-8-80-90\/","og_site_name":"mk Solutions","article_modified_time":"2025-05-31T23:18:28+00:00","og_image":[{"width":1000,"height":1000,"url":"https:\/\/www.mksolutions.com\/wp-content\/uploads\/2020\/10\/mkSneezeGuard_Lib10.jpg","type":"image\/jpeg"}],"twitter_card":"summary_large_image","schema":{"@context":"https:\/\/schema.org","@graph":[{"@type":"WebPage","@id":"https:\/\/www.mksolutions.com\/en\/shop\/sneeze-guard-8-80-90\/","url":"https:\/\/www.mksolutions.com\/en\/shop\/sneeze-guard-8-80-90\/","name":"SNEEZE-GUARD-8-80-90 - mk Solutions","isPartOf":{"@id":"https:\/\/www.mksolutions.com\/en\/#website"},"datePublished":"2020-10-16T08:02:41+00:00","dateModified":"2025-05-31T23:18:28+00:00","breadcrumb":{"@id":"https:\/\/www.mksolutions.com\/en\/shop\/sneeze-guard-8-80-90\/#breadcrumb"},"inLanguage":"dk-DK","potentialAction":[{"@type":"ReadAction","target":["https:\/\/www.mksolutions.com\/en\/shop\/sneeze-guard-8-80-90\/"]}]},{"@type":"BreadcrumbList","@id":"https:\/\/www.mksolutions.com\/en\/shop\/sneeze-guard-8-80-90\/#breadcrumb","itemListElement":[{"@type":"ListItem","position":1,"name":"Home","item":"https:\/\/www.mksolutions.com\/en\/"},{"@type":"ListItem","position":2,"name":"Shop","item":"https:\/\/www.mksolutions.com\/en\/sneezeguard\/"},{"@type":"ListItem","position":3,"name":"SNEEZE-GUARD-8-80-90"}]},{"@type":"WebSite","@id":"https:\/\/www.mksolutions.com\/en\/#website","url":"https:\/\/www.mksolutions.com\/en\/","name":"mk Solutions","description":"TagVision","publisher":{"@id":"https:\/\/www.mksolutions.com\/en\/#organization"},"potentialAction":[{"@type":"SearchAction","target":{"@type":"EntryPoint","urlTemplate":"https:\/\/www.mksolutions.com\/en\/?s={search_term_string}"},"query-input":"required name=search_term_string"}],"inLanguage":"dk-DK"},{"@type":"Organization","@id":"https:\/\/www.mksolutions.com\/en\/#organization","name":"mk solution","url":"https:\/\/www.mksolutions.com\/en\/","logo":{"@type":"ImageObject","inLanguage":"dk-DK","@id":"https:\/\/www.mksolutions.com\/en\/#\/schema\/logo\/image\/","url":"https:\/\/www.mksolutions.com\/wp-content\/uploads\/2017\/05\/cropped-mk_solutions_website_icon.png","contentUrl":"https:\/\/www.mksolutions.com\/wp-content\/uploads\/2017\/05\/cropped-mk_solutions_website_icon.png","width":512,"height":512,"caption":"mk solution"},"image":{"@id":"https:\/\/www.mksolutions.com\/en\/#\/schema\/logo\/image\/"}}]}},"_links":{"self":[{"href":"https:\/\/www.mksolutions.com\/da\/wp-json\/wp\/v2\/product\/62483"}],"collection":[{"href":"https:\/\/www.mksolutions.com\/da\/wp-json\/wp\/v2\/product"}],"about":[{"href":"https:\/\/www.mksolutions.com\/da\/wp-json\/wp\/v2\/types\/product"}],"replies":[{"embeddable":true,"href":"https:\/\/www.mksolutions.com\/da\/wp-json\/wp\/v2\/comments?post=62483"}],"wp:featuredmedia":[{"embeddable":true,"href":"https:\/\/www.mksolutions.com\/da\/wp-json\/wp\/v2\/media\/62371"}],"wp:attachment":[{"href":"https:\/\/www.mksolutions.com\/da\/wp-json\/wp\/v2\/media?parent=62483"}],"wp:term":[{"taxonomy":"product_cat","embeddable":true,"href":"https:\/\/www.mksolutions.com\/da\/wp-json\/wp\/v2\/product_cat?post=62483"},{"taxonomy":"product_tag","embeddable":true,"href":"https:\/\/www.mksolutions.com\/da\/wp-json\/wp\/v2\/product_tag?post=62483"}],"curies":[{"name":"wp","href":"https:\/\/api.w.org\/{rel}","templated":true}]}}