{"id":60381,"date":"2017-08-19T17:46:51","date_gmt":"2017-08-19T15:46:51","guid":{"rendered":"https:\/\/mk-solutions.com\/?post_type=product&#038;p=60381\/"},"modified":"2024-11-11T07:46:44","modified_gmt":"2024-11-11T06:46:44","slug":"book-tag-rectangular-for-printed-items-media-cases","status":"publish","type":"product","link":"https:\/\/www.mksolutions.com\/da\/shop\/book-tag-rectangular-for-printed-items-media-cases-tag32-x2-id-6000-pcs-box\/","title":{"rendered":"Book Tag rectangular for Printed Items &#038; Media Cases &#8211; TAG32-X2-ID &#8211; 6,000 pcs\/box"},"content":{"rendered":"<p>[vc_row row_height_percent=&#8221;0&#8243; overlay_alpha=&#8221;50&#8243; gutter_size=&#8221;3&#8243; shift_y=&#8221;0&#8243; css=&#8221;.vc_custom_1497949686902{margin-top: 40px !important;}&#8221;][vc_column width=&#8221;1\/1&#8243;][vc_custom_heading text_color=&#8221;accent&#8221; heading_semantic=&#8221;p&#8221; text_size=&#8221;h4&#8243; el_class=&#8221;productinfo-heading&#8221;]Product Description[\/vc_custom_heading][vc_column_text uncode_shortcode_id=&#8221;414638&#8243;]Book Tag rectangular for Printed Items &amp; Media Cases<\/p>\n<p><b>Color<\/b> white<\/p>\n<p><strong>Product Code<\/strong> 402308<\/p>\n<p><strong>Quantity per Box<\/strong> 6,000 (four roles with 1,500 each)[\/vc_column_text][\/vc_column][\/vc_row][vc_row][vc_column width=&#8221;1\/1&#8243;][vc_custom_heading text_color=&#8221;accent&#8221; heading_semantic=&#8221;p&#8221; text_size=&#8221;h4&#8243; el_class=&#8221;productinfo-heading&#8221;]Overview[\/vc_custom_heading][vc_row_inner][vc_column_inner width=&#8221;1\/4&#8243;][vc_column_text]<strong>Operating Frequenz<\/strong><\/p>\n<p>13.56 MHz[\/vc_column_text][vc_column_text]<strong>Memory<\/strong><\/p>\n<p>2.5k bit[\/vc_column_text][vc_column_text]<strong>Quality Assurance<\/strong><\/p>\n<p>100% performance tested[\/vc_column_text][\/vc_column_inner][vc_column_inner width=&#8221;1\/4&#8243;][vc_column_text]<strong>Integrated Circuit (IC)<\/strong><\/p>\n<p>NXP ICODE SLIX &amp; SLIX2[\/vc_column_text][vc_column_text]<strong>Die-cut Size<\/strong><\/p>\n<p>49 x 81 mm (1.9 x 3.2 in)[\/vc_column_text][\/vc_column_inner][vc_column_inner column_width_percent=&#8221;100&#8243; gutter_size=&#8221;3&#8243; overlay_alpha=&#8221;50&#8243; shift_x=&#8221;0&#8243; shift_y=&#8221;0&#8243; z_index=&#8221;0&#8243; medium_visibility=&#8221;yes&#8221; medium_width=&#8221;0&#8243; mobile_visibility=&#8221;yes&#8221; mobile_width=&#8221;0&#8243; width=&#8221;1\/4&#8243;][\/vc_column_inner][vc_column_inner column_width_percent=&#8221;100&#8243; gutter_size=&#8221;3&#8243; overlay_alpha=&#8221;50&#8243; shift_x=&#8221;0&#8243; shift_y=&#8221;0&#8243; z_index=&#8221;0&#8243; medium_visibility=&#8221;yes&#8221; medium_width=&#8221;0&#8243; mobile_visibility=&#8221;yes&#8221; mobile_width=&#8221;0&#8243; width=&#8221;1\/4&#8243;][\/vc_column_inner][\/vc_row_inner][\/vc_column][\/vc_row][vc_row][vc_column width=&#8221;1\/1&#8243;][vc_custom_heading text_color=&#8221;accent&#8221; heading_semantic=&#8221;p&#8221; text_size=&#8221;h4&#8243; el_class=&#8221;productinfo-heading&#8221;]International Standards[\/vc_custom_heading][vc_column_text]<\/p>\n<ul>\n<li>ISO 15693<\/li>\n<li>ISO 18000-3 Mode 1<\/li>\n<\/ul>\n<p>[\/vc_column_text][\/vc_column][\/vc_row]<\/p>","protected":false},"excerpt":{"rendered":"<p class=\"qtranxs-available-languages-message qtranxs-available-languages-message-da\">Denne side er desv\u00e6rre kun tilg\u00e6ngelig p\u00e5 <a href=\"https:\/\/www.mksolutions.com\/de\/wp-json\/wp\/v2\/product\/60381\" class=\"qtranxs-available-language-link qtranxs-available-language-link-de\" title=\"Deutsch\">Deutsch<\/a> og <a href=\"https:\/\/www.mksolutions.com\/en\/wp-json\/wp\/v2\/product\/60381\" class=\"qtranxs-available-language-link qtranxs-available-language-link-en\" title=\"English\">English<\/a>. For the sake of viewer convenience, the content is shown below in this site default language. You may click one of the links to switch the site language to another available language.<\/p>\n<p>Book Tag rectangular for Printed Items &amp; Media Cases, wei\u00df<\/p>\n<p>81 x 49 mm \/ 3.19&#8242; x 1.93\u201d<\/p>\n<p>SLI-X2 chip<\/p>\n<p>ISO 15693<\/p>\n<p>ISO 18000<\/p>\n<p>6,000 per box \u2013 four rolls w\/ 1,500 each<\/p>\n<p>13.4&#215;10.7&#215;11&#8242; (34x27x28cm) per box<\/p>\n<p>18.7lbs (8.5kg) per box<\/p>\n","protected":false},"featured_media":59732,"comment_status":"open","ping_status":"closed","template":"","meta":{"_bbp_topic_count":0,"_bbp_reply_count":0,"_bbp_total_topic_count":0,"_bbp_total_reply_count":0,"_bbp_voice_count":0,"_bbp_anonymous_reply_count":0,"_bbp_topic_count_hidden":0,"_bbp_reply_count_hidden":0,"_bbp_forum_subforum_count":0},"product_cat":[175],"product_tag":[],"yoast_head":"<!-- This site is optimized with the Yoast SEO plugin v19.10 - https:\/\/yoast.com\/wordpress\/plugins\/seo\/ -->\n<title>Book Tag rectangular for Printed Items &amp; Media Cases - TAG32-X2-ID - 6,000 pcs\/box - mk Solutions<\/title>\n<meta name=\"robots\" content=\"index, follow, max-snippet:-1, max-image-preview:large, max-video-preview:-1\" \/>\n<link rel=\"canonical\" href=\"https:\/\/www.mksolutions.com\/de\/shop\/tag32-x2-id\/\" \/>\n<meta property=\"og:locale\" content=\"en_US\" \/>\n<meta property=\"og:type\" content=\"article\" \/>\n<meta property=\"og:title\" content=\"Book Tag rectangular for Printed Items &amp; Media Cases - TAG32-X2-ID - 6,000 pcs\/box - mk Solutions\" \/>\n<meta property=\"og:description\" content=\"[:de]Book Tag rectangular for Printed Items &amp; Media Cases, wei\u00df  81 x 49 mm \/ 3.19&#039; x 1.93\u201d  SLI-X2 chip  ISO 15693  ISO 18000  6,000 per box \u2013 four rolls w\/ 1,500 each  13.4x10.7x11&#039; (34x27x28cm) per box  18.7lbs (8.5kg) per box[:en]Book Tag rectangular for Printed Items &amp; Media Cases, white  81 x 49 mm \/ 3.19&#039; x 1.93\u201d  SLI-X2 chip  ISO 15693  ISO 18000  6,000 per box \u2013 four rolls w\/ 1,500 each  13.4x10.7x11&#039; (34x27x28cm) per box  18.7lbs (8.5kg) per box[:]\" \/>\n<meta property=\"og:url\" content=\"https:\/\/www.mksolutions.com\/de\/shop\/tag32-x2-id\/\" \/>\n<meta property=\"og:site_name\" content=\"mk Solutions\" \/>\n<meta property=\"article:modified_time\" content=\"2024-11-11T06:46:44+00:00\" \/>\n<meta property=\"og:image\" content=\"https:\/\/www.mksolutions.com\/wp-content\/uploads\/2017\/06\/mk_solutions_smartrac_racetrack.jpg\" \/>\n\t<meta property=\"og:image:width\" content=\"751\" \/>\n\t<meta property=\"og:image:height\" content=\"500\" \/>\n\t<meta property=\"og:image:type\" content=\"image\/jpeg\" \/>\n<meta name=\"twitter:card\" content=\"summary_large_image\" \/>\n<script type=\"application\/ld+json\" class=\"yoast-schema-graph\">{\"@context\":\"https:\/\/schema.org\",\"@graph\":[{\"@type\":\"WebPage\",\"@id\":\"https:\/\/www.mksolutions.com\/de\/shop\/tag32-x2-id\/\",\"url\":\"https:\/\/www.mksolutions.com\/de\/shop\/tag32-x2-id\/\",\"name\":\"Book Tag rectangular for Printed Items & Media Cases - TAG32-X2-ID - 6,000 pcs\/box - mk Solutions\",\"isPartOf\":{\"@id\":\"https:\/\/www.mksolutions.com\/en\/#website\"},\"datePublished\":\"2017-08-19T15:46:51+00:00\",\"dateModified\":\"2024-11-11T06:46:44+00:00\",\"breadcrumb\":{\"@id\":\"https:\/\/www.mksolutions.com\/de\/shop\/tag32-x2-id\/#breadcrumb\"},\"inLanguage\":\"dk-DK\",\"potentialAction\":[{\"@type\":\"ReadAction\",\"target\":[\"https:\/\/www.mksolutions.com\/de\/shop\/tag32-x2-id\/\"]}]},{\"@type\":\"BreadcrumbList\",\"@id\":\"https:\/\/www.mksolutions.com\/de\/shop\/tag32-x2-id\/#breadcrumb\",\"itemListElement\":[{\"@type\":\"ListItem\",\"position\":1,\"name\":\"Home\",\"item\":\"https:\/\/www.mksolutions.com\/en\/\"},{\"@type\":\"ListItem\",\"position\":2,\"name\":\"Shop\",\"item\":\"https:\/\/www.mksolutions.com\/en\/sneezeguard\/\"},{\"@type\":\"ListItem\",\"position\":3,\"name\":\"Book Tag rectangular for Printed Items &#038; Media Cases &#8211; TAG32-X2-ID &#8211; 6.000 Stk.\"}]},{\"@type\":\"WebSite\",\"@id\":\"https:\/\/www.mksolutions.com\/en\/#website\",\"url\":\"https:\/\/www.mksolutions.com\/en\/\",\"name\":\"mk Solutions\",\"description\":\"TagVision\",\"publisher\":{\"@id\":\"https:\/\/www.mksolutions.com\/en\/#organization\"},\"potentialAction\":[{\"@type\":\"SearchAction\",\"target\":{\"@type\":\"EntryPoint\",\"urlTemplate\":\"https:\/\/www.mksolutions.com\/en\/?s={search_term_string}\"},\"query-input\":\"required name=search_term_string\"}],\"inLanguage\":\"dk-DK\"},{\"@type\":\"Organization\",\"@id\":\"https:\/\/www.mksolutions.com\/en\/#organization\",\"name\":\"mk solution\",\"url\":\"https:\/\/www.mksolutions.com\/en\/\",\"logo\":{\"@type\":\"ImageObject\",\"inLanguage\":\"dk-DK\",\"@id\":\"https:\/\/www.mksolutions.com\/en\/#\/schema\/logo\/image\/\",\"url\":\"https:\/\/www.mksolutions.com\/wp-content\/uploads\/2017\/05\/cropped-mk_solutions_website_icon.png\",\"contentUrl\":\"https:\/\/www.mksolutions.com\/wp-content\/uploads\/2017\/05\/cropped-mk_solutions_website_icon.png\",\"width\":512,\"height\":512,\"caption\":\"mk solution\"},\"image\":{\"@id\":\"https:\/\/www.mksolutions.com\/en\/#\/schema\/logo\/image\/\"}}]}<\/script>\n<!-- \/ Yoast SEO plugin. -->","yoast_head_json":{"title":"Book Tag rectangular for Printed Items & Media Cases - TAG32-X2-ID - 6,000 pcs\/box - mk Solutions","robots":{"index":"index","follow":"follow","max-snippet":"max-snippet:-1","max-image-preview":"max-image-preview:large","max-video-preview":"max-video-preview:-1"},"canonical":"https:\/\/www.mksolutions.com\/de\/shop\/tag32-x2-id\/","og_locale":"en_US","og_type":"article","og_title":"Book Tag rectangular for Printed Items & Media Cases - TAG32-X2-ID - 6,000 pcs\/box - mk Solutions","og_description":"[:de]Book Tag rectangular for Printed Items &amp; Media Cases, wei\u00df  81 x 49 mm \/ 3.19' x 1.93\u201d  SLI-X2 chip  ISO 15693  ISO 18000  6,000 per box \u2013 four rolls w\/ 1,500 each  13.4x10.7x11' (34x27x28cm) per box  18.7lbs (8.5kg) per box[:en]Book Tag rectangular for Printed Items &amp; Media Cases, white  81 x 49 mm \/ 3.19' x 1.93\u201d  SLI-X2 chip  ISO 15693  ISO 18000  6,000 per box \u2013 four rolls w\/ 1,500 each  13.4x10.7x11' (34x27x28cm) per box  18.7lbs (8.5kg) per box[:]","og_url":"https:\/\/www.mksolutions.com\/de\/shop\/tag32-x2-id\/","og_site_name":"mk Solutions","article_modified_time":"2024-11-11T06:46:44+00:00","og_image":[{"width":751,"height":500,"url":"https:\/\/www.mksolutions.com\/wp-content\/uploads\/2017\/06\/mk_solutions_smartrac_racetrack.jpg","type":"image\/jpeg"}],"twitter_card":"summary_large_image","schema":{"@context":"https:\/\/schema.org","@graph":[{"@type":"WebPage","@id":"https:\/\/www.mksolutions.com\/de\/shop\/tag32-x2-id\/","url":"https:\/\/www.mksolutions.com\/de\/shop\/tag32-x2-id\/","name":"Book Tag rectangular for Printed Items & Media Cases - TAG32-X2-ID - 6,000 pcs\/box - mk Solutions","isPartOf":{"@id":"https:\/\/www.mksolutions.com\/en\/#website"},"datePublished":"2017-08-19T15:46:51+00:00","dateModified":"2024-11-11T06:46:44+00:00","breadcrumb":{"@id":"https:\/\/www.mksolutions.com\/de\/shop\/tag32-x2-id\/#breadcrumb"},"inLanguage":"dk-DK","potentialAction":[{"@type":"ReadAction","target":["https:\/\/www.mksolutions.com\/de\/shop\/tag32-x2-id\/"]}]},{"@type":"BreadcrumbList","@id":"https:\/\/www.mksolutions.com\/de\/shop\/tag32-x2-id\/#breadcrumb","itemListElement":[{"@type":"ListItem","position":1,"name":"Home","item":"https:\/\/www.mksolutions.com\/en\/"},{"@type":"ListItem","position":2,"name":"Shop","item":"https:\/\/www.mksolutions.com\/en\/sneezeguard\/"},{"@type":"ListItem","position":3,"name":"Book Tag rectangular for Printed Items &#038; Media Cases &#8211; TAG32-X2-ID &#8211; 6.000 Stk."}]},{"@type":"WebSite","@id":"https:\/\/www.mksolutions.com\/en\/#website","url":"https:\/\/www.mksolutions.com\/en\/","name":"mk Solutions","description":"TagVision","publisher":{"@id":"https:\/\/www.mksolutions.com\/en\/#organization"},"potentialAction":[{"@type":"SearchAction","target":{"@type":"EntryPoint","urlTemplate":"https:\/\/www.mksolutions.com\/en\/?s={search_term_string}"},"query-input":"required name=search_term_string"}],"inLanguage":"dk-DK"},{"@type":"Organization","@id":"https:\/\/www.mksolutions.com\/en\/#organization","name":"mk solution","url":"https:\/\/www.mksolutions.com\/en\/","logo":{"@type":"ImageObject","inLanguage":"dk-DK","@id":"https:\/\/www.mksolutions.com\/en\/#\/schema\/logo\/image\/","url":"https:\/\/www.mksolutions.com\/wp-content\/uploads\/2017\/05\/cropped-mk_solutions_website_icon.png","contentUrl":"https:\/\/www.mksolutions.com\/wp-content\/uploads\/2017\/05\/cropped-mk_solutions_website_icon.png","width":512,"height":512,"caption":"mk solution"},"image":{"@id":"https:\/\/www.mksolutions.com\/en\/#\/schema\/logo\/image\/"}}]}},"_links":{"self":[{"href":"https:\/\/www.mksolutions.com\/da\/wp-json\/wp\/v2\/product\/60381"}],"collection":[{"href":"https:\/\/www.mksolutions.com\/da\/wp-json\/wp\/v2\/product"}],"about":[{"href":"https:\/\/www.mksolutions.com\/da\/wp-json\/wp\/v2\/types\/product"}],"replies":[{"embeddable":true,"href":"https:\/\/www.mksolutions.com\/da\/wp-json\/wp\/v2\/comments?post=60381"}],"wp:featuredmedia":[{"embeddable":true,"href":"https:\/\/www.mksolutions.com\/da\/wp-json\/wp\/v2\/media\/59732"}],"wp:attachment":[{"href":"https:\/\/www.mksolutions.com\/da\/wp-json\/wp\/v2\/media?parent=60381"}],"wp:term":[{"taxonomy":"product_cat","embeddable":true,"href":"https:\/\/www.mksolutions.com\/da\/wp-json\/wp\/v2\/product_cat?post=60381"},{"taxonomy":"product_tag","embeddable":true,"href":"https:\/\/www.mksolutions.com\/da\/wp-json\/wp\/v2\/product_tag?post=60381"}],"curies":[{"name":"wp","href":"https:\/\/api.w.org\/{rel}","templated":true}]}}