{"id":63054,"date":"2022-03-22T00:05:56","date_gmt":"2022-03-21T23:05:56","guid":{"rendered":"https:\/\/www.mksolutions.com\/en\/?page_id=63054"},"modified":"2024-10-18T11:01:42","modified_gmt":"2024-10-18T09:01:42","slug":"inventory-solutions","status":"publish","type":"page","link":"https:\/\/www.mksolutions.com\/da\/inventory-solutions\/","title":{"rendered":"Inventory Solutions"},"content":{"rendered":"<p>[vc_row row_height_percent=&#8221;0&#8243; override_padding=&#8221;yes&#8221; h_padding=&#8221;2&#8243; top_padding=&#8221;3&#8243; bottom_padding=&#8221;0&#8243; back_color=&#8221;color-lxmt&#8221; overlay_alpha=&#8221;50&#8243; gutter_size=&#8221;3&#8243; shift_y=&#8221;0&#8243; row_name=&#8221;Handheld System&#8221;][vc_column width=&#8221;1\/1&#8243;][\/vc_column][\/vc_row][vc_row row_height_percent=&#8221;0&#8243; override_padding=&#8221;yes&#8221; h_padding=&#8221;2&#8243; top_padding=&#8221;0&#8243; bottom_padding=&#8221;0&#8243; back_color=&#8221;color-lxmt&#8221; overlay_alpha=&#8221;50&#8243; gutter_size=&#8221;3&#8243; shift_y=&#8221;0&#8243;][vc_column width=&#8221;1\/1&#8243;][vc_raw_html]JTNDZGl2JTIwY2xhc3MlM0QlMjJtb2JpbGUtbWVudS10b2dnbGUlMjIlM0VDaG9vc2UlMjBhJTIwcHJvZHVjdCUzQ2klMjBjbGFzcyUzRCUyMmZhJTIwZmEtYW5nbGUtZG93biUyMiUyMGFyaWEtaGlkZGVuJTNEJTIydHJ1ZSUyMiUzRSUzQyUyRmklM0UlM0MlMkZkaXYlM0U=[\/vc_raw_html][\/vc_column][\/vc_row][vc_row row_height_percent=&#8221;0&#8243; override_padding=&#8221;yes&#8221; h_padding=&#8221;2&#8243; top_padding=&#8221;0&#8243; bottom_padding=&#8221;0&#8243; back_color=&#8221;color-lxmt&#8221; overlay_alpha=&#8221;50&#8243; gutter_size=&#8221;3&#8243; shift_y=&#8221;0&#8243; el_class=&#8221;product-subnav&#8221;][vc_column width=&#8221;1\/1&#8243;][vc_column_text el_class=&#8221;subnav_product&#8221; uncode_shortcode_id=&#8221;276550&#8243;]<\/p>\n<ul>\n<li><a href=\"\/da\/rfid-tags\/\">RFID tags<\/a><\/li>\n<li><a class=\"active\" href=\"\/da\/inventory-solutions\/\">Lagerl\u00f8sninger<\/a><\/li>\n<li><a href=\"\/da\/staffstation\/\">StaffStation<\/a><\/li>\n<\/ul>\n<p>[\/vc_column_text][\/vc_column][\/vc_row][vc_row row_height_percent=&#8221;0&#8243; override_padding=&#8221;yes&#8221; h_padding=&#8221;2&#8243; top_padding=&#8221;3&#8243; bottom_padding=&#8221;0&#8243; back_color=&#8221;color-lxmt&#8221; overlay_alpha=&#8221;100&#8243; gutter_size=&#8221;100&#8243; shift_y=&#8221;0&#8243; style=&#8221;dark&#8221;][vc_column column_width_use_pixel=&#8221;yes&#8221; align_horizontal=&#8221;align_center&#8221; gutter_size=&#8221;3&#8243; overlay_alpha=&#8221;100&#8243; shift_x=&#8221;0&#8243; shift_y=&#8221;0&#8243; medium_width=&#8221;0&#8243; zoom_width=&#8221;0&#8243; zoom_height=&#8221;0&#8243; width=&#8221;1\/1&#8243; column_width_pixel=&#8221;800&#8243;][vc_custom_heading text_size=&#8221;&#8221; text_weight=&#8221;500&#8243; text_transform=&#8221;uppercase&#8221; separator=&#8221;yes&#8221; sub_lead=&#8221;yes&#8221; sub_reduced=&#8221;yes&#8221; uncode_shortcode_id=&#8221;140860&#8243;]Beholdningsl\u00f8sninger[\/vc_custom_heading][\/vc_column][\/vc_row][vc_row row_height_percent=&#8221;0&#8243; override_padding=&#8221;yes&#8221; h_padding=&#8221;2&#8243; top_padding=&#8221;4&#8243; bottom_padding=&#8221;4&#8243; back_color=&#8221;color-lxmt&#8221; overlay_alpha=&#8221;50&#8243; gutter_size=&#8221;3&#8243; shift_y=&#8221;0&#8243;][vc_column column_width_percent=&#8221;100&#8243; position_vertical=&#8221;middle&#8221; gutter_size=&#8221;3&#8243; override_padding=&#8221;yes&#8221; column_padding=&#8221;2&#8243; overlay_alpha=&#8221;50&#8243; shift_x=&#8221;0&#8243; shift_y=&#8221;0&#8243; medium_width=&#8221;4&#8243; zoom_width=&#8221;0&#8243; zoom_height=&#8221;0&#8243; width=&#8221;1\/2&#8243;][vc_single_image media=&#8221;63057&#8243; media_width_use_pixel=&#8221;yes&#8221; alignment=&#8221;center&#8221; image=&#8221;2286&#8243; border_color=&#8221;grey&#8221; img_link_target=&#8221;_self&#8221; img_size=&#8221;full&#8221; media_width_pixel=&#8221;350&#8243;][\/vc_column][vc_column column_width_percent=&#8221;100&#8243; position_vertical=&#8221;middle&#8221; gutter_size=&#8221;3&#8243; overlay_alpha=&#8221;50&#8243; shift_x=&#8221;0&#8243; shift_y=&#8221;0&#8243; medium_width=&#8221;4&#8243; zoom_width=&#8221;0&#8243; zoom_height=&#8221;0&#8243; width=&#8221;1\/2&#8243;][vc_icon position=&#8221;left&#8221; icon=&#8221;fa fa-magnifying-glass&#8221; size=&#8221;fa-3x&#8221; text_weight=&#8221;300&#8243; align=&#8221;left&#8221; title=&#8221;Let at bruge&#8221; uncode_shortcode_id=&#8221;682913&#8243;]Identificer b\u00f8ger og medier hurtigt og pr\u00e6cist p\u00e5 hylden eller ved beholdnings opg\u00f8relse.[\/vc_icon][vc_separator sep_color=&#8221;,Default&#8221;][vc_icon position=&#8221;left&#8221; icon=&#8221;fa fa-tools&#8221; size=&#8221;fa-3x&#8221; text_weight=&#8221;300&#8243; align=&#8221;left&#8221; title=&#8221;Fleksibelt design&#8221; uncode_shortcode_id=&#8221;186884&#8243;]Fleksibelt, ergonomisk og let design.[\/vc_icon][vc_separator sep_color=&#8221;,Default&#8221;][vc_icon position=&#8221;left&#8221; icon=&#8221;fa fa-gears2&#8243; size=&#8221;fa-3x&#8221; text_weight=&#8221;300&#8243; align=&#8221;left&#8221; title=&#8221;Hurtig identifikation&#8221; uncode_shortcode_id=&#8221;847214&#8243;]Op til 40 tags identificeret pr. sekund.[\/vc_icon][\/vc_column][\/vc_row][vc_row row_height_percent=&#8221;0&#8243; override_padding=&#8221;yes&#8221; h_padding=&#8221;2&#8243; top_padding=&#8221;3&#8243; bottom_padding=&#8221;2&#8243; overlay_alpha=&#8221;50&#8243; equal_height=&#8221;yes&#8221; gutter_size=&#8221;3&#8243; shift_y=&#8221;0&#8243; row_name=&#8221;Produktdetails&#8221;][vc_column width=&#8221;1\/2&#8243;][vc_custom_heading text_weight=&#8221;300&#8243; uncode_shortcode_id=&#8221;109349&#8243;]Produktoplysninger[\/vc_custom_heading][vc_column_text uncode_shortcode_id=&#8221;118846&#8243;]Hyldescanningssystemet g\u00f8r det muligt for personalet at finde materialer, kontrollere status og<br \/>\ngennemf\u00f8re beholdningsregistrering. Perfekt til arbejdet mellem hylderne.[\/vc_column_text][\/vc_column][vc_column column_width_percent=&#8221;100&#8243; position_vertical=&#8221;bottom&#8221; align_horizontal=&#8221;align_right&#8221; gutter_size=&#8221;3&#8243; overlay_alpha=&#8221;50&#8243; shift_x=&#8221;0&#8243; shift_y=&#8221;0&#8243; z_index=&#8221;0&#8243; medium_width=&#8221;0&#8243; mobile_width=&#8221;0&#8243; width=&#8221;1\/2&#8243; el_class=&#8221;btn-mob-left&#8221;][vc_button button_color=&#8221;accent&#8221; radius=&#8221;btn-circle&#8221; border_width=&#8221;0&#8243; link=&#8221;url:https%3A%2F%2Fwww.mksolutions.com%2Fda%2Fdownloads%2F&#8221; button_color_type=&#8221;uncode-palette&#8221; uncode_shortcode_id=&#8221;204031&#8243;]Brochurer og datablade[\/vc_button][vc_button button_color=&#8221;accent&#8221; radius=&#8221;btn-circle&#8221; border_width=&#8221;0&#8243; link=&#8221;url:https%3A%2F%2Fwww.mksolutions.com%2Fda%2Fkontakt%2F&#8221; button_color_type=&#8221;uncode-palette&#8221; uncode_shortcode_id=&#8221;231256&#8243;]Send en foresp\u00f8rgsel[\/vc_button][\/vc_column][\/vc_row][vc_row][vc_column width=&#8221;1\/1&#8243;][vc_separator sep_color=&#8221;,Default&#8221;][\/vc_column][\/vc_row][vc_row row_height_percent=&#8221;0&#8243; override_padding=&#8221;yes&#8221; h_padding=&#8221;2&#8243; top_padding=&#8221;0&#8243; bottom_padding=&#8221;0&#8243; overlay_alpha=&#8221;50&#8243; gutter_size=&#8221;3&#8243; shift_y=&#8221;0&#8243;][vc_column column_width_percent=&#8221;100&#8243; gutter_size=&#8221;3&#8243; override_padding=&#8221;yes&#8221; column_padding=&#8221;0&#8243; overlay_alpha=&#8221;50&#8243; shift_x=&#8221;0&#8243; shift_y=&#8221;0&#8243; z_index=&#8221;0&#8243; medium_width=&#8221;4&#8243; mobile_width=&#8221;0&#8243; zoom_width=&#8221;0&#8243; zoom_height=&#8221;0&#8243; width=&#8221;1\/4&#8243;][vc_custom_heading heading_semantic=&#8221;h3&#8243; text_size=&#8221;h3&#8243; text_weight=&#8221;300&#8243; uncode_shortcode_id=&#8221;212586&#8243;]Fordele[\/vc_custom_heading][\/vc_column][vc_column column_width_percent=&#8221;100&#8243; position_vertical=&#8221;middle&#8221; gutter_size=&#8221;3&#8243; overlay_alpha=&#8221;50&#8243; shift_x=&#8221;0&#8243; shift_y=&#8221;0&#8243; medium_width=&#8221;4&#8243; zoom_width=&#8221;0&#8243; zoom_height=&#8221;0&#8243; width=&#8221;3\/4&#8243;][vc_column_text uncode_shortcode_id=&#8221;111957&#8243;]<\/p>\n<ul>\n<li>Ekstremt hurtig detektion af materialer<\/li>\n<li>Ergonomisk designet RFID hyldel\u00e6ser<\/li>\n<li>Let at bruge \/ letv\u00e6gt<\/li>\n<li>Boost -tilstand til \u00f8get mediedetektion<\/li>\n<li>mk Libsarch -app kan bruges p\u00e5 mobiltelefoner, tablets, b\u00e6rbare computere<\/li>\n<\/ul>\n<p>[\/vc_column_text][\/vc_column][\/vc_row][vc_row][vc_column width=&#8221;1\/1&#8243;][vc_separator sep_color=&#8221;,Default&#8221;][\/vc_column][\/vc_row][vc_row row_height_percent=&#8221;0&#8243; override_padding=&#8221;yes&#8221; h_padding=&#8221;2&#8243; top_padding=&#8221;0&#8243; bottom_padding=&#8221;0&#8243; overlay_alpha=&#8221;50&#8243; gutter_size=&#8221;3&#8243; shift_y=&#8221;0&#8243;][vc_column column_width_percent=&#8221;100&#8243; gutter_size=&#8221;3&#8243; override_padding=&#8221;yes&#8221; column_padding=&#8221;0&#8243; overlay_alpha=&#8221;50&#8243; shift_x=&#8221;0&#8243; shift_y=&#8221;0&#8243; z_index=&#8221;0&#8243; medium_width=&#8221;4&#8243; mobile_width=&#8221;0&#8243; zoom_width=&#8221;0&#8243; zoom_height=&#8221;0&#8243; width=&#8221;1\/4&#8243;][vc_custom_heading heading_semantic=&#8221;h3&#8243; text_size=&#8221;h3&#8243; text_weight=&#8221;300&#8243; uncode_shortcode_id=&#8221;140494&#8243;]Detaljer[\/vc_custom_heading][\/vc_column][vc_column column_width_percent=&#8221;100&#8243; position_vertical=&#8221;middle&#8221; gutter_size=&#8221;3&#8243; overlay_alpha=&#8221;50&#8243; shift_x=&#8221;0&#8243; shift_y=&#8221;0&#8243; medium_width=&#8221;4&#8243; zoom_width=&#8221;0&#8243; zoom_height=&#8221;0&#8243; width=&#8221;3\/4&#8243;][vc_column_text uncode_shortcode_id=&#8221;321409&#8243;]<strong>Tekniske detaljer<\/strong><\/p>\n<ul>\n<li>Dimensioner: 46 cm x 26 cm H x 2,7 cm D (antennetykkelse: 0,15 cm)<\/li>\n<li>V\u00e6gt: 0,6 kg. inklusive batteripakke<\/li>\n<li>40+ genstande identificeret pr. sekund<\/li>\n<li>Lang batterilevetid, op til 16 timer. uden genopladning<\/li>\n<li>Lyd og\/eller visuel alarm n\u00e5r varer der opfylder de valgte kriterier findes<\/li>\n<li>Tr\u00e5dl\u00f8st netv\u00e6rk\/Wi-Fi forbindelse (WEP\/WPA\/WPA2 netv\u00e6rkssikkerhed)<\/li>\n<li>ISO 15693, ISO 18000-3M3 (option) kompatibel<\/li>\n<\/ul>\n<p>[\/vc_column_text][\/vc_column][\/vc_row][vc_row][vc_column width=&#8221;1\/1&#8243;][vc_separator sep_color=&#8221;,Default&#8221;][\/vc_column][\/vc_row][vc_row row_height_percent=&#8221;0&#8243; override_padding=&#8221;yes&#8221; h_padding=&#8221;2&#8243; top_padding=&#8221;0&#8243; bottom_padding=&#8221;0&#8243; overlay_alpha=&#8221;50&#8243; gutter_size=&#8221;3&#8243; shift_y=&#8221;0&#8243;][vc_column column_width_percent=&#8221;100&#8243; gutter_size=&#8221;3&#8243; override_padding=&#8221;yes&#8221; column_padding=&#8221;0&#8243; overlay_alpha=&#8221;50&#8243; shift_x=&#8221;0&#8243; shift_y=&#8221;0&#8243; z_index=&#8221;0&#8243; medium_width=&#8221;4&#8243; mobile_width=&#8221;0&#8243; zoom_width=&#8221;0&#8243; zoom_height=&#8221;0&#8243; width=&#8221;1\/4&#8243;][vc_custom_heading heading_semantic=&#8221;h3&#8243; text_size=&#8221;h3&#8243; text_weight=&#8221;300&#8243; uncode_shortcode_id=&#8221;819683&#8243;]Funktioner[\/vc_custom_heading][\/vc_column][vc_column column_width_percent=&#8221;100&#8243; position_vertical=&#8221;middle&#8221; gutter_size=&#8221;3&#8243; overlay_alpha=&#8221;50&#8243; shift_x=&#8221;0&#8243; shift_y=&#8221;0&#8243; medium_width=&#8221;4&#8243; zoom_width=&#8221;0&#8243; zoom_height=&#8221;0&#8243; width=&#8221;3\/4&#8243;][vc_column_text uncode_shortcode_id=&#8221;184155&#8243;]<\/p>\n<ul>\n<li>Lagerstyring, finde fejlplacerede materialer, udlugning, aktiver eller deaktiver tag uden at skulle fjerne<br \/>\nbogen fra hylden, s\u00f8ge efter specifikke titler, indsamle materialeoplysninger fra hylderne &#8211; alt sammen<br \/>\nmed tr\u00e5dl\u00f8st synkronisering til dine ILS -data<\/li>\n<li>Personalet kan scanne\/s\u00f8ge store m\u00e6ngder materiale hurtigt; N\u00e5r emnet er scannet, synkroniseres<br \/>\ninformation med ILS. Lyd og flerfarvede LED-lys advarer brugeren om emner, der er fejlplaceret, og<br \/>\ndetaljerne-s\u00e5som varetitel og sikkerhedsstatus-vises i den tilsvarende mk Libesarch-app<\/li>\n<li>Tillader scanning af stregkoder<\/li>\n<\/ul>\n<p>[\/vc_column_text][\/vc_column][\/vc_row][vc_row][vc_column width=&#8221;1\/1&#8243;][vc_separator sep_color=&#8221;,Default&#8221;][\/vc_column][\/vc_row][vc_row row_height_percent=&#8221;0&#8243; override_padding=&#8221;yes&#8221; h_padding=&#8221;2&#8243; top_padding=&#8221;0&#8243; bottom_padding=&#8221;3&#8243; overlay_alpha=&#8221;50&#8243; gutter_size=&#8221;3&#8243; shift_y=&#8221;0&#8243;][vc_column column_width_percent=&#8221;100&#8243; gutter_size=&#8221;3&#8243; override_padding=&#8221;yes&#8221; column_padding=&#8221;0&#8243; overlay_alpha=&#8221;50&#8243; shift_x=&#8221;0&#8243; shift_y=&#8221;0&#8243; z_index=&#8221;0&#8243; medium_width=&#8221;4&#8243; mobile_width=&#8221;0&#8243; zoom_width=&#8221;0&#8243; zoom_height=&#8221;0&#8243; width=&#8221;1\/4&#8243;][vc_custom_heading heading_semantic=&#8221;h3&#8243; text_size=&#8221;h3&#8243; text_weight=&#8221;300&#8243; uncode_shortcode_id=&#8221;164155&#8243;]Produktbilleder[\/vc_custom_heading][\/vc_column][vc_column column_width_percent=&#8221;100&#8243; position_vertical=&#8221;middle&#8221; gutter_size=&#8221;3&#8243; overlay_alpha=&#8221;50&#8243; shift_x=&#8221;0&#8243; shift_y=&#8221;0&#8243; medium_width=&#8221;4&#8243; zoom_width=&#8221;0&#8243; zoom_height=&#8221;0&#8243; width=&#8221;3\/4&#8243;][vc_gallery el_id=&#8221;gallery-174405&#8243; type=&#8221;carousel&#8221; medias=&#8221;63056,63055,63057&#8243; carousel_lg=&#8221;2&#8243; carousel_md=&#8221;2&#8243; carousel_sm=&#8221;1&#8243; thumb_size=&#8221;one-one&#8221; gutter_size=&#8221;2&#8243; carousel_interval=&#8221;5000&#8243; carousel_navspeed=&#8221;400&#8243; carousel_nav=&#8221;yes&#8221; carousel_dots=&#8221;yes&#8221; carousel_dots_mobile=&#8221;yes&#8221; stage_padding=&#8221;0&#8243; single_overlay_opacity=&#8221;50&#8243; single_h_align=&#8221;center&#8221; single_padding=&#8221;2&#8243; single_icon=&#8221;fa fa-search3&#8243;][\/vc_column][\/vc_row]<\/p>\n<p><\/p>","protected":false},"excerpt":{"rendered":"<p>[vc_row row_height_percent=&#8221;0&#8243; override_padding=&#8221;yes&#8221; h_padding=&#8221;2&#8243; top_padding=&#8221;3&#8243; bottom_padding=&#8221;0&#8243; back_color=&#8221;color-lxmt&#8221; overlay_alpha=&#8221;50&#8243; gutter_size=&#8221;3&#8243; shift_y=&#8221;0&#8243; row_name=&#8221;Handheld System&#8221;][vc_column width=&#8221;1\/1&#8243;][\/vc_column][\/vc_row][vc_row row_height_percent=&#8221;0&#8243; override_padding=&#8221;yes&#8221; h_padding=&#8221;2&#8243; top_padding=&#8221;0&#8243; bottom_padding=&#8221;0&#8243; back_color=&#8221;color-lxmt&#8221; overlay_alpha=&#8221;50&#8243; [&hellip;]<\/p>\n","protected":false},"author":129,"featured_media":63057,"parent":0,"menu_order":0,"comment_status":"closed","ping_status":"closed","template":"","meta":{"_bbp_topic_count":0,"_bbp_reply_count":0,"_bbp_total_topic_count":0,"_bbp_total_reply_count":0,"_bbp_voice_count":0,"_bbp_anonymous_reply_count":0,"_bbp_topic_count_hidden":0,"_bbp_reply_count_hidden":0,"_bbp_forum_subforum_count":0},"yoast_head":"<!-- This site is optimized with the Yoast SEO plugin v19.10 - https:\/\/yoast.com\/wordpress\/plugins\/seo\/ -->\n<title>Inventory Solutions - mk Solutions<\/title>\n<meta name=\"description\" content=\"Inventory Solutions\" \/>\n<meta name=\"robots\" content=\"index, follow, max-snippet:-1, max-image-preview:large, max-video-preview:-1\" \/>\n<link rel=\"canonical\" href=\"https:\/\/www.mksolutions.com\/en\/inventory-solutions\/\" \/>\n<meta property=\"og:locale\" content=\"en_US\" \/>\n<meta property=\"og:type\" content=\"article\" \/>\n<meta property=\"og:title\" content=\"Inventory Solutions - mk Solutions\" \/>\n<meta property=\"og:description\" content=\"Inventory Solutions\" \/>\n<meta property=\"og:url\" content=\"https:\/\/www.mksolutions.com\/en\/inventory-solutions\/\" \/>\n<meta property=\"og:site_name\" content=\"mk Solutions\" \/>\n<meta property=\"article:modified_time\" content=\"2024-10-18T09:01:42+00:00\" \/>\n<meta name=\"twitter:card\" content=\"summary_large_image\" \/>\n<meta name=\"twitter:label1\" content=\"Est. reading time\" \/>\n\t<meta name=\"twitter:data1\" content=\"3 minutes\" \/>\n<script type=\"application\/ld+json\" class=\"yoast-schema-graph\">{\"@context\":\"https:\/\/schema.org\",\"@graph\":[{\"@type\":\"WebPage\",\"@id\":\"https:\/\/www.mksolutions.com\/en\/inventory-solutions\/\",\"url\":\"https:\/\/www.mksolutions.com\/en\/inventory-solutions\/\",\"name\":\"Inventory Solutions - mk Solutions\",\"isPartOf\":{\"@id\":\"https:\/\/www.mksolutions.com\/en\/#website\"},\"datePublished\":\"2022-03-21T23:05:56+00:00\",\"dateModified\":\"2024-10-18T09:01:42+00:00\",\"description\":\"Inventory Solutions\",\"breadcrumb\":{\"@id\":\"https:\/\/www.mksolutions.com\/en\/inventory-solutions\/#breadcrumb\"},\"inLanguage\":\"dk-DK\",\"potentialAction\":[{\"@type\":\"ReadAction\",\"target\":[\"https:\/\/www.mksolutions.com\/en\/inventory-solutions\/\"]}]},{\"@type\":\"BreadcrumbList\",\"@id\":\"https:\/\/www.mksolutions.com\/en\/inventory-solutions\/#breadcrumb\",\"itemListElement\":[{\"@type\":\"ListItem\",\"position\":1,\"name\":\"Home\",\"item\":\"https:\/\/www.mksolutions.com\/en\/\"},{\"@type\":\"ListItem\",\"position\":2,\"name\":\"Inventory Solutions\"}]},{\"@type\":\"WebSite\",\"@id\":\"https:\/\/www.mksolutions.com\/en\/#website\",\"url\":\"https:\/\/www.mksolutions.com\/en\/\",\"name\":\"mk Solutions\",\"description\":\"TagVision\",\"publisher\":{\"@id\":\"https:\/\/www.mksolutions.com\/en\/#organization\"},\"potentialAction\":[{\"@type\":\"SearchAction\",\"target\":{\"@type\":\"EntryPoint\",\"urlTemplate\":\"https:\/\/www.mksolutions.com\/en\/?s={search_term_string}\"},\"query-input\":\"required name=search_term_string\"}],\"inLanguage\":\"dk-DK\"},{\"@type\":\"Organization\",\"@id\":\"https:\/\/www.mksolutions.com\/en\/#organization\",\"name\":\"mk solution\",\"url\":\"https:\/\/www.mksolutions.com\/en\/\",\"logo\":{\"@type\":\"ImageObject\",\"inLanguage\":\"dk-DK\",\"@id\":\"https:\/\/www.mksolutions.com\/en\/#\/schema\/logo\/image\/\",\"url\":\"https:\/\/www.mksolutions.com\/wp-content\/uploads\/2017\/05\/cropped-mk_solutions_website_icon.png\",\"contentUrl\":\"https:\/\/www.mksolutions.com\/wp-content\/uploads\/2017\/05\/cropped-mk_solutions_website_icon.png\",\"width\":512,\"height\":512,\"caption\":\"mk solution\"},\"image\":{\"@id\":\"https:\/\/www.mksolutions.com\/en\/#\/schema\/logo\/image\/\"}}]}<\/script>\n<!-- \/ Yoast SEO plugin. -->","yoast_head_json":{"title":"Inventory Solutions - mk Solutions","description":"Inventory Solutions","robots":{"index":"index","follow":"follow","max-snippet":"max-snippet:-1","max-image-preview":"max-image-preview:large","max-video-preview":"max-video-preview:-1"},"canonical":"https:\/\/www.mksolutions.com\/en\/inventory-solutions\/","og_locale":"en_US","og_type":"article","og_title":"Inventory Solutions - mk Solutions","og_description":"Inventory Solutions","og_url":"https:\/\/www.mksolutions.com\/en\/inventory-solutions\/","og_site_name":"mk Solutions","article_modified_time":"2024-10-18T09:01:42+00:00","twitter_card":"summary_large_image","twitter_misc":{"Est. reading time":"3 minutes"},"schema":{"@context":"https:\/\/schema.org","@graph":[{"@type":"WebPage","@id":"https:\/\/www.mksolutions.com\/en\/inventory-solutions\/","url":"https:\/\/www.mksolutions.com\/en\/inventory-solutions\/","name":"Inventory Solutions - mk Solutions","isPartOf":{"@id":"https:\/\/www.mksolutions.com\/en\/#website"},"datePublished":"2022-03-21T23:05:56+00:00","dateModified":"2024-10-18T09:01:42+00:00","description":"Inventory Solutions","breadcrumb":{"@id":"https:\/\/www.mksolutions.com\/en\/inventory-solutions\/#breadcrumb"},"inLanguage":"dk-DK","potentialAction":[{"@type":"ReadAction","target":["https:\/\/www.mksolutions.com\/en\/inventory-solutions\/"]}]},{"@type":"BreadcrumbList","@id":"https:\/\/www.mksolutions.com\/en\/inventory-solutions\/#breadcrumb","itemListElement":[{"@type":"ListItem","position":1,"name":"Home","item":"https:\/\/www.mksolutions.com\/en\/"},{"@type":"ListItem","position":2,"name":"Inventory Solutions"}]},{"@type":"WebSite","@id":"https:\/\/www.mksolutions.com\/en\/#website","url":"https:\/\/www.mksolutions.com\/en\/","name":"mk Solutions","description":"TagVision","publisher":{"@id":"https:\/\/www.mksolutions.com\/en\/#organization"},"potentialAction":[{"@type":"SearchAction","target":{"@type":"EntryPoint","urlTemplate":"https:\/\/www.mksolutions.com\/en\/?s={search_term_string}"},"query-input":"required name=search_term_string"}],"inLanguage":"dk-DK"},{"@type":"Organization","@id":"https:\/\/www.mksolutions.com\/en\/#organization","name":"mk solution","url":"https:\/\/www.mksolutions.com\/en\/","logo":{"@type":"ImageObject","inLanguage":"dk-DK","@id":"https:\/\/www.mksolutions.com\/en\/#\/schema\/logo\/image\/","url":"https:\/\/www.mksolutions.com\/wp-content\/uploads\/2017\/05\/cropped-mk_solutions_website_icon.png","contentUrl":"https:\/\/www.mksolutions.com\/wp-content\/uploads\/2017\/05\/cropped-mk_solutions_website_icon.png","width":512,"height":512,"caption":"mk solution"},"image":{"@id":"https:\/\/www.mksolutions.com\/en\/#\/schema\/logo\/image\/"}}]}},"_links":{"self":[{"href":"https:\/\/www.mksolutions.com\/da\/wp-json\/wp\/v2\/pages\/63054"}],"collection":[{"href":"https:\/\/www.mksolutions.com\/da\/wp-json\/wp\/v2\/pages"}],"about":[{"href":"https:\/\/www.mksolutions.com\/da\/wp-json\/wp\/v2\/types\/page"}],"author":[{"embeddable":true,"href":"https:\/\/www.mksolutions.com\/da\/wp-json\/wp\/v2\/users\/129"}],"replies":[{"embeddable":true,"href":"https:\/\/www.mksolutions.com\/da\/wp-json\/wp\/v2\/comments?post=63054"}],"version-history":[{"count":8,"href":"https:\/\/www.mksolutions.com\/da\/wp-json\/wp\/v2\/pages\/63054\/revisions"}],"predecessor-version":[{"id":63525,"href":"https:\/\/www.mksolutions.com\/da\/wp-json\/wp\/v2\/pages\/63054\/revisions\/63525"}],"wp:featuredmedia":[{"embeddable":true,"href":"https:\/\/www.mksolutions.com\/da\/wp-json\/wp\/v2\/media\/63057"}],"wp:attachment":[{"href":"https:\/\/www.mksolutions.com\/da\/wp-json\/wp\/v2\/media?parent=63054"}],"curies":[{"name":"wp","href":"https:\/\/api.w.org\/{rel}","templated":true}]}}