{"id":59910,"date":"2014-12-22T17:50:09","date_gmt":"2014-12-22T17:50:09","guid":{"rendered":"https:\/\/mk-solutions.com\/?page_id=59910\/"},"modified":"2024-10-15T14:47:13","modified_gmt":"2024-10-15T12:47:13","slug":"selfcheck-sc1","status":"publish","type":"page","link":"https:\/\/www.mksolutions.com\/da\/selfcheck-sc-4ad\/","title":{"rendered":"Selvbetjening SC4 AD"},"content":{"rendered":"<p>[vc_row row_height_percent=&#8221;0&#8243; override_padding=&#8221;yes&#8221; h_padding=&#8221;2&#8243; top_padding=&#8221;3&#8243; bottom_padding=&#8221;0&#8243; back_color=&#8221;color-lxmt&#8221; overlay_alpha=&#8221;50&#8243; gutter_size=&#8221;3&#8243; shift_y=&#8221;0&#8243; row_name=&#8221;Selbstverbucher SC1&#8243;][vc_column width=&#8221;1\/1&#8243;][\/vc_column][\/vc_row][vc_row row_height_percent=&#8221;0&#8243; override_padding=&#8221;yes&#8221; h_padding=&#8221;2&#8243; top_padding=&#8221;0&#8243; bottom_padding=&#8221;0&#8243; back_color=&#8221;color-lxmt&#8221; overlay_alpha=&#8221;50&#8243; gutter_size=&#8221;3&#8243; shift_y=&#8221;0&#8243;][vc_column width=&#8221;1\/1&#8243;][vc_raw_html]JTNDZGl2JTIwY2xhc3MlM0QlMjJtb2JpbGUtbWVudS10b2dnbGUlMjIlM0VDaG9vc2UlMjBhJTIwcHJvZHVjdCUzQ2klMjBjbGFzcyUzRCUyMmZhJTIwZmEtYW5nbGUtZG93biUyMiUyMGFyaWEtaGlkZGVuJTNEJTIydHJ1ZSUyMiUzRSUzQyUyRmklM0UlM0MlMkZkaXYlM0U=[\/vc_raw_html][\/vc_column][\/vc_row][vc_row row_height_percent=&#8221;0&#8243; override_padding=&#8221;yes&#8221; h_padding=&#8221;2&#8243; top_padding=&#8221;0&#8243; bottom_padding=&#8221;0&#8243; back_color=&#8221;color-lxmt&#8221; overlay_alpha=&#8221;50&#8243; gutter_size=&#8221;3&#8243; shift_y=&#8221;0&#8243; el_class=&#8221;product-subnav&#8221;][vc_column width=&#8221;1\/1&#8243;][vc_column_text el_class=&#8221;subnav_product&#8221; uncode_shortcode_id=&#8221;870322&#8243;]<\/p>\n<ul>\n<li><a class=\"active\" href=\"\/da\/selfcheck-sc-4ad\">Selvbetjening SC4 AD<\/a><\/li>\n<li><a href=\"\/da\/selfcheck-sc-4\">Selvbetjening SC4<\/a><\/li>\n<li><a href=\"\/da\/scanbox\/\">Scanbox<\/a><\/li>\n<li><a href=\"\/da\/fine-fee-payment-donation\">B\u00f8de &amp; gebyrbetaling<\/a><\/li>\n<\/ul>\n<p>[\/vc_column_text][\/vc_column][\/vc_row][vc_row row_height_percent=&#8221;0&#8243; override_padding=&#8221;yes&#8221; h_padding=&#8221;2&#8243; top_padding=&#8221;3&#8243; bottom_padding=&#8221;0&#8243; back_color=&#8221;color-lxmt&#8221; overlay_alpha=&#8221;100&#8243; gutter_size=&#8221;100&#8243; shift_y=&#8221;0&#8243; style=&#8221;dark&#8221;][vc_column column_width_use_pixel=&#8221;yes&#8221; align_horizontal=&#8221;align_center&#8221; gutter_size=&#8221;3&#8243; overlay_alpha=&#8221;100&#8243; shift_x=&#8221;0&#8243; shift_y=&#8221;0&#8243; medium_width=&#8221;0&#8243; zoom_width=&#8221;0&#8243; zoom_height=&#8221;0&#8243; width=&#8221;1\/1&#8243; column_width_pixel=&#8221;800&#8243;][vc_custom_heading text_size=&#8221;&#8221; text_weight=&#8221;500&#8243; text_transform=&#8221;uppercase&#8221; separator=&#8221;yes&#8221; sub_lead=&#8221;yes&#8221; sub_reduced=&#8221;yes&#8221; uncode_shortcode_id=&#8221;505911&#8243;]Selvbetjening SC4 AD[\/vc_custom_heading][\/vc_column][\/vc_row][vc_row row_height_percent=&#8221;0&#8243; override_padding=&#8221;yes&#8221; h_padding=&#8221;2&#8243; top_padding=&#8221;4&#8243; bottom_padding=&#8221;4&#8243; back_color=&#8221;color-lxmt&#8221; overlay_alpha=&#8221;50&#8243; gutter_size=&#8221;3&#8243; shift_y=&#8221;0&#8243;][vc_column column_width_percent=&#8221;100&#8243; position_vertical=&#8221;middle&#8221; gutter_size=&#8221;3&#8243; override_padding=&#8221;yes&#8221; column_padding=&#8221;2&#8243; overlay_alpha=&#8221;50&#8243; shift_x=&#8221;0&#8243; shift_y=&#8221;0&#8243; medium_width=&#8221;4&#8243; zoom_width=&#8221;0&#8243; zoom_height=&#8221;0&#8243; width=&#8221;1\/2&#8243;][vc_single_image media=&#8221;63676&#8243; media_width_use_pixel=&#8221;yes&#8221; alignment=&#8221;center&#8221; image=&#8221;2286&#8243; border_color=&#8221;grey&#8221; img_link_target=&#8221;_self&#8221; img_size=&#8221;full&#8221; media_width_pixel=&#8221;350&#8243; uncode_shortcode_id=&#8221;773630&#8243;][\/vc_column][vc_column column_width_percent=&#8221;100&#8243; position_vertical=&#8221;middle&#8221; gutter_size=&#8221;3&#8243; overlay_alpha=&#8221;50&#8243; shift_x=&#8221;0&#8243; shift_y=&#8221;0&#8243; medium_width=&#8221;4&#8243; zoom_width=&#8221;0&#8243; zoom_height=&#8221;0&#8243; width=&#8221;1\/2&#8243;][vc_icon position=&#8221;left&#8221; icon=&#8221;fa fa-gears2&#8243; size=&#8221;fa-3x&#8221; text_weight=&#8221;300&#8243; align=&#8221;left&#8221; title=&#8221;Funktioner&#8221; uncode_shortcode_id=&#8221;999130&#8243;]Indbygget printer, stregkodescanner og RFID-l\u00e6ser[\/vc_icon][vc_separator sep_color=&#8221;,Default&#8221;][vc_icon position=&#8221;left&#8221; icon=&#8221;fa fa-clock2&#8243; size=&#8221;fa-3x&#8221; text_weight=&#8221;300&#8243; align=&#8221;left&#8221; title=&#8221;Spar tid&#8221; uncode_shortcode_id=&#8221;105193&#8243;]Industrisikrede komponenter sikrer h\u00f8jeste oppetid og kundeservice[\/vc_icon][vc_separator sep_color=&#8221;,Default&#8221;][vc_icon position=&#8221;left&#8221; icon=&#8221;fa fa-lock2&#8243; size=&#8221;fa-3x&#8221; text_weight=&#8221;300&#8243; align=&#8221;left&#8221; title=&#8221;Privatliv&#8221; uncode_shortcode_id=&#8221;861974&#8243;]Giver beskyttelse af privatlivets fred og flere selvbetjeningsmuligheder[\/vc_icon][\/vc_column][\/vc_row][vc_row row_height_percent=&#8221;0&#8243; override_padding=&#8221;yes&#8221; h_padding=&#8221;2&#8243; top_padding=&#8221;3&#8243; bottom_padding=&#8221;2&#8243; overlay_alpha=&#8221;50&#8243; equal_height=&#8221;yes&#8221; gutter_size=&#8221;3&#8243; shift_y=&#8221;0&#8243; row_name=&#8221;Produktdetails&#8221;][vc_column width=&#8221;1\/2&#8243;][vc_custom_heading text_weight=&#8221;300&#8243; uncode_shortcode_id=&#8221;107910&#8243;]Produktoplysninger[\/vc_custom_heading][vc_column_text uncode_shortcode_id=&#8221;160926&#8243;]SC4 AD f\u00e5s som bordmodel (med eller uden bordplade) og automat model. Begge modeller h\u00e5ndterer b\u00e5de RFID og stregkode og er modulopbygget s\u00e5 biblioteket altid kan \u00e6ndre fra automat til bordmodel. Yderligere funktioner er bibliotekskalender, automatisk genindkodning af tags til bibliotekets aktuelle datamodel, bog anbefalinger, multiple ILS-integration og digitalt indhold, hvilket giver l\u00e5nere st\u00f8rre adgang til at administrere deres konti, biblioteksmateriale og programmer.[\/vc_column_text][\/vc_column][vc_column column_width_percent=&#8221;100&#8243; position_vertical=&#8221;bottom&#8221; align_horizontal=&#8221;align_right&#8221; gutter_size=&#8221;3&#8243; overlay_alpha=&#8221;50&#8243; shift_x=&#8221;0&#8243; shift_y=&#8221;0&#8243; z_index=&#8221;0&#8243; medium_width=&#8221;0&#8243; mobile_width=&#8221;0&#8243; width=&#8221;1\/2&#8243; el_class=&#8221;btn-mob-left&#8221;][vc_button button_color=&#8221;accent&#8221; radius=&#8221;btn-circle&#8221; border_width=&#8221;0&#8243; link=&#8221;url:%2Fen%2Fdownloads%2F%23selfchecks&#8221; button_color_type=&#8221;uncode-palette&#8221; uncode_shortcode_id=&#8221;504292&#8243;]BROCHURER OG DATABLADE[\/vc_button][vc_button button_color=&#8221;accent&#8221; radius=&#8221;btn-circle&#8221; border_width=&#8221;0&#8243; link=&#8221;url:%2Fen%2Fcontact%23contact&#8221; button_color_type=&#8221;uncode-palette&#8221; uncode_shortcode_id=&#8221;680586&#8243;]SEND EN FORESP\u00d8RGSEL[\/vc_button][\/vc_column][\/vc_row][vc_row][vc_column width=&#8221;1\/1&#8243;][vc_separator sep_color=&#8221;,Default&#8221;][\/vc_column][\/vc_row][vc_row row_height_percent=&#8221;0&#8243; override_padding=&#8221;yes&#8221; h_padding=&#8221;2&#8243; top_padding=&#8221;0&#8243; bottom_padding=&#8221;0&#8243; overlay_alpha=&#8221;50&#8243; gutter_size=&#8221;3&#8243; shift_y=&#8221;0&#8243;][vc_column column_width_percent=&#8221;100&#8243; gutter_size=&#8221;3&#8243; override_padding=&#8221;yes&#8221; column_padding=&#8221;0&#8243; overlay_alpha=&#8221;50&#8243; shift_x=&#8221;0&#8243; shift_y=&#8221;0&#8243; z_index=&#8221;0&#8243; medium_width=&#8221;4&#8243; mobile_width=&#8221;0&#8243; zoom_width=&#8221;0&#8243; zoom_height=&#8221;0&#8243; width=&#8221;1\/4&#8243;][vc_custom_heading heading_semantic=&#8221;h3&#8243; text_size=&#8221;h3&#8243; text_weight=&#8221;300&#8243; uncode_shortcode_id=&#8221;953861&#8243;]Fordele[\/vc_custom_heading][\/vc_column][vc_column column_width_percent=&#8221;100&#8243; position_vertical=&#8221;middle&#8221; gutter_size=&#8221;3&#8243; overlay_alpha=&#8221;50&#8243; shift_x=&#8221;0&#8243; shift_y=&#8221;0&#8243; medium_width=&#8221;4&#8243; zoom_width=&#8221;0&#8243; zoom_height=&#8221;0&#8243; width=&#8221;3\/4&#8243;][vc_column_text uncode_shortcode_id=&#8221;447020&#8243;]<\/p>\n<ul>\n<li>Pulverlakeret kabinet af h\u00f8j kvalitet<\/li>\n<li>Stor, slidst\u00e6rk og ridsebestandig glasbordplade, giver plads til en st\u00f8rre m\u00e6ngde materialer til udl\u00e5n.<\/li>\n<li>CE-certificeret og ergonomisk kompatibel<\/li>\n<li>Modul\u00e6rt design giver biblioteker mulighed for let at \u00e6ndre og tilpasse fra fritst\u00e5ende, h\u00f8jdejusterbar gulvmodel til bordmodel (eller muligheden for en indbygning i et biblioteksm\u00f8bel)<\/li>\n<li>Indbygget printer, stregkodescanner og RFID-l\u00e6ser<\/li>\n<li>I stand til at udskrive eller e-mail kvitteringer for udl\u00e5n\/aflevering, kontooplysninger, fornyelser og b\u00f8de\/gebyrbetalinger<\/li>\n<li>Sammensatte moduler, som kan v\u00e6re en fritst\u00e5ende gulvmodel, en bordmodel eller bygges p\u00e5\/ind i Bibliotekets m\u00f8bler. Derudover kan biblioteket let \u00e6ndre p\u00e5 enheden ved at tilf\u00f8je eller fjerne standeren.<\/li>\n<\/ul>\n<p><strong>Valgfri<\/strong><\/p>\n<ul>\n<li>Touchsk\u00e6rm 22 \u201d(valgfri med 24\u201d), liggende eller st\u00e5ende orienteret<\/li>\n<li>Sort eller hvid (andre farver p\u00e5 anmodning)<\/li>\n<li>Kort- eller kontant betalingsmulighed til r\u00e5dighed<\/li>\n<li>Blindskrift og lydindstillinger tilg\u00e6ngelige<\/li>\n<li>Returfunktioner tilg\u00e6ngelige til manuel varesortering<\/li>\n<li>Stregkode, RFID, smartcard og manuel sk\u00e6rmindgang<\/li>\n<li>H\u00f8jdejusterbar enhed<\/li>\n<\/ul>\n<p>[\/vc_column_text][\/vc_column][\/vc_row][vc_row][vc_column width=&#8221;1\/1&#8243;][vc_separator sep_color=&#8221;,Default&#8221;][\/vc_column][\/vc_row][vc_row row_height_percent=&#8221;0&#8243; override_padding=&#8221;yes&#8221; h_padding=&#8221;2&#8243; top_padding=&#8221;0&#8243; bottom_padding=&#8221;0&#8243; overlay_alpha=&#8221;50&#8243; gutter_size=&#8221;3&#8243; shift_y=&#8221;0&#8243;][vc_column column_width_percent=&#8221;100&#8243; gutter_size=&#8221;3&#8243; override_padding=&#8221;yes&#8221; column_padding=&#8221;0&#8243; overlay_alpha=&#8221;50&#8243; shift_x=&#8221;0&#8243; shift_y=&#8221;0&#8243; z_index=&#8221;0&#8243; medium_width=&#8221;4&#8243; mobile_width=&#8221;0&#8243; zoom_width=&#8221;0&#8243; zoom_height=&#8221;0&#8243; width=&#8221;1\/4&#8243;][vc_custom_heading heading_semantic=&#8221;h3&#8243; text_size=&#8221;h3&#8243; text_weight=&#8221;300&#8243; uncode_shortcode_id=&#8221;160840&#8243;]Funktioner[\/vc_custom_heading][\/vc_column][vc_column column_width_percent=&#8221;100&#8243; position_vertical=&#8221;middle&#8221; gutter_size=&#8221;3&#8243; overlay_alpha=&#8221;50&#8243; shift_x=&#8221;0&#8243; shift_y=&#8221;0&#8243; medium_width=&#8221;4&#8243; zoom_width=&#8221;0&#8243; zoom_height=&#8221;0&#8243; width=&#8221;3\/4&#8243;][vc_column_text uncode_shortcode_id=&#8221;207190&#8243;]<strong>Check-Out<\/strong><\/p>\n<ul>\n<li>L\u00e5nerkort scannes (stregkode og\/eller RFID).<\/li>\n<li>Materialer, der skal l\u00e5nes, placeres p\u00e5 RFID -antenner eller l\u00e6ses af stregkodescanner.<\/li>\n<li>Materialer identificeres, skrives p\u00e5 l\u00e5nerens konto, og tag\/stregkode deaktiveres automatisk. ILS opdateres i realtid.<\/li>\n<li>L\u00e5ner har mulighed for at udskrive en kvittering, modtage en e -mail -kvittering eller undlade kvittering.<\/li>\n<\/ul>\n<p><strong>Brugerkonto \/ fornyelser<\/strong><\/p>\n<ul>\n<li>L\u00e5neren f\u00e5r fuld adgang til sin konto ved at scanne l\u00e5nerkortet.<\/li>\n<li>Sk\u00e6rmen viser alle medier, der er tilknyttet kontoen, herunder udl\u00e5n og udest\u00e5ende b\u00f8der.<\/li>\n<li>L\u00e5neren kan v\u00e6lge at fornye enkelte eller alt materiale der i \u00f8jeblikket er l\u00e5nt. ILS opdateres i realtid, og fornyelsespolitikker i ILS f\u00f8lges.<\/li>\n<li>L\u00e5neren har muligheden for at udskrive en kvittering, modtage en e -mail -kvittering eller undlade kvittering samt f\u00e5 en liste over alle materialer der er knyttet til kontoen.<\/li>\n<\/ul>\n<p><strong>Udl\u00e5n (aflever)<\/strong><\/p>\n<ul>\n<li>L\u00e5ner identifikation er ikke n\u00f8dvendig for at returnere materiale.<\/li>\n<li>Materialer, der skal fornyes, placeres p\u00e5 RFID -antenner eller l\u00e6ses af stregkodescanner.<\/li>\n<li>Materialer identificeres, og sikkerhed genaktiveres automatisk. ILS opdateres i realtid.<\/li>\n<li>L\u00e5nere har muligheden for at udskrive en kvittering, modtage en e -mail -kvittering eller ingen kvittering samt f\u00e5 en liste over alle materialer der er knyttet til kontoen.<\/li>\n<\/ul>\n<p>[\/vc_column_text][\/vc_column][\/vc_row][vc_row][vc_column width=&#8221;1\/1&#8243;][vc_separator sep_color=&#8221;,Default&#8221;][\/vc_column][\/vc_row][vc_row row_height_percent=&#8221;0&#8243; override_padding=&#8221;yes&#8221; h_padding=&#8221;2&#8243; top_padding=&#8221;0&#8243; bottom_padding=&#8221;3&#8243; overlay_alpha=&#8221;50&#8243; gutter_size=&#8221;3&#8243; shift_y=&#8221;0&#8243;][vc_column column_width_percent=&#8221;100&#8243; gutter_size=&#8221;3&#8243; override_padding=&#8221;yes&#8221; column_padding=&#8221;0&#8243; overlay_alpha=&#8221;50&#8243; shift_x=&#8221;0&#8243; shift_y=&#8221;0&#8243; z_index=&#8221;0&#8243; medium_width=&#8221;4&#8243; mobile_width=&#8221;0&#8243; zoom_width=&#8221;0&#8243; zoom_height=&#8221;0&#8243; width=&#8221;1\/4&#8243;][vc_custom_heading heading_semantic=&#8221;h3&#8243; text_size=&#8221;h3&#8243; text_weight=&#8221;300&#8243; uncode_shortcode_id=&#8221;996160&#8243;]Produktbilleder[\/vc_custom_heading][\/vc_column][vc_column column_width_percent=&#8221;100&#8243; position_vertical=&#8221;middle&#8221; gutter_size=&#8221;3&#8243; overlay_alpha=&#8221;50&#8243; shift_x=&#8221;0&#8243; shift_y=&#8221;0&#8243; medium_width=&#8221;4&#8243; zoom_width=&#8221;0&#8243; zoom_height=&#8221;0&#8243; width=&#8221;3\/4&#8243;][vc_gallery el_id=&#8221;gallery-174405&#8243; type=&#8221;carousel&#8221; medias=&#8221;63679,63678,63677,63676&#8243; carousel_lg=&#8221;2&#8243; carousel_md=&#8221;2&#8243; carousel_sm=&#8221;1&#8243; thumb_size=&#8221;one-one&#8221; gutter_size=&#8221;2&#8243; carousel_interval=&#8221;5000&#8243; carousel_navspeed=&#8221;400&#8243; carousel_nav=&#8221;yes&#8221; carousel_dots=&#8221;yes&#8221; carousel_dots_mobile=&#8221;yes&#8221; stage_padding=&#8221;0&#8243; single_overlay_opacity=&#8221;50&#8243; single_h_align=&#8221;center&#8221; single_padding=&#8221;2&#8243; single_icon=&#8221;fa fa-search3&#8243; uncode_shortcode_id=&#8221;182907&#8243;][\/vc_column][\/vc_row][vc_row][vc_column width=&#8221;1\/1&#8243;][vc_separator sep_color=&#8221;,Default&#8221;][\/vc_column][\/vc_row][vc_row row_height_percent=&#8221;0&#8243; override_padding=&#8221;yes&#8221; h_padding=&#8221;2&#8243; top_padding=&#8221;0&#8243; bottom_padding=&#8221;3&#8243; overlay_alpha=&#8221;50&#8243; gutter_size=&#8221;3&#8243; shift_y=&#8221;0&#8243;][vc_column column_width_percent=&#8221;100&#8243; gutter_size=&#8221;3&#8243; override_padding=&#8221;yes&#8221; column_padding=&#8221;0&#8243; overlay_alpha=&#8221;50&#8243; shift_x=&#8221;0&#8243; shift_y=&#8221;0&#8243; z_index=&#8221;0&#8243; medium_width=&#8221;4&#8243; mobile_width=&#8221;0&#8243; zoom_width=&#8221;0&#8243; zoom_height=&#8221;0&#8243; width=&#8221;1\/4&#8243;][vc_custom_heading heading_semantic=&#8221;h3&#8243; text_size=&#8221;h3&#8243; text_weight=&#8221;300&#8243; uncode_shortcode_id=&#8221;184049&#8243;]Produktvideoer[\/vc_custom_heading][\/vc_column][vc_column column_width_percent=&#8221;100&#8243; position_vertical=&#8221;middle&#8221; gutter_size=&#8221;3&#8243; overlay_alpha=&#8221;50&#8243; shift_x=&#8221;0&#8243; shift_y=&#8221;0&#8243; medium_width=&#8221;4&#8243; zoom_width=&#8221;0&#8243; zoom_height=&#8221;0&#8243; width=&#8221;3\/4&#8243;][vc_single_image media=&#8221;62919&#8243; media_width_percent=&#8221;100&#8243;][\/vc_column][\/vc_row]<\/p>","protected":false},"excerpt":{"rendered":"<p class=\"qtranxs-available-languages-message qtranxs-available-languages-message-da\">Denne side er desv\u00e6rre kun tilg\u00e6ngelig p\u00e5 <a href=\"https:\/\/www.mksolutions.com\/de\/wp-json\/wp\/v2\/pages\/59910\" class=\"qtranxs-available-language-link qtranxs-available-language-link-de\" title=\"Deutsch\">Deutsch<\/a> og <a href=\"https:\/\/www.mksolutions.com\/en\/wp-json\/wp\/v2\/pages\/59910\" class=\"qtranxs-available-language-link qtranxs-available-language-link-en\" title=\"English\">English<\/a>. For the sake of viewer convenience, the content is shown below in this site default language. You may click one of the links to switch the site language to another available language.<\/p>\n<p>Der SelfCheck SC1 passt in jede Situation. Er kann als Table Top (mit oder ohne Ablage) und als Terminal Version installiert werden. Er verarbeitet sowohl RFID als auch Barcode und ist verf\u00fcgbar in mehreren Farben.<\/p>\n","protected":false},"author":1,"featured_media":63676,"parent":0,"menu_order":0,"comment_status":"closed","ping_status":"closed","template":"","meta":{"_bbp_topic_count":0,"_bbp_reply_count":0,"_bbp_total_topic_count":0,"_bbp_total_reply_count":0,"_bbp_voice_count":0,"_bbp_anonymous_reply_count":0,"_bbp_topic_count_hidden":0,"_bbp_reply_count_hidden":0,"_bbp_forum_subforum_count":0},"yoast_head":"<!-- This site is optimized with the Yoast SEO plugin v19.10 - https:\/\/yoast.com\/wordpress\/plugins\/seo\/ -->\n<title>Selvbetjening SC4 AD - mk Solutions<\/title>\n<meta name=\"description\" content=\"Selvbetjening SC4 AD\" \/>\n<meta name=\"robots\" content=\"index, follow, max-snippet:-1, max-image-preview:large, max-video-preview:-1\" \/>\n<link rel=\"canonical\" href=\"https:\/\/www.mksolutions.com\/de\/selbstverbucher-sc4ad\/\" \/>\n<meta property=\"og:locale\" content=\"en_US\" \/>\n<meta property=\"og:type\" content=\"article\" \/>\n<meta property=\"og:title\" content=\"Selvbetjening SC4 AD - mk Solutions\" \/>\n<meta property=\"og:description\" content=\"Selvbetjening SC4 AD\" \/>\n<meta property=\"og:url\" content=\"https:\/\/www.mksolutions.com\/de\/selbstverbucher-sc4ad\/\" \/>\n<meta property=\"og:site_name\" content=\"mk Solutions\" \/>\n<meta property=\"article:modified_time\" content=\"2024-10-15T12:47:13+00:00\" \/>\n<meta property=\"og:image\" content=\"https:\/\/www.mksolutions.com\/wp-content\/uploads\/2024\/10\/PS_SC4-AD-black-white-scaled.jpg\" \/>\n\t<meta property=\"og:image:width\" content=\"2560\" \/>\n\t<meta property=\"og:image:height\" content=\"2560\" \/>\n\t<meta property=\"og:image:type\" content=\"image\/jpeg\" \/>\n<meta name=\"twitter:card\" content=\"summary_large_image\" \/>\n<meta name=\"twitter:label1\" content=\"Est. reading time\" \/>\n\t<meta name=\"twitter:data1\" content=\"4 minutes\" \/>\n<script type=\"application\/ld+json\" class=\"yoast-schema-graph\">{\"@context\":\"https:\/\/schema.org\",\"@graph\":[{\"@type\":\"WebPage\",\"@id\":\"https:\/\/www.mksolutions.com\/de\/selbstverbucher-sc4ad\/\",\"url\":\"https:\/\/www.mksolutions.com\/de\/selbstverbucher-sc4ad\/\",\"name\":\"Selvbetjening SC4 AD - mk Solutions\",\"isPartOf\":{\"@id\":\"https:\/\/www.mksolutions.com\/en\/#website\"},\"datePublished\":\"2014-12-22T17:50:09+00:00\",\"dateModified\":\"2024-10-15T12:47:13+00:00\",\"description\":\"Selvbetjening SC4 AD\",\"breadcrumb\":{\"@id\":\"https:\/\/www.mksolutions.com\/de\/selbstverbucher-sc4ad\/#breadcrumb\"},\"inLanguage\":\"dk-DK\",\"potentialAction\":[{\"@type\":\"ReadAction\",\"target\":[\"https:\/\/www.mksolutions.com\/de\/selbstverbucher-sc4ad\/\"]}]},{\"@type\":\"BreadcrumbList\",\"@id\":\"https:\/\/www.mksolutions.com\/de\/selbstverbucher-sc4ad\/#breadcrumb\",\"itemListElement\":[{\"@type\":\"ListItem\",\"position\":1,\"name\":\"Home\",\"item\":\"https:\/\/www.mksolutions.com\/en\/\"},{\"@type\":\"ListItem\",\"position\":2,\"name\":\"Selbstverbucher SC4 AD\"}]},{\"@type\":\"WebSite\",\"@id\":\"https:\/\/www.mksolutions.com\/en\/#website\",\"url\":\"https:\/\/www.mksolutions.com\/en\/\",\"name\":\"mk Solutions\",\"description\":\"TagVision\",\"publisher\":{\"@id\":\"https:\/\/www.mksolutions.com\/en\/#organization\"},\"potentialAction\":[{\"@type\":\"SearchAction\",\"target\":{\"@type\":\"EntryPoint\",\"urlTemplate\":\"https:\/\/www.mksolutions.com\/en\/?s={search_term_string}\"},\"query-input\":\"required name=search_term_string\"}],\"inLanguage\":\"dk-DK\"},{\"@type\":\"Organization\",\"@id\":\"https:\/\/www.mksolutions.com\/en\/#organization\",\"name\":\"mk solution\",\"url\":\"https:\/\/www.mksolutions.com\/en\/\",\"logo\":{\"@type\":\"ImageObject\",\"inLanguage\":\"dk-DK\",\"@id\":\"https:\/\/www.mksolutions.com\/en\/#\/schema\/logo\/image\/\",\"url\":\"https:\/\/www.mksolutions.com\/wp-content\/uploads\/2017\/05\/cropped-mk_solutions_website_icon.png\",\"contentUrl\":\"https:\/\/www.mksolutions.com\/wp-content\/uploads\/2017\/05\/cropped-mk_solutions_website_icon.png\",\"width\":512,\"height\":512,\"caption\":\"mk solution\"},\"image\":{\"@id\":\"https:\/\/www.mksolutions.com\/en\/#\/schema\/logo\/image\/\"}}]}<\/script>\n<!-- \/ Yoast SEO plugin. -->","yoast_head_json":{"title":"Selvbetjening SC4 AD - mk Solutions","description":"Selvbetjening SC4 AD","robots":{"index":"index","follow":"follow","max-snippet":"max-snippet:-1","max-image-preview":"max-image-preview:large","max-video-preview":"max-video-preview:-1"},"canonical":"https:\/\/www.mksolutions.com\/de\/selbstverbucher-sc4ad\/","og_locale":"en_US","og_type":"article","og_title":"Selvbetjening SC4 AD - mk Solutions","og_description":"Selvbetjening SC4 AD","og_url":"https:\/\/www.mksolutions.com\/de\/selbstverbucher-sc4ad\/","og_site_name":"mk Solutions","article_modified_time":"2024-10-15T12:47:13+00:00","og_image":[{"width":2560,"height":2560,"url":"https:\/\/www.mksolutions.com\/wp-content\/uploads\/2024\/10\/PS_SC4-AD-black-white-scaled.jpg","type":"image\/jpeg"}],"twitter_card":"summary_large_image","twitter_misc":{"Est. reading time":"4 minutes"},"schema":{"@context":"https:\/\/schema.org","@graph":[{"@type":"WebPage","@id":"https:\/\/www.mksolutions.com\/de\/selbstverbucher-sc4ad\/","url":"https:\/\/www.mksolutions.com\/de\/selbstverbucher-sc4ad\/","name":"Selvbetjening SC4 AD - mk Solutions","isPartOf":{"@id":"https:\/\/www.mksolutions.com\/en\/#website"},"datePublished":"2014-12-22T17:50:09+00:00","dateModified":"2024-10-15T12:47:13+00:00","description":"Selvbetjening SC4 AD","breadcrumb":{"@id":"https:\/\/www.mksolutions.com\/de\/selbstverbucher-sc4ad\/#breadcrumb"},"inLanguage":"dk-DK","potentialAction":[{"@type":"ReadAction","target":["https:\/\/www.mksolutions.com\/de\/selbstverbucher-sc4ad\/"]}]},{"@type":"BreadcrumbList","@id":"https:\/\/www.mksolutions.com\/de\/selbstverbucher-sc4ad\/#breadcrumb","itemListElement":[{"@type":"ListItem","position":1,"name":"Home","item":"https:\/\/www.mksolutions.com\/en\/"},{"@type":"ListItem","position":2,"name":"Selbstverbucher SC4 AD"}]},{"@type":"WebSite","@id":"https:\/\/www.mksolutions.com\/en\/#website","url":"https:\/\/www.mksolutions.com\/en\/","name":"mk Solutions","description":"TagVision","publisher":{"@id":"https:\/\/www.mksolutions.com\/en\/#organization"},"potentialAction":[{"@type":"SearchAction","target":{"@type":"EntryPoint","urlTemplate":"https:\/\/www.mksolutions.com\/en\/?s={search_term_string}"},"query-input":"required name=search_term_string"}],"inLanguage":"dk-DK"},{"@type":"Organization","@id":"https:\/\/www.mksolutions.com\/en\/#organization","name":"mk solution","url":"https:\/\/www.mksolutions.com\/en\/","logo":{"@type":"ImageObject","inLanguage":"dk-DK","@id":"https:\/\/www.mksolutions.com\/en\/#\/schema\/logo\/image\/","url":"https:\/\/www.mksolutions.com\/wp-content\/uploads\/2017\/05\/cropped-mk_solutions_website_icon.png","contentUrl":"https:\/\/www.mksolutions.com\/wp-content\/uploads\/2017\/05\/cropped-mk_solutions_website_icon.png","width":512,"height":512,"caption":"mk solution"},"image":{"@id":"https:\/\/www.mksolutions.com\/en\/#\/schema\/logo\/image\/"}}]}},"_links":{"self":[{"href":"https:\/\/www.mksolutions.com\/da\/wp-json\/wp\/v2\/pages\/59910"}],"collection":[{"href":"https:\/\/www.mksolutions.com\/da\/wp-json\/wp\/v2\/pages"}],"about":[{"href":"https:\/\/www.mksolutions.com\/da\/wp-json\/wp\/v2\/types\/page"}],"author":[{"embeddable":true,"href":"https:\/\/www.mksolutions.com\/da\/wp-json\/wp\/v2\/users\/1"}],"replies":[{"embeddable":true,"href":"https:\/\/www.mksolutions.com\/da\/wp-json\/wp\/v2\/comments?post=59910"}],"version-history":[{"count":55,"href":"https:\/\/www.mksolutions.com\/da\/wp-json\/wp\/v2\/pages\/59910\/revisions"}],"predecessor-version":[{"id":63703,"href":"https:\/\/www.mksolutions.com\/da\/wp-json\/wp\/v2\/pages\/59910\/revisions\/63703"}],"wp:featuredmedia":[{"embeddable":true,"href":"https:\/\/www.mksolutions.com\/da\/wp-json\/wp\/v2\/media\/63676"}],"wp:attachment":[{"href":"https:\/\/www.mksolutions.com\/da\/wp-json\/wp\/v2\/media?parent=59910"}],"curies":[{"name":"wp","href":"https:\/\/api.w.org\/{rel}","templated":true}]}}