{"id":59826,"date":"2014-12-11T17:50:51","date_gmt":"2014-12-11T17:50:51","guid":{"rendered":"https:\/\/mk-solutions.com\/?page_id=59826\/"},"modified":"2023-03-14T13:02:42","modified_gmt":"2023-03-14T12:02:42","slug":"company","status":"publish","type":"page","link":"https:\/\/www.mksolutions.com\/da\/om-os\/","title":{"rendered":"Om os"},"content":{"rendered":"<p>[vc_row row_height_percent=&#8221;0&#8243; override_padding=&#8221;yes&#8221; h_padding=&#8221;2&#8243; top_padding=&#8221;4&#8243; bottom_padding=&#8221;4&#8243; overlay_alpha=&#8221;100&#8243; gutter_size=&#8221;100&#8243; shift_y=&#8221;0&#8243; style=&#8221;inherited&#8221;][vc_column column_width_use_pixel=&#8221;yes&#8221; align_horizontal=&#8221;align_center&#8221; gutter_size=&#8221;4&#8243; font_family=&#8221;font-134980&#8243; overlay_alpha=&#8221;100&#8243; shift_x=&#8221;0&#8243; shift_y=&#8221;0&#8243; shift_y_down=&#8221;0&#8243; z_index=&#8221;0&#8243; medium_width=&#8221;0&#8243; mobile_width=&#8221;0&#8243; zoom_width=&#8221;0&#8243; zoom_height=&#8221;0&#8243; width=&#8221;1\/1&#8243; column_width_pixel=&#8221;800&#8243;][vc_tabs el_class=&#8221;company-tab&#8221;][vc_tab gutter_size=&#8221;2&#8243; column_padding=&#8221;2&#8243; no_margin=&#8221;yes&#8221; title=&#8221;OM OS&#8221; tab_id=&#8221;1434114947-1-82&#8243;][vc_column_text text_lead=&#8221;yes&#8221; el_class=&#8221;unternehmen_tab_content&#8221; uncode_shortcode_id=&#8221;691003&#8243;]mk Solutions, der stammer fra mk Technology Group, er en f\u00f8rende producent af selvbetjenings- udl\u00e5n\u00a0og afleveringsautomater, sikkerhedssystemer, retur- og sorteringsl\u00f8sninger og\u00a0biblioteksudl\u00e5nsmaskiner. mk udvikler, fremstiller og installerer komplette RFID- og Automatiske\u00a0materiale styringssystemer til biblioteker over hele kloden.[\/vc_column_text][\/vc_tab][vc_tab gutter_size=&#8221;2&#8243; column_padding=&#8221;2&#8243; no_margin=&#8221;yes&#8221; title=&#8221;KVALITET&#8221; tab_id=&#8221;1434114947-2-86&#8243;][vc_column_text text_lead=&#8221;yes&#8221; el_class=&#8221;unternehmen_tab_content&#8221; uncode_shortcode_id=&#8221;928525&#8243;]Kvalitet er vores h\u00f8jeste prioritet.<br \/>\nI tr\u00e5d med dette princip revideres og certificeres MK Quality Management System af T\u00fcv til ISO 9001:\u00a02000 i 2003. Vores forpligtelse til kvalitet er vores h\u00f8jeste prioritet &#8211; du kan altid stole p\u00e5 vores l\u00f8sninger.[\/vc_column_text][\/vc_tab][vc_tab gutter_size=&#8221;2&#8243; column_padding=&#8221;2&#8243; title=&#8221;EKSPERTISE&#8221; tab_id=&#8221;1495545701244-2-0&#8243;][vc_column_text el_class=&#8221;unternehmen_tab_content&#8221; uncode_shortcode_id=&#8221;198597&#8243;]Vores erfaring er bygget p\u00e5 mere end 40 \u00e5rs viden om den mest avancerede RFID-teknologi. mk leverer\u00a0en RFID-l\u00f8sning, der overg\u00e5r alle forventninger. Biblioteker kan v\u00e6re trygge ved at systemet er\u00a0skr\u00e6ddersyet til deres specifikke behov, og kan v\u00e6re sikre p\u00e5 at de har et system, der forbedrer\u00a0l\u00e5nernes oplevelse som ingen anden l\u00f8sning p\u00e5 markedet.[\/vc_column_text][\/vc_tab][\/vc_tabs][\/vc_column][\/vc_row][vc_row row_height_percent=&#8221;0&#8243; override_padding=&#8221;yes&#8221; h_padding=&#8221;2&#8243; top_padding=&#8221;4&#8243; bottom_padding=&#8221;4&#8243; back_color=&#8221;accent&#8221; back_image=&#8221;42850&#8243; back_position=&#8221;center center&#8221; parallax=&#8221;yes&#8221; overlay_color=&#8221;accent&#8221; overlay_alpha=&#8221;90&#8243; gutter_size=&#8221;100&#8243; shift_y=&#8221;0&#8243; style=&#8221;inherited&#8221;][vc_column column_width_percent=&#8221;100&#8243; position_horizontal=&#8221;left&#8221; align_horizontal=&#8221;align_center&#8221; gutter_size=&#8221;4&#8243; overlay_alpha=&#8221;100&#8243; shift_x=&#8221;0&#8243; shift_y=&#8221;0&#8243; medium_width=&#8221;0&#8243; zoom_width=&#8221;0&#8243; zoom_height=&#8221;0&#8243; width=&#8221;1\/1&#8243;][vc_custom_heading text_color=&#8221;color-xsdn&#8221; text_size=&#8221;&#8221; text_weight=&#8221;500&#8243; text_transform=&#8221;uppercase&#8221; separator=&#8221;yes&#8221; sub_lead=&#8221;yes&#8221; sub_reduced=&#8221;yes&#8221; uncode_shortcode_id=&#8221;232433&#8243; text_color_type=&#8221;uncode-palette&#8221;]Vores kendetegn[\/vc_custom_heading][vc_row_inner row_inner_height_percent=&#8221;0&#8243; overlay_alpha=&#8221;100&#8243; gutter_size=&#8221;3&#8243; shift_y=&#8221;0&#8243;][vc_column_inner column_width_percent=&#8221;100&#8243; gutter_size=&#8221;3&#8243; style=&#8221;dark&#8221; overlay_alpha=&#8221;100&#8243; shift_x=&#8221;0&#8243; shift_y=&#8221;0&#8243; medium_width=&#8221;3&#8243; zoom_width=&#8221;0&#8243; zoom_height=&#8221;0&#8243; width=&#8221;1\/3&#8243;][vc_icon position=&#8221;left&#8221; icon=&#8221;fa fa-trophy2&#8243; size=&#8221;fa-2x&#8221; text_size=&#8221;h5&#8243; css_animation=&#8221;bottom-t-top&#8221; animation_delay=&#8221;200&#8243; align=&#8221;left&#8221; title=&#8221;Kvalitet&#8221; uncode_shortcode_id=&#8221;176649&#8243;]Kvalitet er vores prim\u00e6re m\u00e5l, certificeret til ISO 9001: 2000[\/vc_icon][\/vc_column_inner][vc_column_inner column_width_percent=&#8221;100&#8243; gutter_size=&#8221;3&#8243; style=&#8221;dark&#8221; overlay_alpha=&#8221;100&#8243; shift_x=&#8221;0&#8243; shift_y=&#8221;0&#8243; medium_width=&#8221;3&#8243; zoom_width=&#8221;0&#8243; zoom_height=&#8221;0&#8243; width=&#8221;1\/3&#8243;][vc_icon position=&#8221;left&#8221; icon=&#8221;fa fa-tools-2&#8243; size=&#8221;fa-2x&#8221; text_size=&#8221;h5&#8243; css_animation=&#8221;bottom-t-top&#8221; animation_delay=&#8221;400&#8243; align=&#8221;left&#8221; title=&#8221;Ekspertise&#8221; uncode_shortcode_id=&#8221;106761&#8243;]Vi har mere end 40 \u00e5rs erfaring[\/vc_icon][\/vc_column_inner][vc_column_inner column_width_percent=&#8221;100&#8243; gutter_size=&#8221;3&#8243; style=&#8221;dark&#8221; overlay_alpha=&#8221;100&#8243; shift_x=&#8221;0&#8243; shift_y=&#8221;0&#8243; medium_width=&#8221;3&#8243; zoom_width=&#8221;0&#8243; zoom_height=&#8221;0&#8243; width=&#8221;1\/3&#8243;][vc_icon position=&#8221;left&#8221; icon=&#8221;fa fa-laptop2&#8243; size=&#8221;fa-2x&#8221; text_size=&#8221;h5&#8243; css_animation=&#8221;bottom-t-top&#8221; animation_delay=&#8221;600&#8243; align=&#8221;left&#8221; title=&#8221;Service&#8221; uncode_shortcode_id=&#8221;216113&#8243;]Vores kunder modtager den bedst mulige service[\/vc_icon][\/vc_column_inner][\/vc_row_inner][vc_row_inner row_inner_height_percent=&#8221;0&#8243; overlay_alpha=&#8221;100&#8243; gutter_size=&#8221;3&#8243; shift_y=&#8221;0&#8243;][vc_column_inner column_width_percent=&#8221;100&#8243; gutter_size=&#8221;3&#8243; style=&#8221;dark&#8221; overlay_alpha=&#8221;100&#8243; shift_x=&#8221;0&#8243; shift_y=&#8221;0&#8243; medium_width=&#8221;3&#8243; zoom_width=&#8221;0&#8243; zoom_height=&#8221;0&#8243; width=&#8221;1\/3&#8243;][vc_icon position=&#8221;left&#8221; icon=&#8221;fa fa-shield2&#8243; size=&#8221;fa-2x&#8221; text_size=&#8221;h5&#8243; css_animation=&#8221;bottom-t-top&#8221; animation_delay=&#8221;200&#8243; align=&#8221;left&#8221; title=&#8221;P\u00e5lidelig&#8221; uncode_shortcode_id=&#8221;166056&#8243;]Du kan altid stole p\u00e5 vores produkter af h\u00f8j kvalitet[\/vc_icon][\/vc_column_inner][vc_column_inner column_width_percent=&#8221;100&#8243; gutter_size=&#8221;3&#8243; style=&#8221;dark&#8221; overlay_alpha=&#8221;100&#8243; shift_x=&#8221;0&#8243; shift_y=&#8221;0&#8243; medium_width=&#8221;3&#8243; zoom_width=&#8221;0&#8243; zoom_height=&#8221;0&#8243; width=&#8221;1\/3&#8243;][vc_icon position=&#8221;left&#8221; icon=&#8221;fa fa-profile-male&#8221; size=&#8221;fa-2x&#8221; text_size=&#8221;h5&#8243; css_animation=&#8221;bottom-t-top&#8221; animation_delay=&#8221;400&#8243; align=&#8221;left&#8221; title=&#8221;Bibliotekorienteret&#8221; uncode_shortcode_id=&#8221;178101&#8243;]Vi tilbyder dig individuelt skr\u00e6ddersyede l\u00f8sninger[\/vc_icon][\/vc_column_inner][vc_column_inner column_width_percent=&#8221;100&#8243; gutter_size=&#8221;3&#8243; style=&#8221;dark&#8221; overlay_alpha=&#8221;100&#8243; shift_x=&#8221;0&#8243; shift_y=&#8221;0&#8243; medium_width=&#8221;3&#8243; zoom_width=&#8221;0&#8243; zoom_height=&#8221;0&#8243; width=&#8221;1\/3&#8243;][vc_icon position=&#8221;left&#8221; icon=&#8221;fa fa-lightbulb&#8221; size=&#8221;fa-2x&#8221; text_size=&#8221;h5&#8243; css_animation=&#8221;bottom-t-top&#8221; animation_delay=&#8221;600&#8243; align=&#8221;left&#8221; title=&#8221;Innovativ&#8221; uncode_shortcode_id=&#8221;267410&#8243;]Vores innovationer kan ses i alle produkter[\/vc_icon][\/vc_column_inner][\/vc_row_inner][\/vc_column][\/vc_row][vc_row row_height_percent=&#8221;0&#8243; override_padding=&#8221;yes&#8221; h_padding=&#8221;2&#8243; top_padding=&#8221;4&#8243; bottom_padding=&#8221;3&#8243; overlay_alpha=&#8221;100&#8243; gutter_size=&#8221;100&#8243; shift_y=&#8221;0&#8243; style=&#8221;inherited&#8221;][vc_column column_width_percent=&#8221;100&#8243; gutter_size=&#8221;3&#8243; overlay_alpha=&#8221;100&#8243; shift_x=&#8221;0&#8243; shift_y=&#8221;0&#8243; medium_width=&#8221;0&#8243; zoom_width=&#8221;0&#8243; zoom_height=&#8221;0&#8243; width=&#8221;1\/1&#8243;][vc_row_inner row_inner_height_percent=&#8221;0&#8243; overlay_alpha=&#8221;100&#8243; gutter_size=&#8221;3&#8243; shift_y=&#8221;0&#8243;][vc_column_inner column_width_use_pixel=&#8221;yes&#8221; align_horizontal=&#8221;align_center&#8221; gutter_size=&#8221;3&#8243; font_family=&#8221;font-134980&#8243; overlay_alpha=&#8221;100&#8243; shift_x=&#8221;0&#8243; shift_y=&#8221;0&#8243; medium_width=&#8221;0&#8243; zoom_width=&#8221;0&#8243; zoom_height=&#8221;0&#8243; width=&#8221;1\/1&#8243; column_width_pixel=&#8221;700&#8243;][vc_custom_heading text_font=&#8221;font-762333&#8243; text_weight=&#8221;700&#8243; text_transform=&#8221;uppercase&#8221; separator=&#8221;yes&#8221; separator_color=&#8221;yes&#8221; sub_lead=&#8221;yes&#8221; sub_reduced=&#8221;yes&#8221; text_align=&#8221;text-center&#8221; subheading=&#8221;Vi tilbyder dig en omfattende service, fra at konsultere hele vejen igennem til eftersalgsservices&#8221; uncode_shortcode_id=&#8221;176298&#8243;]Vores service[\/vc_custom_heading][\/vc_column_inner][\/vc_row_inner][\/vc_column][\/vc_row][vc_row row_height_percent=&#8221;0&#8243; overlay_alpha=&#8221;50&#8243; equal_height=&#8221;yes&#8221; gutter_size=&#8221;3&#8243; column_width_percent=&#8221;100&#8243; shift_y=&#8221;0&#8243; z_index=&#8221;0&#8243; uncode_shortcode_id=&#8221;294017&#8243; shape_dividers=&#8221;&#8221;][vc_column column_width_percent=&#8221;100&#8243; gutter_size=&#8221;3&#8243; expand_height=&#8221;yes&#8221; back_color=&#8221;color-lxmt&#8221; overlay_alpha=&#8221;50&#8243; shift_x=&#8221;0&#8243; shift_y=&#8221;0&#8243; shift_y_down=&#8221;0&#8243; z_index=&#8221;0&#8243; medium_width=&#8221;0&#8243; mobile_width=&#8221;0&#8243; width=&#8221;1\/2&#8243; uncode_shortcode_id=&#8221;237790&#8243; back_color_type=&#8221;uncode-palette&#8221; css=&#8221;.vc_custom_1678794739201{border-bottom-width: 0px !important;padding-bottom: 0px !important;}&#8221;][vc_single_image media=&#8221;59638&#8243; media_width_percent=&#8221;100&#8243;][vc_icon icon=&#8221;fa fa-lightbulb&#8221; icon_color=&#8221;accent&#8221; size=&#8221;fa-3x&#8221; heading_semantic=&#8221;div&#8221; el_class=&#8221;fontblack&#8221; title=&#8221;R\u00e5dgivning&#8221; el_id=&#8221;about-service-box&#8221; uncode_shortcode_id=&#8221;107488&#8243; icon_color_type=&#8221;uncode-palette&#8221;]Vi vil meget gerne give dig r\u00e5d om automatisering af dit bibliotek. Kontakt os for individuelt hj\u00e6lp.[\/vc_icon][\/vc_column][vc_column column_width_percent=&#8221;100&#8243; gutter_size=&#8221;3&#8243; expand_height=&#8221;yes&#8221; back_color=&#8221;color-lxmt&#8221; overlay_alpha=&#8221;50&#8243; shift_x=&#8221;0&#8243; shift_y=&#8221;0&#8243; shift_y_down=&#8221;0&#8243; z_index=&#8221;0&#8243; medium_width=&#8221;0&#8243; mobile_width=&#8221;0&#8243; width=&#8221;1\/2&#8243; uncode_shortcode_id=&#8221;199177&#8243; back_color_type=&#8221;uncode-palette&#8221;][vc_single_image media=&#8221;59689&#8243; media_width_percent=&#8221;100&#8243;][vc_icon icon=&#8221;fa fa-presentation&#8221; icon_color=&#8221;accent&#8221; size=&#8221;fa-3x&#8221; heading_semantic=&#8221;div&#8221; el_class=&#8221;fontblack&#8221; title=&#8221;Projektledelse&#8221; uncode_shortcode_id=&#8221;584623&#8243; icon_color_type=&#8221;uncode-palette&#8221;]MK har en r\u00e6kke kyndige og erfarne projektledere, der vil arbejde sammen med dig for at automatisere<br \/>\ndit bibliotek med succes.[\/vc_icon][\/vc_column][\/vc_row][vc_row row_height_percent=&#8221;0&#8243; overlay_alpha=&#8221;50&#8243; equal_height=&#8221;yes&#8221; gutter_size=&#8221;3&#8243; column_width_percent=&#8221;100&#8243; shift_y=&#8221;0&#8243; z_index=&#8221;0&#8243; uncode_shortcode_id=&#8221;134419&#8243; shape_dividers=&#8221;&#8221;][vc_column column_width_percent=&#8221;100&#8243; gutter_size=&#8221;3&#8243; back_color=&#8221;color-lxmt&#8221; overlay_alpha=&#8221;50&#8243; shift_x=&#8221;0&#8243; shift_y=&#8221;0&#8243; shift_y_down=&#8221;0&#8243; z_index=&#8221;0&#8243; medium_width=&#8221;0&#8243; mobile_width=&#8221;0&#8243; width=&#8221;1\/2&#8243;][vc_single_image media=&#8221;63336&#8243; media_width_percent=&#8221;100&#8243;][vc_icon icon=&#8221;fa fa-gears2&#8243; icon_color=&#8221;accent&#8221; size=&#8221;fa-3x&#8221; heading_semantic=&#8221;div&#8221; el_class=&#8221;fontblack&#8221; title=&#8221;Ingeni\u00f8rarbejde&#8221; uncode_shortcode_id=&#8221;192611&#8243; icon_color_type=&#8221;uncode-palette&#8221;]Vi tilbyder ogs\u00e5 individuelt skr\u00e6ddersyede l\u00f8sninger til dit bibliotek.[\/vc_icon][\/vc_column][vc_column column_width_percent=&#8221;100&#8243; gutter_size=&#8221;3&#8243; back_color=&#8221;color-lxmt&#8221; overlay_alpha=&#8221;50&#8243; shift_x=&#8221;0&#8243; shift_y=&#8221;0&#8243; shift_y_down=&#8221;0&#8243; z_index=&#8221;0&#8243; medium_width=&#8221;0&#8243; mobile_width=&#8221;0&#8243; width=&#8221;1\/2&#8243;][vc_single_image media=&#8221;59698&#8243; media_width_percent=&#8221;100&#8243;][vc_icon icon=&#8221;fa fa-profile-male&#8221; icon_color=&#8221;accent&#8221; size=&#8221;fa-3x&#8221; heading_semantic=&#8221;div&#8221; el_class=&#8221;fontblack&#8221; title=&#8221;Eftersalg&#8221; uncode_shortcode_id=&#8221;879297&#8243; icon_color_type=&#8221;uncode-palette&#8221;]Du drager altid fordel af en f\u00f8rste klasse eftersalgsservice for alle vores produkter.[\/vc_icon][\/vc_column][\/vc_row][vc_row row_height_percent=&#8221;0&#8243; override_padding=&#8221;yes&#8221; h_padding=&#8221;2&#8243; top_padding=&#8221;3&#8243; bottom_padding=&#8221;3&#8243; back_color=&#8221;color-lxmt&#8221; overlay_alpha=&#8221;50&#8243; gutter_size=&#8221;3&#8243; shift_y=&#8221;0&#8243;][vc_column column_width_percent=&#8221;100&#8243; align_horizontal=&#8221;align_center&#8221; gutter_size=&#8221;3&#8243; overlay_alpha=&#8221;50&#8243; shift_x=&#8221;0&#8243; shift_y=&#8221;0&#8243; z_index=&#8221;0&#8243; medium_width=&#8221;0&#8243; mobile_width=&#8221;0&#8243; width=&#8221;1\/1&#8243;][vc_custom_heading heading_semantic=&#8221;h4&#8243; text_size=&#8221;h3&#8243; subheading=&#8221;Nysgerrig, eller vil du vide mere?&#8221; uncode_shortcode_id=&#8221;195146&#8243;]Kan du lide det du ser?[\/vc_custom_heading][vc_button button_color=&#8221;accent&#8221; radius=&#8221;btn-circle&#8221; border_width=&#8221;0&#8243; link=&#8221;url:https%3A%2F%2Fwww.mksolutions.com%2Fda%2Fkontakt%2F&#8221; icon=&#8221;fa fa-mail&#8221; button_color_type=&#8221;uncode-palette&#8221; uncode_shortcode_id=&#8221;917345&#8243;]Kontakt[\/vc_button][\/vc_column][\/vc_row]<\/p>","protected":false},"excerpt":{"rendered":"<p>[vc_row row_height_percent=&#8221;0&#8243; override_padding=&#8221;yes&#8221; h_padding=&#8221;2&#8243; top_padding=&#8221;4&#8243; bottom_padding=&#8221;4&#8243; overlay_alpha=&#8221;100&#8243; gutter_size=&#8221;100&#8243; shift_y=&#8221;0&#8243; style=&#8221;inherited&#8221;][vc_column column_width_use_pixel=&#8221;yes&#8221; align_horizontal=&#8221;align_center&#8221; gutter_size=&#8221;4&#8243; font_family=&#8221;font-134980&#8243; overlay_alpha=&#8221;100&#8243; shift_x=&#8221;0&#8243; shift_y=&#8221;0&#8243; shift_y_down=&#8221;0&#8243; z_index=&#8221;0&#8243; medium_width=&#8221;0&#8243; [&hellip;]<\/p>\n","protected":false},"author":1,"featured_media":0,"parent":0,"menu_order":0,"comment_status":"closed","ping_status":"closed","template":"","meta":{"_bbp_topic_count":0,"_bbp_reply_count":0,"_bbp_total_topic_count":0,"_bbp_total_reply_count":0,"_bbp_voice_count":0,"_bbp_anonymous_reply_count":0,"_bbp_topic_count_hidden":0,"_bbp_reply_count_hidden":0,"_bbp_forum_subforum_count":0},"yoast_head":"<!-- This site is optimized with the Yoast SEO plugin v19.10 - https:\/\/yoast.com\/wordpress\/plugins\/seo\/ -->\n<title>Om os - mk Solutions<\/title>\n<meta name=\"description\" content=\"Om os\" \/>\n<meta name=\"robots\" content=\"index, follow, max-snippet:-1, max-image-preview:large, max-video-preview:-1\" \/>\n<link rel=\"canonical\" href=\"https:\/\/www.mksolutions.com\/en\/company\/\" \/>\n<meta property=\"og:locale\" content=\"en_US\" \/>\n<meta property=\"og:type\" content=\"article\" \/>\n<meta property=\"og:title\" content=\"Om os - mk Solutions\" \/>\n<meta property=\"og:description\" content=\"Om os\" \/>\n<meta property=\"og:url\" content=\"https:\/\/www.mksolutions.com\/en\/company\/\" \/>\n<meta property=\"og:site_name\" content=\"mk Solutions\" \/>\n<meta property=\"article:modified_time\" content=\"2023-03-14T12:02:42+00:00\" \/>\n<meta name=\"twitter:card\" content=\"summary_large_image\" \/>\n<meta name=\"twitter:label1\" content=\"Est. reading time\" \/>\n\t<meta name=\"twitter:data1\" content=\"3 minutes\" \/>\n<script type=\"application\/ld+json\" class=\"yoast-schema-graph\">{\"@context\":\"https:\/\/schema.org\",\"@graph\":[{\"@type\":\"WebPage\",\"@id\":\"https:\/\/www.mksolutions.com\/en\/company\/\",\"url\":\"https:\/\/www.mksolutions.com\/en\/company\/\",\"name\":\"Om os - mk Solutions\",\"isPartOf\":{\"@id\":\"https:\/\/www.mksolutions.com\/en\/#website\"},\"datePublished\":\"2014-12-11T17:50:51+00:00\",\"dateModified\":\"2023-03-14T12:02:42+00:00\",\"description\":\"Om os\",\"breadcrumb\":{\"@id\":\"https:\/\/www.mksolutions.com\/en\/company\/#breadcrumb\"},\"inLanguage\":\"dk-DK\",\"potentialAction\":[{\"@type\":\"ReadAction\",\"target\":[\"https:\/\/www.mksolutions.com\/en\/company\/\"]}]},{\"@type\":\"BreadcrumbList\",\"@id\":\"https:\/\/www.mksolutions.com\/en\/company\/#breadcrumb\",\"itemListElement\":[{\"@type\":\"ListItem\",\"position\":1,\"name\":\"Home\",\"item\":\"https:\/\/www.mksolutions.com\/en\/\"},{\"@type\":\"ListItem\",\"position\":2,\"name\":\"Company\"}]},{\"@type\":\"WebSite\",\"@id\":\"https:\/\/www.mksolutions.com\/en\/#website\",\"url\":\"https:\/\/www.mksolutions.com\/en\/\",\"name\":\"mk Solutions\",\"description\":\"TagVision\",\"publisher\":{\"@id\":\"https:\/\/www.mksolutions.com\/en\/#organization\"},\"potentialAction\":[{\"@type\":\"SearchAction\",\"target\":{\"@type\":\"EntryPoint\",\"urlTemplate\":\"https:\/\/www.mksolutions.com\/en\/?s={search_term_string}\"},\"query-input\":\"required name=search_term_string\"}],\"inLanguage\":\"dk-DK\"},{\"@type\":\"Organization\",\"@id\":\"https:\/\/www.mksolutions.com\/en\/#organization\",\"name\":\"mk solution\",\"url\":\"https:\/\/www.mksolutions.com\/en\/\",\"logo\":{\"@type\":\"ImageObject\",\"inLanguage\":\"dk-DK\",\"@id\":\"https:\/\/www.mksolutions.com\/en\/#\/schema\/logo\/image\/\",\"url\":\"https:\/\/www.mksolutions.com\/wp-content\/uploads\/2017\/05\/cropped-mk_solutions_website_icon.png\",\"contentUrl\":\"https:\/\/www.mksolutions.com\/wp-content\/uploads\/2017\/05\/cropped-mk_solutions_website_icon.png\",\"width\":512,\"height\":512,\"caption\":\"mk solution\"},\"image\":{\"@id\":\"https:\/\/www.mksolutions.com\/en\/#\/schema\/logo\/image\/\"}}]}<\/script>\n<!-- \/ Yoast SEO plugin. -->","yoast_head_json":{"title":"Om os - mk Solutions","description":"Om os","robots":{"index":"index","follow":"follow","max-snippet":"max-snippet:-1","max-image-preview":"max-image-preview:large","max-video-preview":"max-video-preview:-1"},"canonical":"https:\/\/www.mksolutions.com\/en\/company\/","og_locale":"en_US","og_type":"article","og_title":"Om os - mk Solutions","og_description":"Om os","og_url":"https:\/\/www.mksolutions.com\/en\/company\/","og_site_name":"mk Solutions","article_modified_time":"2023-03-14T12:02:42+00:00","twitter_card":"summary_large_image","twitter_misc":{"Est. reading time":"3 minutes"},"schema":{"@context":"https:\/\/schema.org","@graph":[{"@type":"WebPage","@id":"https:\/\/www.mksolutions.com\/en\/company\/","url":"https:\/\/www.mksolutions.com\/en\/company\/","name":"Om os - mk Solutions","isPartOf":{"@id":"https:\/\/www.mksolutions.com\/en\/#website"},"datePublished":"2014-12-11T17:50:51+00:00","dateModified":"2023-03-14T12:02:42+00:00","description":"Om os","breadcrumb":{"@id":"https:\/\/www.mksolutions.com\/en\/company\/#breadcrumb"},"inLanguage":"dk-DK","potentialAction":[{"@type":"ReadAction","target":["https:\/\/www.mksolutions.com\/en\/company\/"]}]},{"@type":"BreadcrumbList","@id":"https:\/\/www.mksolutions.com\/en\/company\/#breadcrumb","itemListElement":[{"@type":"ListItem","position":1,"name":"Home","item":"https:\/\/www.mksolutions.com\/en\/"},{"@type":"ListItem","position":2,"name":"Company"}]},{"@type":"WebSite","@id":"https:\/\/www.mksolutions.com\/en\/#website","url":"https:\/\/www.mksolutions.com\/en\/","name":"mk Solutions","description":"TagVision","publisher":{"@id":"https:\/\/www.mksolutions.com\/en\/#organization"},"potentialAction":[{"@type":"SearchAction","target":{"@type":"EntryPoint","urlTemplate":"https:\/\/www.mksolutions.com\/en\/?s={search_term_string}"},"query-input":"required name=search_term_string"}],"inLanguage":"dk-DK"},{"@type":"Organization","@id":"https:\/\/www.mksolutions.com\/en\/#organization","name":"mk solution","url":"https:\/\/www.mksolutions.com\/en\/","logo":{"@type":"ImageObject","inLanguage":"dk-DK","@id":"https:\/\/www.mksolutions.com\/en\/#\/schema\/logo\/image\/","url":"https:\/\/www.mksolutions.com\/wp-content\/uploads\/2017\/05\/cropped-mk_solutions_website_icon.png","contentUrl":"https:\/\/www.mksolutions.com\/wp-content\/uploads\/2017\/05\/cropped-mk_solutions_website_icon.png","width":512,"height":512,"caption":"mk solution"},"image":{"@id":"https:\/\/www.mksolutions.com\/en\/#\/schema\/logo\/image\/"}}]}},"_links":{"self":[{"href":"https:\/\/www.mksolutions.com\/da\/wp-json\/wp\/v2\/pages\/59826"}],"collection":[{"href":"https:\/\/www.mksolutions.com\/da\/wp-json\/wp\/v2\/pages"}],"about":[{"href":"https:\/\/www.mksolutions.com\/da\/wp-json\/wp\/v2\/types\/page"}],"author":[{"embeddable":true,"href":"https:\/\/www.mksolutions.com\/da\/wp-json\/wp\/v2\/users\/1"}],"replies":[{"embeddable":true,"href":"https:\/\/www.mksolutions.com\/da\/wp-json\/wp\/v2\/comments?post=59826"}],"version-history":[{"count":60,"href":"https:\/\/www.mksolutions.com\/da\/wp-json\/wp\/v2\/pages\/59826\/revisions"}],"predecessor-version":[{"id":63590,"href":"https:\/\/www.mksolutions.com\/da\/wp-json\/wp\/v2\/pages\/59826\/revisions\/63590"}],"wp:attachment":[{"href":"https:\/\/www.mksolutions.com\/da\/wp-json\/wp\/v2\/media?parent=59826"}],"curies":[{"name":"wp","href":"https:\/\/api.w.org\/{rel}","templated":true}]}}