{"id":59025,"date":"2017-06-10T16:44:15","date_gmt":"2017-06-10T16:44:15","guid":{"rendered":"https:\/\/mk-solutions.com\/?page_id=59025\/"},"modified":"2018-06-20T21:36:30","modified_gmt":"2018-06-20T19:36:30","slug":"mittlerer-osten","status":"publish","type":"page","link":"https:\/\/www.mksolutions.com\/da\/kontakt\/mittlerer-osten\/","title":{"rendered":"Kontakt Mittlerer Osten"},"content":{"rendered":"<p class=\"qtranxs-available-languages-message qtranxs-available-languages-message-da\">Denne side er desv\u00e6rre kun tilg\u00e6ngelig p\u00e5 <a href=\"https:\/\/www.mksolutions.com\/de\/wp-json\/wp\/v2\/pages\/59025\" class=\"qtranxs-available-language-link qtranxs-available-language-link-de\" title=\"Deutsch\">Deutsch<\/a> og <a href=\"https:\/\/www.mksolutions.com\/en\/wp-json\/wp\/v2\/pages\/59025\" class=\"qtranxs-available-language-link qtranxs-available-language-link-en\" title=\"English\">English<\/a>. For the sake of viewer convenience, the content is shown below in this site default language. You may click one of the links to switch the site language to another available language.<\/p><p>[vc_row row_height_percent=&#8221;0&#8243; override_padding=&#8221;yes&#8221; h_padding=&#8221;2&#8243; top_padding=&#8221;3&#8243; bottom_padding=&#8221;3&#8243; back_color=&#8221;color-xsdn&#8221; overlay_alpha=&#8221;100&#8243; gutter_size=&#8221;100&#8243; shift_y=&#8221;0&#8243; style=&#8221;dark&#8221;][vc_column column_width_use_pixel=&#8221;yes&#8221; align_horizontal=&#8221;align_center&#8221; overlay_alpha=&#8221;100&#8243; gutter_size=&#8221;3&#8243; medium_width=&#8221;0&#8243; shift_x=&#8221;0&#8243; shift_y=&#8221;0&#8243; zoom_width=&#8221;0&#8243; zoom_height=&#8221;0&#8243; width=&#8221;1\/1&#8243; column_width_pixel=&#8221;800&#8243;][vc_custom_heading text_size=&#8221;h5&#8243; text_weight=&#8221;500&#8243; text_transform=&#8221;uppercase&#8221; sub_lead=&#8221;yes&#8221; sub_reduced=&#8221;yes&#8221; subheading=&#8221;Standort Mittlerer Osten&#8221; el_class=&#8221;contact-subheading&#8221;]KONTAKT[\/vc_custom_heading][\/vc_column][\/vc_row][vc_row unlock_row_content=&#8221;yes&#8221; row_height_percent=&#8221;0&#8243; override_padding=&#8221;yes&#8221; h_padding=&#8221;0&#8243; top_padding=&#8221;0&#8243; bottom_padding=&#8221;0&#8243; overlay_alpha=&#8221;100&#8243; equal_height=&#8221;yes&#8221; gutter_size=&#8221;0&#8243; shift_y=&#8221;0&#8243; row_height_pixel=&#8221;600&#8243;][vc_column column_width_percent=&#8221;100&#8243; position_horizontal=&#8221;left&#8221; expand_height=&#8221;yes&#8221; overlay_alpha=&#8221;100&#8243; gutter_size=&#8221;3&#8243; medium_width=&#8221;0&#8243; mobile_width=&#8221;0&#8243; shift_x=&#8221;0&#8243; shift_y=&#8221;0&#8243; z_index=&#8221;0&#8243; zoom_width=&#8221;0&#8243; zoom_height=&#8221;0&#8243; width=&#8221;1\/2&#8243; mobile_height=&#8221;250&#8243;][vc_gmaps map_color=&#8221;color-lxmt&#8221; ui_color=&#8221;accent&#8221; zoom=&#8221;13&#8243; map_saturation=&#8221;-100&#8243; map_brightness=&#8221;0&#8243; latlon=&#8221;25.187295, 55.261401&#8243;][\/vc_column][vc_column column_width_percent=&#8221;100&#8243; position_vertical=&#8221;middle&#8221; override_padding=&#8221;yes&#8221; column_padding=&#8221;4&#8243; back_color=&#8221;color-lxmt&#8221; overlay_alpha=&#8221;50&#8243; gutter_size=&#8221;3&#8243; medium_width=&#8221;0&#8243; mobile_width=&#8221;0&#8243; shift_x=&#8221;0&#8243; shift_y=&#8221;0&#8243; z_index=&#8221;0&#8243; width=&#8221;1\/2&#8243;][vc_column_text]<\/p>\n<h3>Edutech Middle East<\/h3>\n<p>P. O. Box. 52334|#2209, The Prism, Business Bay<br \/>\nDubai, UAE<\/p>\n<p>Chaman Lal Bhardwaj<br \/>\nTel: +971 4 452 8887<br \/>\nFax: 04 421 4388<\/p>\n<p>info@edutech.com<br \/>\nwww.edutech.com\/library[\/vc_column_text][vc_button button_color=&#8221;accent&#8221; radius=&#8221;btn-circle&#8221; link=&#8221;url:https%3A%2F%2Fwww.google.de%2Fmaps%2Fplace%2FPrism%2BTower%2B3D%2BMidle%2BEast%2F%4025.1873144%2C55.2592209%2C1345m%2Fdata%3D!3m2!1e3!4b1!4m5!3m4!1s0x3e5f69d0d69e8d93%3A0x8f0fe5aa20493ae4!8m2!3d25.1873144!4d55.2614096%3Fhl%3Dde||target:%20_blank|&#8221;]Ihr Weg zu uns[\/vc_button][\/vc_column][\/vc_row]<\/p>","protected":false},"excerpt":{"rendered":"<p>Denne side er desv\u00e6rre kun tilg\u00e6ngelig p\u00e5 Deutsch og English. For the sake of viewer convenience, the content is shown [&hellip;]<\/p>\n","protected":false},"author":1,"featured_media":0,"parent":58781,"menu_order":0,"comment_status":"closed","ping_status":"closed","template":"","meta":{"_bbp_topic_count":0,"_bbp_reply_count":0,"_bbp_total_topic_count":0,"_bbp_total_reply_count":0,"_bbp_voice_count":0,"_bbp_anonymous_reply_count":0,"_bbp_topic_count_hidden":0,"_bbp_reply_count_hidden":0,"_bbp_forum_subforum_count":0},"yoast_head":"<!-- This site is optimized with the Yoast SEO plugin v19.10 - https:\/\/yoast.com\/wordpress\/plugins\/seo\/ -->\n<title>Kontakt Mittlerer Osten - mk Solutions<\/title>\n<meta name=\"description\" content=\"Kontakt Mittlerer Osten\" \/>\n<meta name=\"robots\" content=\"index, follow, max-snippet:-1, max-image-preview:large, max-video-preview:-1\" \/>\n<link rel=\"canonical\" href=\"https:\/\/www.mksolutions.com\/de\/kontakt\/mittlerer-osten\/\" \/>\n<meta property=\"og:locale\" content=\"en_US\" \/>\n<meta property=\"og:type\" content=\"article\" \/>\n<meta property=\"og:title\" content=\"Kontakt Mittlerer Osten - mk Solutions\" \/>\n<meta property=\"og:description\" content=\"Kontakt Mittlerer Osten\" \/>\n<meta property=\"og:url\" content=\"https:\/\/www.mksolutions.com\/de\/kontakt\/mittlerer-osten\/\" \/>\n<meta property=\"og:site_name\" content=\"mk Solutions\" \/>\n<meta property=\"article:modified_time\" content=\"2018-06-20T19:36:30+00:00\" \/>\n<meta name=\"twitter:card\" content=\"summary_large_image\" \/>\n<meta name=\"twitter:label1\" content=\"Est. reading time\" \/>\n\t<meta name=\"twitter:data1\" content=\"3 minutes\" \/>\n<script type=\"application\/ld+json\" class=\"yoast-schema-graph\">{\"@context\":\"https:\/\/schema.org\",\"@graph\":[{\"@type\":\"WebPage\",\"@id\":\"https:\/\/www.mksolutions.com\/de\/kontakt\/mittlerer-osten\/\",\"url\":\"https:\/\/www.mksolutions.com\/de\/kontakt\/mittlerer-osten\/\",\"name\":\"Kontakt Mittlerer Osten - mk Solutions\",\"isPartOf\":{\"@id\":\"https:\/\/www.mksolutions.com\/en\/#website\"},\"datePublished\":\"2017-06-10T16:44:15+00:00\",\"dateModified\":\"2018-06-20T19:36:30+00:00\",\"description\":\"Kontakt Mittlerer Osten\",\"breadcrumb\":{\"@id\":\"https:\/\/www.mksolutions.com\/de\/kontakt\/mittlerer-osten\/#breadcrumb\"},\"inLanguage\":\"dk-DK\",\"potentialAction\":[{\"@type\":\"ReadAction\",\"target\":[\"https:\/\/www.mksolutions.com\/de\/kontakt\/mittlerer-osten\/\"]}]},{\"@type\":\"BreadcrumbList\",\"@id\":\"https:\/\/www.mksolutions.com\/de\/kontakt\/mittlerer-osten\/#breadcrumb\",\"itemListElement\":[{\"@type\":\"ListItem\",\"position\":1,\"name\":\"Home\",\"item\":\"https:\/\/www.mksolutions.com\/en\/\"},{\"@type\":\"ListItem\",\"position\":2,\"name\":\"Contact\",\"item\":\"https:\/\/www.mksolutions.com\/en\/contact\/\"},{\"@type\":\"ListItem\",\"position\":3,\"name\":\"Kontakt Mittlerer Osten\"}]},{\"@type\":\"WebSite\",\"@id\":\"https:\/\/www.mksolutions.com\/en\/#website\",\"url\":\"https:\/\/www.mksolutions.com\/en\/\",\"name\":\"mk Solutions\",\"description\":\"TagVision\",\"publisher\":{\"@id\":\"https:\/\/www.mksolutions.com\/en\/#organization\"},\"potentialAction\":[{\"@type\":\"SearchAction\",\"target\":{\"@type\":\"EntryPoint\",\"urlTemplate\":\"https:\/\/www.mksolutions.com\/en\/?s={search_term_string}\"},\"query-input\":\"required name=search_term_string\"}],\"inLanguage\":\"dk-DK\"},{\"@type\":\"Organization\",\"@id\":\"https:\/\/www.mksolutions.com\/en\/#organization\",\"name\":\"mk solution\",\"url\":\"https:\/\/www.mksolutions.com\/en\/\",\"logo\":{\"@type\":\"ImageObject\",\"inLanguage\":\"dk-DK\",\"@id\":\"https:\/\/www.mksolutions.com\/en\/#\/schema\/logo\/image\/\",\"url\":\"https:\/\/www.mksolutions.com\/wp-content\/uploads\/2017\/05\/cropped-mk_solutions_website_icon.png\",\"contentUrl\":\"https:\/\/www.mksolutions.com\/wp-content\/uploads\/2017\/05\/cropped-mk_solutions_website_icon.png\",\"width\":512,\"height\":512,\"caption\":\"mk solution\"},\"image\":{\"@id\":\"https:\/\/www.mksolutions.com\/en\/#\/schema\/logo\/image\/\"}}]}<\/script>\n<!-- \/ Yoast SEO plugin. -->","yoast_head_json":{"title":"Kontakt Mittlerer Osten - mk Solutions","description":"Kontakt Mittlerer Osten","robots":{"index":"index","follow":"follow","max-snippet":"max-snippet:-1","max-image-preview":"max-image-preview:large","max-video-preview":"max-video-preview:-1"},"canonical":"https:\/\/www.mksolutions.com\/de\/kontakt\/mittlerer-osten\/","og_locale":"en_US","og_type":"article","og_title":"Kontakt Mittlerer Osten - mk Solutions","og_description":"Kontakt Mittlerer Osten","og_url":"https:\/\/www.mksolutions.com\/de\/kontakt\/mittlerer-osten\/","og_site_name":"mk Solutions","article_modified_time":"2018-06-20T19:36:30+00:00","twitter_card":"summary_large_image","twitter_misc":{"Est. reading time":"3 minutes"},"schema":{"@context":"https:\/\/schema.org","@graph":[{"@type":"WebPage","@id":"https:\/\/www.mksolutions.com\/de\/kontakt\/mittlerer-osten\/","url":"https:\/\/www.mksolutions.com\/de\/kontakt\/mittlerer-osten\/","name":"Kontakt Mittlerer Osten - mk Solutions","isPartOf":{"@id":"https:\/\/www.mksolutions.com\/en\/#website"},"datePublished":"2017-06-10T16:44:15+00:00","dateModified":"2018-06-20T19:36:30+00:00","description":"Kontakt Mittlerer Osten","breadcrumb":{"@id":"https:\/\/www.mksolutions.com\/de\/kontakt\/mittlerer-osten\/#breadcrumb"},"inLanguage":"dk-DK","potentialAction":[{"@type":"ReadAction","target":["https:\/\/www.mksolutions.com\/de\/kontakt\/mittlerer-osten\/"]}]},{"@type":"BreadcrumbList","@id":"https:\/\/www.mksolutions.com\/de\/kontakt\/mittlerer-osten\/#breadcrumb","itemListElement":[{"@type":"ListItem","position":1,"name":"Home","item":"https:\/\/www.mksolutions.com\/en\/"},{"@type":"ListItem","position":2,"name":"Contact","item":"https:\/\/www.mksolutions.com\/en\/contact\/"},{"@type":"ListItem","position":3,"name":"Kontakt Mittlerer Osten"}]},{"@type":"WebSite","@id":"https:\/\/www.mksolutions.com\/en\/#website","url":"https:\/\/www.mksolutions.com\/en\/","name":"mk Solutions","description":"TagVision","publisher":{"@id":"https:\/\/www.mksolutions.com\/en\/#organization"},"potentialAction":[{"@type":"SearchAction","target":{"@type":"EntryPoint","urlTemplate":"https:\/\/www.mksolutions.com\/en\/?s={search_term_string}"},"query-input":"required name=search_term_string"}],"inLanguage":"dk-DK"},{"@type":"Organization","@id":"https:\/\/www.mksolutions.com\/en\/#organization","name":"mk solution","url":"https:\/\/www.mksolutions.com\/en\/","logo":{"@type":"ImageObject","inLanguage":"dk-DK","@id":"https:\/\/www.mksolutions.com\/en\/#\/schema\/logo\/image\/","url":"https:\/\/www.mksolutions.com\/wp-content\/uploads\/2017\/05\/cropped-mk_solutions_website_icon.png","contentUrl":"https:\/\/www.mksolutions.com\/wp-content\/uploads\/2017\/05\/cropped-mk_solutions_website_icon.png","width":512,"height":512,"caption":"mk solution"},"image":{"@id":"https:\/\/www.mksolutions.com\/en\/#\/schema\/logo\/image\/"}}]}},"_links":{"self":[{"href":"https:\/\/www.mksolutions.com\/da\/wp-json\/wp\/v2\/pages\/59025"}],"collection":[{"href":"https:\/\/www.mksolutions.com\/da\/wp-json\/wp\/v2\/pages"}],"about":[{"href":"https:\/\/www.mksolutions.com\/da\/wp-json\/wp\/v2\/types\/page"}],"author":[{"embeddable":true,"href":"https:\/\/www.mksolutions.com\/da\/wp-json\/wp\/v2\/users\/1"}],"replies":[{"embeddable":true,"href":"https:\/\/www.mksolutions.com\/da\/wp-json\/wp\/v2\/comments?post=59025"}],"version-history":[{"count":3,"href":"https:\/\/www.mksolutions.com\/da\/wp-json\/wp\/v2\/pages\/59025\/revisions"}],"predecessor-version":[{"id":61287,"href":"https:\/\/www.mksolutions.com\/da\/wp-json\/wp\/v2\/pages\/59025\/revisions\/61287"}],"up":[{"embeddable":true,"href":"https:\/\/www.mksolutions.com\/da\/wp-json\/wp\/v2\/pages\/58781"}],"wp:attachment":[{"href":"https:\/\/www.mksolutions.com\/da\/wp-json\/wp\/v2\/media?parent=59025"}],"curies":[{"name":"wp","href":"https:\/\/api.w.org\/{rel}","templated":true}]}}