{"id":58872,"date":"2017-06-10T15:26:34","date_gmt":"2017-06-10T15:26:34","guid":{"rendered":"https:\/\/mk-solutions.com\/?page_id=58872\/"},"modified":"2022-10-13T16:54:30","modified_gmt":"2022-10-13T14:54:30","slug":"vnm","status":"publish","type":"page","link":"https:\/\/www.mksolutions.com\/da\/kontakt\/vnm\/","title":{"rendered":"Kontakt VNM"},"content":{"rendered":"<p class=\"qtranxs-available-languages-message qtranxs-available-languages-message-da\">Denne side er desv\u00e6rre kun tilg\u00e6ngelig p\u00e5 <a href=\"https:\/\/www.mksolutions.com\/de\/wp-json\/wp\/v2\/pages\/58872\" class=\"qtranxs-available-language-link qtranxs-available-language-link-de\" title=\"Deutsch\">Deutsch<\/a> og <a href=\"https:\/\/www.mksolutions.com\/en\/wp-json\/wp\/v2\/pages\/58872\" class=\"qtranxs-available-language-link qtranxs-available-language-link-en\" title=\"English\">English<\/a>. For the sake of viewer convenience, the content is shown below in this site default language. You may click one of the links to switch the site language to another available language.<\/p><p>[vc_row row_height_percent=&#8221;0&#8243; override_padding=&#8221;yes&#8221; h_padding=&#8221;2&#8243; top_padding=&#8221;3&#8243; bottom_padding=&#8221;3&#8243; back_color=&#8221;color-xsdn&#8221; overlay_alpha=&#8221;100&#8243; gutter_size=&#8221;100&#8243; shift_y=&#8221;0&#8243; style=&#8221;dark&#8221;][vc_column column_width_use_pixel=&#8221;yes&#8221; align_horizontal=&#8221;align_center&#8221; gutter_size=&#8221;3&#8243; overlay_alpha=&#8221;100&#8243; shift_x=&#8221;0&#8243; shift_y=&#8221;0&#8243; medium_width=&#8221;0&#8243; zoom_width=&#8221;0&#8243; zoom_height=&#8221;0&#8243; width=&#8221;1\/1&#8243; column_width_pixel=&#8221;800&#8243;][vc_custom_heading text_size=&#8221;h5&#8243; text_weight=&#8221;500&#8243; text_transform=&#8221;uppercase&#8221; sub_lead=&#8221;yes&#8221; sub_reduced=&#8221;yes&#8221; subheading=&#8221;`{`includeme file=&#8220;location.php&#8220;`}`&#8221; el_class=&#8221;contact-subheading&#8221;]KONTAKT[\/vc_custom_heading][\/vc_column][\/vc_row][vc_row unlock_row_content=&#8221;yes&#8221; row_height_percent=&#8221;0&#8243; override_padding=&#8221;yes&#8221; h_padding=&#8221;0&#8243; top_padding=&#8221;0&#8243; bottom_padding=&#8221;0&#8243; overlay_alpha=&#8221;100&#8243; equal_height=&#8221;yes&#8221; gutter_size=&#8221;0&#8243; shift_y=&#8221;0&#8243; row_height_pixel=&#8221;600&#8243;][vc_column column_width_percent=&#8221;100&#8243; position_horizontal=&#8221;left&#8221; gutter_size=&#8221;3&#8243; expand_height=&#8221;yes&#8221; overlay_alpha=&#8221;100&#8243; shift_x=&#8221;0&#8243; shift_y=&#8221;0&#8243; z_index=&#8221;0&#8243; medium_width=&#8221;0&#8243; mobile_width=&#8221;0&#8243; zoom_width=&#8221;0&#8243; zoom_height=&#8221;0&#8243; width=&#8221;1\/2&#8243; mobile_height=&#8221;250&#8243;][vc_gmaps map_color=&#8221;color-lxmt&#8221; ui_color=&#8221;accent&#8221; zoom=&#8221;13&#8243; map_saturation=&#8221;-100&#8243; map_brightness=&#8221;0&#8243; latlon=&#8221;20.9600852,105.7641783&#8243;][\/vc_column][vc_column column_width_percent=&#8221;100&#8243; position_vertical=&#8221;middle&#8221; gutter_size=&#8221;3&#8243; override_padding=&#8221;yes&#8221; column_padding=&#8221;4&#8243; back_color=&#8221;color-lxmt&#8221; overlay_alpha=&#8221;50&#8243; shift_x=&#8221;0&#8243; shift_y=&#8221;0&#8243; z_index=&#8221;0&#8243; medium_width=&#8221;0&#8243; mobile_width=&#8221;0&#8243; width=&#8221;1\/2&#8243;][vc_column_text]<strong>C\u00d4NG TY C\u1ed4 PH\u1ea6N D\u1ecaCH V\u1ee4 TH\u01af\u01a0NG M\u1ea0I V\u00c0 TH\u00d4NG TIN K\u1ef8 THU\u1eacT<\/strong><\/p>\n<p><strong>TED ENGINEERING DOCUMENT JSC.<\/strong><\/p>\n<p>B2-610, La Casta Tower, La Khe street,<br \/>\nVan Phu New Town, Ha Dong, Ha Noi, Viet Nam<\/p>\n<p>Tel: +84.24.3564 0225<br \/>\nFax: +84.24.3564 0221<\/p>\n<p>sales@ted.com.vn &amp; info@ted.com.vn<br \/>\nwww.ted.com.vn[\/vc_column_text][vc_button button_color=&#8221;accent&#8221; radius=&#8221;btn-circle&#8221; border_width=&#8221;0&#8243; link=&#8221;url:https%3A%2F%2Fwww.google.com%2Fmaps%2Fplace%2FChung%2BC%C6%B0%2BLa%2BCasta%2BTower%2F%4020.9600852%2C105.7641783%2C17z%2Fdata%3D!3m1!4b1!4m5!3m4!1s0x313453eb183afd59%3A0xae44c0ef174a2a85!8m2!3d20.9600802!4d105.7663723|target:_blank&#8221;]Ihr Weg zu uns[\/vc_button][\/vc_column][\/vc_row]<\/p>","protected":false},"excerpt":{"rendered":"<p>Denne side er desv\u00e6rre kun tilg\u00e6ngelig p\u00e5 Deutsch og English. For the sake of viewer convenience, the content is shown [&hellip;]<\/p>\n","protected":false},"author":1,"featured_media":0,"parent":58781,"menu_order":0,"comment_status":"closed","ping_status":"closed","template":"","meta":{"_bbp_topic_count":0,"_bbp_reply_count":0,"_bbp_total_topic_count":0,"_bbp_total_reply_count":0,"_bbp_voice_count":0,"_bbp_anonymous_reply_count":0,"_bbp_topic_count_hidden":0,"_bbp_reply_count_hidden":0,"_bbp_forum_subforum_count":0},"yoast_head":"<!-- This site is optimized with the Yoast SEO plugin v19.10 - https:\/\/yoast.com\/wordpress\/plugins\/seo\/ -->\n<title>Kontakt VNM - mk Solutions<\/title>\n<meta name=\"description\" content=\"Kontakt VNM\" \/>\n<meta name=\"robots\" content=\"index, follow, max-snippet:-1, max-image-preview:large, max-video-preview:-1\" \/>\n<link rel=\"canonical\" href=\"https:\/\/www.mksolutions.com\/en\/contact\/vnm\/\" \/>\n<meta property=\"og:locale\" content=\"en_US\" \/>\n<meta property=\"og:type\" content=\"article\" \/>\n<meta property=\"og:title\" content=\"Kontakt VNM - mk Solutions\" \/>\n<meta property=\"og:description\" content=\"Kontakt VNM\" \/>\n<meta property=\"og:url\" content=\"https:\/\/www.mksolutions.com\/en\/contact\/vnm\/\" \/>\n<meta property=\"og:site_name\" content=\"mk Solutions\" \/>\n<meta property=\"article:modified_time\" content=\"2022-10-13T14:54:30+00:00\" \/>\n<meta name=\"twitter:card\" content=\"summary_large_image\" \/>\n<meta name=\"twitter:label1\" content=\"Est. reading time\" \/>\n\t<meta name=\"twitter:data1\" content=\"1 minute\" \/>\n<script type=\"application\/ld+json\" class=\"yoast-schema-graph\">{\"@context\":\"https:\/\/schema.org\",\"@graph\":[{\"@type\":\"WebPage\",\"@id\":\"https:\/\/www.mksolutions.com\/en\/contact\/vnm\/\",\"url\":\"https:\/\/www.mksolutions.com\/en\/contact\/vnm\/\",\"name\":\"Kontakt VNM - mk Solutions\",\"isPartOf\":{\"@id\":\"https:\/\/www.mksolutions.com\/en\/#website\"},\"datePublished\":\"2017-06-10T15:26:34+00:00\",\"dateModified\":\"2022-10-13T14:54:30+00:00\",\"description\":\"Kontakt VNM\",\"breadcrumb\":{\"@id\":\"https:\/\/www.mksolutions.com\/en\/contact\/vnm\/#breadcrumb\"},\"inLanguage\":\"dk-DK\",\"potentialAction\":[{\"@type\":\"ReadAction\",\"target\":[\"https:\/\/www.mksolutions.com\/en\/contact\/vnm\/\"]}]},{\"@type\":\"BreadcrumbList\",\"@id\":\"https:\/\/www.mksolutions.com\/en\/contact\/vnm\/#breadcrumb\",\"itemListElement\":[{\"@type\":\"ListItem\",\"position\":1,\"name\":\"Home\",\"item\":\"https:\/\/www.mksolutions.com\/en\/\"},{\"@type\":\"ListItem\",\"position\":2,\"name\":\"Contact\",\"item\":\"https:\/\/www.mksolutions.com\/en\/contact\/\"},{\"@type\":\"ListItem\",\"position\":3,\"name\":\"Contact VNM\"}]},{\"@type\":\"WebSite\",\"@id\":\"https:\/\/www.mksolutions.com\/en\/#website\",\"url\":\"https:\/\/www.mksolutions.com\/en\/\",\"name\":\"mk Solutions\",\"description\":\"TagVision\",\"publisher\":{\"@id\":\"https:\/\/www.mksolutions.com\/en\/#organization\"},\"potentialAction\":[{\"@type\":\"SearchAction\",\"target\":{\"@type\":\"EntryPoint\",\"urlTemplate\":\"https:\/\/www.mksolutions.com\/en\/?s={search_term_string}\"},\"query-input\":\"required name=search_term_string\"}],\"inLanguage\":\"dk-DK\"},{\"@type\":\"Organization\",\"@id\":\"https:\/\/www.mksolutions.com\/en\/#organization\",\"name\":\"mk solution\",\"url\":\"https:\/\/www.mksolutions.com\/en\/\",\"logo\":{\"@type\":\"ImageObject\",\"inLanguage\":\"dk-DK\",\"@id\":\"https:\/\/www.mksolutions.com\/en\/#\/schema\/logo\/image\/\",\"url\":\"https:\/\/www.mksolutions.com\/wp-content\/uploads\/2017\/05\/cropped-mk_solutions_website_icon.png\",\"contentUrl\":\"https:\/\/www.mksolutions.com\/wp-content\/uploads\/2017\/05\/cropped-mk_solutions_website_icon.png\",\"width\":512,\"height\":512,\"caption\":\"mk solution\"},\"image\":{\"@id\":\"https:\/\/www.mksolutions.com\/en\/#\/schema\/logo\/image\/\"}}]}<\/script>\n<!-- \/ Yoast SEO plugin. -->","yoast_head_json":{"title":"Kontakt VNM - mk Solutions","description":"Kontakt VNM","robots":{"index":"index","follow":"follow","max-snippet":"max-snippet:-1","max-image-preview":"max-image-preview:large","max-video-preview":"max-video-preview:-1"},"canonical":"https:\/\/www.mksolutions.com\/en\/contact\/vnm\/","og_locale":"en_US","og_type":"article","og_title":"Kontakt VNM - mk Solutions","og_description":"Kontakt VNM","og_url":"https:\/\/www.mksolutions.com\/en\/contact\/vnm\/","og_site_name":"mk Solutions","article_modified_time":"2022-10-13T14:54:30+00:00","twitter_card":"summary_large_image","twitter_misc":{"Est. reading time":"1 minute"},"schema":{"@context":"https:\/\/schema.org","@graph":[{"@type":"WebPage","@id":"https:\/\/www.mksolutions.com\/en\/contact\/vnm\/","url":"https:\/\/www.mksolutions.com\/en\/contact\/vnm\/","name":"Kontakt VNM - mk Solutions","isPartOf":{"@id":"https:\/\/www.mksolutions.com\/en\/#website"},"datePublished":"2017-06-10T15:26:34+00:00","dateModified":"2022-10-13T14:54:30+00:00","description":"Kontakt VNM","breadcrumb":{"@id":"https:\/\/www.mksolutions.com\/en\/contact\/vnm\/#breadcrumb"},"inLanguage":"dk-DK","potentialAction":[{"@type":"ReadAction","target":["https:\/\/www.mksolutions.com\/en\/contact\/vnm\/"]}]},{"@type":"BreadcrumbList","@id":"https:\/\/www.mksolutions.com\/en\/contact\/vnm\/#breadcrumb","itemListElement":[{"@type":"ListItem","position":1,"name":"Home","item":"https:\/\/www.mksolutions.com\/en\/"},{"@type":"ListItem","position":2,"name":"Contact","item":"https:\/\/www.mksolutions.com\/en\/contact\/"},{"@type":"ListItem","position":3,"name":"Contact VNM"}]},{"@type":"WebSite","@id":"https:\/\/www.mksolutions.com\/en\/#website","url":"https:\/\/www.mksolutions.com\/en\/","name":"mk Solutions","description":"TagVision","publisher":{"@id":"https:\/\/www.mksolutions.com\/en\/#organization"},"potentialAction":[{"@type":"SearchAction","target":{"@type":"EntryPoint","urlTemplate":"https:\/\/www.mksolutions.com\/en\/?s={search_term_string}"},"query-input":"required name=search_term_string"}],"inLanguage":"dk-DK"},{"@type":"Organization","@id":"https:\/\/www.mksolutions.com\/en\/#organization","name":"mk solution","url":"https:\/\/www.mksolutions.com\/en\/","logo":{"@type":"ImageObject","inLanguage":"dk-DK","@id":"https:\/\/www.mksolutions.com\/en\/#\/schema\/logo\/image\/","url":"https:\/\/www.mksolutions.com\/wp-content\/uploads\/2017\/05\/cropped-mk_solutions_website_icon.png","contentUrl":"https:\/\/www.mksolutions.com\/wp-content\/uploads\/2017\/05\/cropped-mk_solutions_website_icon.png","width":512,"height":512,"caption":"mk solution"},"image":{"@id":"https:\/\/www.mksolutions.com\/en\/#\/schema\/logo\/image\/"}}]}},"_links":{"self":[{"href":"https:\/\/www.mksolutions.com\/da\/wp-json\/wp\/v2\/pages\/58872"}],"collection":[{"href":"https:\/\/www.mksolutions.com\/da\/wp-json\/wp\/v2\/pages"}],"about":[{"href":"https:\/\/www.mksolutions.com\/da\/wp-json\/wp\/v2\/types\/page"}],"author":[{"embeddable":true,"href":"https:\/\/www.mksolutions.com\/da\/wp-json\/wp\/v2\/users\/1"}],"replies":[{"embeddable":true,"href":"https:\/\/www.mksolutions.com\/da\/wp-json\/wp\/v2\/comments?post=58872"}],"version-history":[{"count":9,"href":"https:\/\/www.mksolutions.com\/da\/wp-json\/wp\/v2\/pages\/58872\/revisions"}],"predecessor-version":[{"id":63350,"href":"https:\/\/www.mksolutions.com\/da\/wp-json\/wp\/v2\/pages\/58872\/revisions\/63350"}],"up":[{"embeddable":true,"href":"https:\/\/www.mksolutions.com\/da\/wp-json\/wp\/v2\/pages\/58781"}],"wp:attachment":[{"href":"https:\/\/www.mksolutions.com\/da\/wp-json\/wp\/v2\/media?parent=58872"}],"curies":[{"name":"wp","href":"https:\/\/api.w.org\/{rel}","templated":true}]}}