{"id":58104,"date":"2017-06-04T18:11:04","date_gmt":"2017-06-04T18:11:04","guid":{"rendered":"https:\/\/mk-solutions.com\/?page_id=58104\/"},"modified":"2024-10-18T11:06:18","modified_gmt":"2024-10-18T09:06:18","slug":"rfid-tags-2","status":"publish","type":"page","link":"https:\/\/www.mksolutions.com\/da\/rfid-tags\/","title":{"rendered":"RFID Tags"},"content":{"rendered":"<p>[vc_row row_height_percent=&#8221;0&#8243; override_padding=&#8221;yes&#8221; h_padding=&#8221;2&#8243; top_padding=&#8221;3&#8243; bottom_padding=&#8221;0&#8243; back_color=&#8221;color-lxmt&#8221; overlay_alpha=&#8221;50&#8243; gutter_size=&#8221;3&#8243; shift_y=&#8221;0&#8243; row_name=&#8221;RFID Tags&#8221;][vc_column width=&#8221;1\/1&#8243;][\/vc_column][\/vc_row][vc_row row_height_percent=&#8221;0&#8243; override_padding=&#8221;yes&#8221; h_padding=&#8221;2&#8243; top_padding=&#8221;0&#8243; bottom_padding=&#8221;0&#8243; back_color=&#8221;color-lxmt&#8221; overlay_alpha=&#8221;50&#8243; gutter_size=&#8221;3&#8243; shift_y=&#8221;0&#8243;][vc_column width=&#8221;1\/1&#8243;][vc_raw_html]JTNDZGl2JTIwY2xhc3MlM0QlMjJtb2JpbGUtbWVudS10b2dnbGUlMjIlM0VDaG9vc2UlMjBhJTIwcHJvZHVjdCUzQ2klMjBjbGFzcyUzRCUyMmZhJTIwZmEtYW5nbGUtZG93biUyMiUyMGFyaWEtaGlkZGVuJTNEJTIydHJ1ZSUyMiUzRSUzQyUyRmklM0UlM0MlMkZkaXYlM0U=[\/vc_raw_html][\/vc_column][\/vc_row][vc_row row_height_percent=&#8221;0&#8243; override_padding=&#8221;yes&#8221; h_padding=&#8221;2&#8243; top_padding=&#8221;0&#8243; bottom_padding=&#8221;0&#8243; back_color=&#8221;color-lxmt&#8221; overlay_alpha=&#8221;50&#8243; gutter_size=&#8221;3&#8243; shift_y=&#8221;0&#8243; el_class=&#8221;product-subnav&#8221;][vc_column width=&#8221;1\/1&#8243;][vc_column_text el_class=&#8221;subnav_product&#8221; uncode_shortcode_id=&#8221;932137&#8243;]<\/p>\n<ul>\n<li><a class=\"active\" href=\"\/da\/rfid-tags\/\">RFID tags<\/a><\/li>\n<li><a href=\"\/da\/inventory-solutions\/\">Lagerl\u00f8sninger<\/a><\/li>\n<li><a href=\"\/da\/staffstation\/\">StaffStation<\/a><\/li>\n<\/ul>\n<p>[\/vc_column_text][\/vc_column][\/vc_row][vc_row row_height_percent=&#8221;0&#8243; override_padding=&#8221;yes&#8221; h_padding=&#8221;2&#8243; top_padding=&#8221;3&#8243; bottom_padding=&#8221;0&#8243; back_color=&#8221;color-lxmt&#8221; overlay_alpha=&#8221;100&#8243; gutter_size=&#8221;100&#8243; shift_y=&#8221;0&#8243; style=&#8221;dark&#8221;][vc_column column_width_use_pixel=&#8221;yes&#8221; align_horizontal=&#8221;align_center&#8221; gutter_size=&#8221;3&#8243; overlay_alpha=&#8221;100&#8243; shift_x=&#8221;0&#8243; shift_y=&#8221;0&#8243; medium_width=&#8221;0&#8243; zoom_width=&#8221;0&#8243; zoom_height=&#8221;0&#8243; width=&#8221;1\/1&#8243; column_width_pixel=&#8221;800&#8243;][vc_custom_heading text_size=&#8221;&#8221; text_weight=&#8221;500&#8243; text_transform=&#8221;uppercase&#8221; separator=&#8221;yes&#8221; sub_lead=&#8221;yes&#8221; sub_reduced=&#8221;yes&#8221; uncode_shortcode_id=&#8221;108166&#8243;]RFID-bog og AV-tags[\/vc_custom_heading][\/vc_column][\/vc_row][vc_row row_height_percent=&#8221;0&#8243; override_padding=&#8221;yes&#8221; h_padding=&#8221;2&#8243; top_padding=&#8221;4&#8243; bottom_padding=&#8221;4&#8243; back_color=&#8221;color-lxmt&#8221; overlay_alpha=&#8221;50&#8243; gutter_size=&#8221;3&#8243; shift_y=&#8221;0&#8243;][vc_column column_width_percent=&#8221;100&#8243; position_vertical=&#8221;middle&#8221; gutter_size=&#8221;3&#8243; override_padding=&#8221;yes&#8221; column_padding=&#8221;2&#8243; overlay_alpha=&#8221;50&#8243; shift_x=&#8221;0&#8243; shift_y=&#8221;0&#8243; medium_width=&#8221;4&#8243; zoom_width=&#8221;0&#8243; zoom_height=&#8221;0&#8243; width=&#8221;1\/2&#8243;][vc_single_image media=&#8221;59749&#8243; media_width_use_pixel=&#8221;yes&#8221; alignment=&#8221;center&#8221; image=&#8221;2286&#8243; border_color=&#8221;grey&#8221; img_link_target=&#8221;_self&#8221; img_size=&#8221;full&#8221; media_width_pixel=&#8221;350&#8243;][\/vc_column][vc_column column_width_percent=&#8221;100&#8243; position_vertical=&#8221;middle&#8221; gutter_size=&#8221;3&#8243; overlay_alpha=&#8221;50&#8243; shift_x=&#8221;0&#8243; shift_y=&#8221;0&#8243; medium_width=&#8221;4&#8243; zoom_width=&#8221;0&#8243; zoom_height=&#8221;0&#8243; width=&#8221;1\/2&#8243;][vc_icon position=&#8221;left&#8221; icon=&#8221;fa fa-lock2&#8243; size=&#8221;fa-3x&#8221; text_weight=&#8221;300&#8243; align=&#8221;left&#8221; title=&#8221;Sikker identifikation&#8221; uncode_shortcode_id=&#8221;142674&#8243;]Nye Slix -tags har et st\u00f8rre l\u00e6seomr\u00e5de p\u00e5&gt; 20% og markant \u00f8get stablingsevne og detektion ved sikkerhedsgatene[\/vc_icon][vc_separator sep_color=&#8221;,Default&#8221;][vc_icon position=&#8221;left&#8221; icon=&#8221;fa fa-pricetags&#8221; size=&#8221;fa-3x&#8221; text_weight=&#8221;300&#8243; align=&#8221;left&#8221; title=&#8221;Formater&#8221; uncode_shortcode_id=&#8221;159711&#8243;]Tags er tilg\u00e6ngelige i flere formater til forskellige medietyper (b\u00f8ger \/ CD \/ DVD \/ video \/ spil)[\/vc_icon][vc_separator sep_color=&#8221;,Default&#8221;][vc_icon position=&#8221;left&#8221; icon=&#8221;fa fa-tools-2&#8243; size=&#8221;fa-3x&#8221; text_weight=&#8221;300&#8243; align=&#8221;left&#8221; title=&#8221;Tilpasning&#8221; uncode_shortcode_id=&#8221;142735&#8243;]Tags med tryk: farvet tekst og logo, stregkode og\/eller forprogrammerede kombinationer[\/vc_icon][\/vc_column][\/vc_row][vc_row row_height_percent=&#8221;0&#8243; override_padding=&#8221;yes&#8221; h_padding=&#8221;2&#8243; top_padding=&#8221;3&#8243; bottom_padding=&#8221;2&#8243; overlay_alpha=&#8221;50&#8243; equal_height=&#8221;yes&#8221; gutter_size=&#8221;3&#8243; shift_y=&#8221;0&#8243; row_name=&#8221;Produktdetails&#8221;][vc_column width=&#8221;1\/2&#8243;][vc_custom_heading text_weight=&#8221;300&#8243; uncode_shortcode_id=&#8221;127994&#8243;]Produktoplysninger[\/vc_custom_heading][vc_column_text uncode_shortcode_id=&#8221;132145&#8243;]mk Solutions leverer RFID-tags til n\u00e6sten alle bibliotekmaterialer. Uanset om du tagger trykte materialer eller medier s\u00e5som Blu-ray, CD, DVD&#8217;er osv., tilbyder mk tag der er ideel til mediet. Alle mk RFID-tags overholder ISO 15693 og ISO 18000-3 Mode 1-standarder. mk-tags er hermetisk forseglet for at forhindre korrosion af transponderspole og forsynet med et kl\u00e6bemiddel der er aldersresistent, uden syre og opl\u00f8sningsmiddel og kan modst\u00e5r b\u00f8jning.[\/vc_column_text][\/vc_column][vc_column column_width_percent=&#8221;100&#8243; position_vertical=&#8221;bottom&#8221; align_horizontal=&#8221;align_right&#8221; gutter_size=&#8221;3&#8243; overlay_alpha=&#8221;50&#8243; shift_x=&#8221;0&#8243; shift_y=&#8221;0&#8243; z_index=&#8221;0&#8243; medium_width=&#8221;0&#8243; mobile_width=&#8221;0&#8243; width=&#8221;1\/2&#8243; el_class=&#8221;btn-mob-left&#8221;][vc_button button_color=&#8221;accent&#8221; radius=&#8221;btn-circle&#8221; border_width=&#8221;0&#8243; link=&#8221;url:https%3A%2F%2Fwww.mksolutions.com%2Fda%2Fdownloads%2F&#8221; button_color_type=&#8221;uncode-palette&#8221; uncode_shortcode_id=&#8221;204031&#8243;]Brochurer og datablade[\/vc_button][vc_button button_color=&#8221;accent&#8221; radius=&#8221;btn-circle&#8221; border_width=&#8221;0&#8243; link=&#8221;url:https%3A%2F%2Fwww.mksolutions.com%2Fda%2Fkontakt%2F&#8221; button_color_type=&#8221;uncode-palette&#8221; uncode_shortcode_id=&#8221;231256&#8243;]Send en foresp\u00f8rgsel[\/vc_button][vc_button button_color=&#8221;accent&#8221; radius=&#8221;btn-circle&#8221; border_width=&#8221;0&#8243; link=&#8221;url:https%3A%2F%2Fwww.mksolutions.com%2Fda%2Fmksneezeguard%2F&#8221; button_color_type=&#8221;uncode-palette&#8221; uncode_shortcode_id=&#8221;187248&#8243;]Se i webbutikken[\/vc_button][\/vc_column][\/vc_row][vc_row][vc_column width=&#8221;1\/1&#8243;][vc_separator sep_color=&#8221;,Default&#8221;][\/vc_column][\/vc_row][vc_row row_height_percent=&#8221;0&#8243; override_padding=&#8221;yes&#8221; h_padding=&#8221;2&#8243; top_padding=&#8221;0&#8243; bottom_padding=&#8221;0&#8243; overlay_alpha=&#8221;50&#8243; gutter_size=&#8221;3&#8243; shift_y=&#8221;0&#8243;][vc_column column_width_percent=&#8221;100&#8243; gutter_size=&#8221;3&#8243; override_padding=&#8221;yes&#8221; column_padding=&#8221;0&#8243; overlay_alpha=&#8221;50&#8243; shift_x=&#8221;0&#8243; shift_y=&#8221;0&#8243; z_index=&#8221;0&#8243; medium_width=&#8221;4&#8243; mobile_width=&#8221;0&#8243; zoom_width=&#8221;0&#8243; zoom_height=&#8221;0&#8243; width=&#8221;1\/4&#8243;][vc_custom_heading heading_semantic=&#8221;h3&#8243; text_size=&#8221;h3&#8243; text_weight=&#8221;300&#8243; uncode_shortcode_id=&#8221;410382&#8243;]Fordele[\/vc_custom_heading][\/vc_column][vc_column column_width_percent=&#8221;100&#8243; position_vertical=&#8221;middle&#8221; gutter_size=&#8221;3&#8243; overlay_alpha=&#8221;50&#8243; shift_x=&#8221;0&#8243; shift_y=&#8221;0&#8243; medium_width=&#8221;4&#8243; zoom_width=&#8221;0&#8243; zoom_height=&#8221;0&#8243; width=&#8221;3\/4&#8243;][vc_column_text uncode_shortcode_id=&#8221;923334&#8243;]<\/p>\n<ul>\n<li>Flere tilg\u00e6ngelige formater &#8211; til b\u00f8ger, DVD&#8217;er, CD&#8217;er osv.<\/li>\n<li>Materiale identifikation og sikkerhed i en tag<\/li>\n<li>Aldersbestandig, syrefri, opl\u00f8sningsmiddelfrit kl\u00e6bemiddel<\/li>\n<li>F\u00e5s i flere formater til alle typer biblioteksmateriale (firkantet, rektangul\u00e6rt, rund)<\/li>\n<li>Ubegr\u00e6nset l\u00e6sning og skrivning til taggen<\/li>\n<li>Forfalskningssikker p\u00e5 grund af unikt internt ID-nummer<\/li>\n<li>Integreret modtagerantenne og passiv chip<\/li>\n<li>Hermetisk forseglet for at forhindre korrosion af transponderspolen<\/li>\n<li>H\u00f8jere identifikationsn\u00f8jagtighed uden at v\u00e6re synlig<\/li>\n<\/ul>\n<p>[\/vc_column_text][\/vc_column][\/vc_row][vc_row][vc_column width=&#8221;1\/1&#8243;][vc_separator sep_color=&#8221;,Default&#8221;][\/vc_column][\/vc_row][vc_row row_height_percent=&#8221;0&#8243; override_padding=&#8221;yes&#8221; h_padding=&#8221;2&#8243; top_padding=&#8221;0&#8243; bottom_padding=&#8221;0&#8243; overlay_alpha=&#8221;50&#8243; gutter_size=&#8221;3&#8243; shift_y=&#8221;0&#8243;][vc_column column_width_percent=&#8221;100&#8243; gutter_size=&#8221;3&#8243; override_padding=&#8221;yes&#8221; column_padding=&#8221;0&#8243; overlay_alpha=&#8221;50&#8243; shift_x=&#8221;0&#8243; shift_y=&#8221;0&#8243; z_index=&#8221;0&#8243; medium_width=&#8221;4&#8243; mobile_width=&#8221;0&#8243; zoom_width=&#8221;0&#8243; zoom_height=&#8221;0&#8243; width=&#8221;1\/4&#8243;][vc_custom_heading heading_semantic=&#8221;h3&#8243; text_size=&#8221;h3&#8243; text_weight=&#8221;300&#8243; uncode_shortcode_id=&#8221;129109&#8243;]Detaljer[\/vc_custom_heading][\/vc_column][vc_column column_width_percent=&#8221;100&#8243; position_vertical=&#8221;middle&#8221; gutter_size=&#8221;3&#8243; overlay_alpha=&#8221;50&#8243; shift_x=&#8221;0&#8243; shift_y=&#8221;0&#8243; medium_width=&#8221;4&#8243; zoom_width=&#8221;0&#8243; zoom_height=&#8221;0&#8243; width=&#8221;3\/4&#8243;][vc_column_text uncode_shortcode_id=&#8221;136551&#8243;]<strong>Tekniske detaljer<\/strong><\/p>\n<ul>\n<li>Frekvens 13,56 MHz<\/li>\n<li>Flere datamodeller til r\u00e5dighed for at opfylde landets standard<\/li>\n<li>Valgmuligheder for at l\u00e5se hukommelsen permanent eller via adgangskode<\/li>\n<li>Overholder ISO 15693 \/ 18000-3 Mode 1<\/li>\n<\/ul>\n<p>[\/vc_column_text][\/vc_column][\/vc_row][vc_row][vc_column width=&#8221;1\/1&#8243;][vc_separator sep_color=&#8221;,Default&#8221;][\/vc_column][\/vc_row][vc_row row_height_percent=&#8221;0&#8243; override_padding=&#8221;yes&#8221; h_padding=&#8221;2&#8243; top_padding=&#8221;0&#8243; bottom_padding=&#8221;0&#8243; overlay_alpha=&#8221;50&#8243; gutter_size=&#8221;3&#8243; shift_y=&#8221;0&#8243;][vc_column column_width_percent=&#8221;100&#8243; gutter_size=&#8221;3&#8243; override_padding=&#8221;yes&#8221; column_padding=&#8221;0&#8243; overlay_alpha=&#8221;50&#8243; shift_x=&#8221;0&#8243; shift_y=&#8221;0&#8243; z_index=&#8221;0&#8243; medium_width=&#8221;4&#8243; mobile_width=&#8221;0&#8243; zoom_width=&#8221;0&#8243; zoom_height=&#8221;0&#8243; width=&#8221;1\/4&#8243;][vc_custom_heading heading_semantic=&#8221;h3&#8243; text_size=&#8221;h3&#8243; text_weight=&#8221;300&#8243; uncode_shortcode_id=&#8221;142878&#8243;]Valgfri[\/vc_custom_heading][\/vc_column][vc_column column_width_percent=&#8221;100&#8243; position_vertical=&#8221;middle&#8221; gutter_size=&#8221;3&#8243; overlay_alpha=&#8221;50&#8243; shift_x=&#8221;0&#8243; shift_y=&#8221;0&#8243; medium_width=&#8221;4&#8243; zoom_width=&#8221;0&#8243; zoom_height=&#8221;0&#8243; width=&#8221;3\/4&#8243;][vc_column_text uncode_shortcode_id=&#8221;146885&#8243;]Brugerdefineret enkel- eller flerfarvet tekst eller stregkode tryk[\/vc_column_text][\/vc_column][\/vc_row][vc_row][vc_column width=&#8221;1\/1&#8243;][vc_separator sep_color=&#8221;,Default&#8221;][\/vc_column][\/vc_row][vc_row row_height_percent=&#8221;0&#8243; override_padding=&#8221;yes&#8221; h_padding=&#8221;2&#8243; top_padding=&#8221;0&#8243; bottom_padding=&#8221;3&#8243; overlay_alpha=&#8221;50&#8243; gutter_size=&#8221;3&#8243; shift_y=&#8221;0&#8243;][vc_column column_width_percent=&#8221;100&#8243; gutter_size=&#8221;3&#8243; override_padding=&#8221;yes&#8221; column_padding=&#8221;0&#8243; overlay_alpha=&#8221;50&#8243; shift_x=&#8221;0&#8243; shift_y=&#8221;0&#8243; z_index=&#8221;0&#8243; medium_width=&#8221;4&#8243; mobile_width=&#8221;0&#8243; zoom_width=&#8221;0&#8243; zoom_height=&#8221;0&#8243; width=&#8221;1\/4&#8243;][vc_custom_heading heading_semantic=&#8221;h3&#8243; text_size=&#8221;h3&#8243; text_weight=&#8221;300&#8243; uncode_shortcode_id=&#8221;208306&#8243;]Produktbilleder[\/vc_custom_heading][\/vc_column][vc_column column_width_percent=&#8221;100&#8243; position_vertical=&#8221;middle&#8221; gutter_size=&#8221;3&#8243; overlay_alpha=&#8221;50&#8243; shift_x=&#8221;0&#8243; shift_y=&#8221;0&#8243; medium_width=&#8221;4&#8243; zoom_width=&#8221;0&#8243; zoom_height=&#8221;0&#8243; width=&#8221;3\/4&#8243;][vc_gallery el_id=&#8221;gallery-174405&#8243; type=&#8221;carousel&#8221; medias=&#8221;62512,62513,62514&#8243; carousel_lg=&#8221;2&#8243; carousel_md=&#8221;2&#8243; carousel_sm=&#8221;1&#8243; thumb_size=&#8221;one-one&#8221; gutter_size=&#8221;2&#8243; carousel_interval=&#8221;5000&#8243; carousel_navspeed=&#8221;400&#8243; carousel_nav=&#8221;yes&#8221; carousel_dots=&#8221;yes&#8221; carousel_dots_mobile=&#8221;yes&#8221; stage_padding=&#8221;0&#8243; single_overlay_opacity=&#8221;50&#8243; single_h_align=&#8221;center&#8221; single_padding=&#8221;2&#8243; single_icon=&#8221;fa fa-search3&#8243;][\/vc_column][\/vc_row]<\/p>\n<p><\/p>","protected":false},"excerpt":{"rendered":"<p>[vc_row row_height_percent=&#8221;0&#8243; override_padding=&#8221;yes&#8221; h_padding=&#8221;2&#8243; top_padding=&#8221;3&#8243; bottom_padding=&#8221;0&#8243; back_color=&#8221;color-lxmt&#8221; overlay_alpha=&#8221;50&#8243; gutter_size=&#8221;3&#8243; shift_y=&#8221;0&#8243; row_name=&#8221;RFID Tags&#8221;][vc_column width=&#8221;1\/1&#8243;][\/vc_column][\/vc_row][vc_row row_height_percent=&#8221;0&#8243; override_padding=&#8221;yes&#8221; h_padding=&#8221;2&#8243; top_padding=&#8221;0&#8243; bottom_padding=&#8221;0&#8243; back_color=&#8221;color-lxmt&#8221; overlay_alpha=&#8221;50&#8243; [&hellip;]<\/p>\n","protected":false},"author":1,"featured_media":59749,"parent":0,"menu_order":0,"comment_status":"closed","ping_status":"closed","template":"","meta":{"_bbp_topic_count":0,"_bbp_reply_count":0,"_bbp_total_topic_count":0,"_bbp_total_reply_count":0,"_bbp_voice_count":0,"_bbp_anonymous_reply_count":0,"_bbp_topic_count_hidden":0,"_bbp_reply_count_hidden":0,"_bbp_forum_subforum_count":0},"yoast_head":"<!-- This site is optimized with the Yoast SEO plugin v19.10 - https:\/\/yoast.com\/wordpress\/plugins\/seo\/ -->\n<title>RFID Tags - mk Solutions<\/title>\n<meta name=\"description\" content=\"RFID Tags\" \/>\n<meta name=\"robots\" content=\"index, follow, max-snippet:-1, max-image-preview:large, max-video-preview:-1\" \/>\n<link rel=\"canonical\" href=\"https:\/\/www.mksolutions.com\/en\/rfid-tags\/\" \/>\n<meta property=\"og:locale\" content=\"en_US\" \/>\n<meta property=\"og:type\" content=\"article\" \/>\n<meta property=\"og:title\" content=\"RFID Tags - mk Solutions\" \/>\n<meta property=\"og:description\" content=\"RFID Tags\" \/>\n<meta property=\"og:url\" content=\"https:\/\/www.mksolutions.com\/en\/rfid-tags\/\" \/>\n<meta property=\"og:site_name\" content=\"mk Solutions\" \/>\n<meta property=\"article:modified_time\" content=\"2024-10-18T09:06:18+00:00\" \/>\n<meta name=\"twitter:card\" content=\"summary_large_image\" \/>\n<meta name=\"twitter:label1\" content=\"Est. reading time\" \/>\n\t<meta name=\"twitter:data1\" content=\"2 minutes\" \/>\n<script type=\"application\/ld+json\" class=\"yoast-schema-graph\">{\"@context\":\"https:\/\/schema.org\",\"@graph\":[{\"@type\":\"WebPage\",\"@id\":\"https:\/\/www.mksolutions.com\/en\/rfid-tags\/\",\"url\":\"https:\/\/www.mksolutions.com\/en\/rfid-tags\/\",\"name\":\"RFID Tags - mk Solutions\",\"isPartOf\":{\"@id\":\"https:\/\/www.mksolutions.com\/en\/#website\"},\"datePublished\":\"2017-06-04T18:11:04+00:00\",\"dateModified\":\"2024-10-18T09:06:18+00:00\",\"description\":\"RFID Tags\",\"breadcrumb\":{\"@id\":\"https:\/\/www.mksolutions.com\/en\/rfid-tags\/#breadcrumb\"},\"inLanguage\":\"dk-DK\",\"potentialAction\":[{\"@type\":\"ReadAction\",\"target\":[\"https:\/\/www.mksolutions.com\/en\/rfid-tags\/\"]}]},{\"@type\":\"BreadcrumbList\",\"@id\":\"https:\/\/www.mksolutions.com\/en\/rfid-tags\/#breadcrumb\",\"itemListElement\":[{\"@type\":\"ListItem\",\"position\":1,\"name\":\"Home\",\"item\":\"https:\/\/www.mksolutions.com\/en\/\"},{\"@type\":\"ListItem\",\"position\":2,\"name\":\"RFID Tags\"}]},{\"@type\":\"WebSite\",\"@id\":\"https:\/\/www.mksolutions.com\/en\/#website\",\"url\":\"https:\/\/www.mksolutions.com\/en\/\",\"name\":\"mk Solutions\",\"description\":\"TagVision\",\"publisher\":{\"@id\":\"https:\/\/www.mksolutions.com\/en\/#organization\"},\"potentialAction\":[{\"@type\":\"SearchAction\",\"target\":{\"@type\":\"EntryPoint\",\"urlTemplate\":\"https:\/\/www.mksolutions.com\/en\/?s={search_term_string}\"},\"query-input\":\"required name=search_term_string\"}],\"inLanguage\":\"dk-DK\"},{\"@type\":\"Organization\",\"@id\":\"https:\/\/www.mksolutions.com\/en\/#organization\",\"name\":\"mk solution\",\"url\":\"https:\/\/www.mksolutions.com\/en\/\",\"logo\":{\"@type\":\"ImageObject\",\"inLanguage\":\"dk-DK\",\"@id\":\"https:\/\/www.mksolutions.com\/en\/#\/schema\/logo\/image\/\",\"url\":\"https:\/\/www.mksolutions.com\/wp-content\/uploads\/2017\/05\/cropped-mk_solutions_website_icon.png\",\"contentUrl\":\"https:\/\/www.mksolutions.com\/wp-content\/uploads\/2017\/05\/cropped-mk_solutions_website_icon.png\",\"width\":512,\"height\":512,\"caption\":\"mk solution\"},\"image\":{\"@id\":\"https:\/\/www.mksolutions.com\/en\/#\/schema\/logo\/image\/\"}}]}<\/script>\n<!-- \/ Yoast SEO plugin. -->","yoast_head_json":{"title":"RFID Tags - mk Solutions","description":"RFID Tags","robots":{"index":"index","follow":"follow","max-snippet":"max-snippet:-1","max-image-preview":"max-image-preview:large","max-video-preview":"max-video-preview:-1"},"canonical":"https:\/\/www.mksolutions.com\/en\/rfid-tags\/","og_locale":"en_US","og_type":"article","og_title":"RFID Tags - mk Solutions","og_description":"RFID Tags","og_url":"https:\/\/www.mksolutions.com\/en\/rfid-tags\/","og_site_name":"mk Solutions","article_modified_time":"2024-10-18T09:06:18+00:00","twitter_card":"summary_large_image","twitter_misc":{"Est. reading time":"2 minutes"},"schema":{"@context":"https:\/\/schema.org","@graph":[{"@type":"WebPage","@id":"https:\/\/www.mksolutions.com\/en\/rfid-tags\/","url":"https:\/\/www.mksolutions.com\/en\/rfid-tags\/","name":"RFID Tags - mk Solutions","isPartOf":{"@id":"https:\/\/www.mksolutions.com\/en\/#website"},"datePublished":"2017-06-04T18:11:04+00:00","dateModified":"2024-10-18T09:06:18+00:00","description":"RFID Tags","breadcrumb":{"@id":"https:\/\/www.mksolutions.com\/en\/rfid-tags\/#breadcrumb"},"inLanguage":"dk-DK","potentialAction":[{"@type":"ReadAction","target":["https:\/\/www.mksolutions.com\/en\/rfid-tags\/"]}]},{"@type":"BreadcrumbList","@id":"https:\/\/www.mksolutions.com\/en\/rfid-tags\/#breadcrumb","itemListElement":[{"@type":"ListItem","position":1,"name":"Home","item":"https:\/\/www.mksolutions.com\/en\/"},{"@type":"ListItem","position":2,"name":"RFID Tags"}]},{"@type":"WebSite","@id":"https:\/\/www.mksolutions.com\/en\/#website","url":"https:\/\/www.mksolutions.com\/en\/","name":"mk Solutions","description":"TagVision","publisher":{"@id":"https:\/\/www.mksolutions.com\/en\/#organization"},"potentialAction":[{"@type":"SearchAction","target":{"@type":"EntryPoint","urlTemplate":"https:\/\/www.mksolutions.com\/en\/?s={search_term_string}"},"query-input":"required name=search_term_string"}],"inLanguage":"dk-DK"},{"@type":"Organization","@id":"https:\/\/www.mksolutions.com\/en\/#organization","name":"mk solution","url":"https:\/\/www.mksolutions.com\/en\/","logo":{"@type":"ImageObject","inLanguage":"dk-DK","@id":"https:\/\/www.mksolutions.com\/en\/#\/schema\/logo\/image\/","url":"https:\/\/www.mksolutions.com\/wp-content\/uploads\/2017\/05\/cropped-mk_solutions_website_icon.png","contentUrl":"https:\/\/www.mksolutions.com\/wp-content\/uploads\/2017\/05\/cropped-mk_solutions_website_icon.png","width":512,"height":512,"caption":"mk solution"},"image":{"@id":"https:\/\/www.mksolutions.com\/en\/#\/schema\/logo\/image\/"}}]}},"_links":{"self":[{"href":"https:\/\/www.mksolutions.com\/da\/wp-json\/wp\/v2\/pages\/58104"}],"collection":[{"href":"https:\/\/www.mksolutions.com\/da\/wp-json\/wp\/v2\/pages"}],"about":[{"href":"https:\/\/www.mksolutions.com\/da\/wp-json\/wp\/v2\/types\/page"}],"author":[{"embeddable":true,"href":"https:\/\/www.mksolutions.com\/da\/wp-json\/wp\/v2\/users\/1"}],"replies":[{"embeddable":true,"href":"https:\/\/www.mksolutions.com\/da\/wp-json\/wp\/v2\/comments?post=58104"}],"version-history":[{"count":32,"href":"https:\/\/www.mksolutions.com\/da\/wp-json\/wp\/v2\/pages\/58104\/revisions"}],"predecessor-version":[{"id":63524,"href":"https:\/\/www.mksolutions.com\/da\/wp-json\/wp\/v2\/pages\/58104\/revisions\/63524"}],"wp:featuredmedia":[{"embeddable":true,"href":"https:\/\/www.mksolutions.com\/da\/wp-json\/wp\/v2\/media\/59749"}],"wp:attachment":[{"href":"https:\/\/www.mksolutions.com\/da\/wp-json\/wp\/v2\/media?parent=58104"}],"curies":[{"name":"wp","href":"https:\/\/api.w.org\/{rel}","templated":true}]}}